{"id":1511,"date":"2021-03-15T15:22:44","date_gmt":"2021-03-15T14:22:44","guid":{"rendered":"https:\/\/www.projuice-learning.com\/setores\/"},"modified":"2021-03-24T11:49:35","modified_gmt":"2021-03-24T10:49:35","slug":"setores","status":"publish","type":"page","link":"https:\/\/www.projuice-learning.com\/pt-pt\/setores\/","title":{"rendered":"Setores"},"content":{"rendered":"\n<h2 class=\"wp-block-heading\">Em todas as organiza\u00e7\u00f5es, a forma\u00e7\u00e3o \u00e9 uma parte importante do processo &#8220;onboarding&#8221; de incorpora\u00e7\u00e3o e integra\u00e7\u00e3o de novos colaboradores.<\/h2>\n\n\n\n<p>Tamb\u00e9m durante o desenvolvimento de carreira dos colaboradores, a aprendizagem continua a ser uma parte essencial do trabalho. A Projuice otimiza este aspeto tanto quanto poss\u00edvel.<\/p>\n\n\n\n<p>Nesta p\u00e1gina poder\u00e1 ler exemplos de profissionaliza\u00e7\u00e3o da forma\u00e7\u00e3o interna em 4 setores. <a href=\"https:\/\/www.projuice-learning.com\/pt-pt\/contact\/\">Contacte-nos<\/a> para saber o que podemos fazer no seu setor.<\/p>\n","protected":false},"excerpt":{"rendered":"<p>Em todas as organiza\u00e7\u00f5es, a forma\u00e7\u00e3o \u00e9 uma parte importante do processo &#8220;onboarding&#8221; de incorpora\u00e7\u00e3o e integra\u00e7\u00e3o de novos colaboradores. &hellip;<\/p>\n","protected":false},"author":1,"featured_media":1512,"parent":0,"menu_order":0,"comment_status":"closed","ping_status":"closed","template":"tl-industries.php","meta":{"footnotes":""},"acf":[],"yoast_head":"<!-- This site is optimized with the Yoast SEO plugin v21.6 - https:\/\/yoast.com\/wordpress\/plugins\/seo\/ -->\n<title>Setores - Projuice learning<\/title>\n<meta name=\"robots\" content=\"index, follow, max-snippet:-1, max-image-preview:large, max-video-preview:-1\" \/>\n<link rel=\"canonical\" href=\"https:\/\/www.projuice-learning.com\/pt-pt\/setores\/\" \/>\n<meta property=\"og:locale\" content=\"pt_PT\" \/>\n<meta property=\"og:type\" content=\"article\" \/>\n<meta property=\"og:title\" content=\"Setores - Projuice learning\" \/>\n<meta property=\"og:description\" content=\"Em todas as organiza\u00e7\u00f5es, a forma\u00e7\u00e3o \u00e9 uma parte importante do processo &#8220;onboarding&#8221; de incorpora\u00e7\u00e3o e integra\u00e7\u00e3o de novos colaboradores. &hellip;\" \/>\n<meta property=\"og:url\" content=\"https:\/\/www.projuice-learning.com\/pt-pt\/setores\/\" \/>\n<meta property=\"og:site_name\" content=\"Projuice learning\" \/>\n<meta property=\"article:modified_time\" content=\"2021-03-24T10:49:35+00:00\" \/>\n<meta property=\"og:image\" content=\"https:\/\/www.projuice-learning.com\/wp-content\/uploads\/2021\/01\/branches-hero-background.jpg\" \/>\n\t<meta property=\"og:image:width\" content=\"1920\" \/>\n\t<meta property=\"og:image:height\" content=\"379\" \/>\n\t<meta property=\"og:image:type\" content=\"image\/jpeg\" \/>\n<meta name=\"twitter:card\" content=\"summary_large_image\" \/>\n<meta name=\"twitter:label1\" content=\"Tempo estimado de leitura\" \/>\n\t<meta name=\"twitter:data1\" content=\"1 minuto\" \/>\n<script type=\"application\/ld+json\" class=\"yoast-schema-graph\">{\"@context\":\"https:\/\/schema.org\",\"@graph\":[{\"@type\":\"WebPage\",\"@id\":\"https:\/\/www.projuice-learning.com\/pt-pt\/setores\/\",\"url\":\"https:\/\/www.projuice-learning.com\/pt-pt\/setores\/\",\"name\":\"Setores - Projuice learning\",\"isPartOf\":{\"@id\":\"https:\/\/www.projuice-learning.com\/#website\"},\"datePublished\":\"2021-03-15T14:22:44+00:00\",\"dateModified\":\"2021-03-24T10:49:35+00:00\",\"breadcrumb\":{\"@id\":\"https:\/\/www.projuice-learning.com\/pt-pt\/setores\/#breadcrumb\"},\"inLanguage\":\"pt-PT\",\"potentialAction\":[{\"@type\":\"ReadAction\",\"target\":[\"https:\/\/www.projuice-learning.com\/pt-pt\/setores\/\"]}]},{\"@type\":\"BreadcrumbList\",\"@id\":\"https:\/\/www.projuice-learning.com\/pt-pt\/setores\/#breadcrumb\",\"itemListElement\":[{\"@type\":\"ListItem\",\"position\":1,\"name\":\"Home\",\"item\":\"https:\/\/www.projuice-learning.com\/pt-pt\/home-2\/\"},{\"@type\":\"ListItem\",\"position\":2,\"name\":\"Setores\"}]},{\"@type\":\"WebSite\",\"@id\":\"https:\/\/www.projuice-learning.com\/#website\",\"url\":\"https:\/\/www.projuice-learning.com\/\",\"name\":\"Projuice learning\",\"description\":\"\",\"potentialAction\":[{\"@type\":\"SearchAction\",\"target\":{\"@type\":\"EntryPoint\",\"urlTemplate\":\"https:\/\/www.projuice-learning.com\/?s={search_term_string}\"},\"query-input\":\"required name=search_term_string\"}],\"inLanguage\":\"pt-PT\"}]}<\/script>\n<!-- \/ Yoast SEO plugin. -->","yoast_head_json":{"title":"Setores - Projuice learning","robots":{"index":"index","follow":"follow","max-snippet":"max-snippet:-1","max-image-preview":"max-image-preview:large","max-video-preview":"max-video-preview:-1"},"canonical":"https:\/\/www.projuice-learning.com\/pt-pt\/setores\/","og_locale":"pt_PT","og_type":"article","og_title":"Setores - Projuice learning","og_description":"Em todas as organiza\u00e7\u00f5es, a forma\u00e7\u00e3o \u00e9 uma parte importante do processo &#8220;onboarding&#8221; de incorpora\u00e7\u00e3o e integra\u00e7\u00e3o de novos colaboradores. &hellip;","og_url":"https:\/\/www.projuice-learning.com\/pt-pt\/setores\/","og_site_name":"Projuice learning","article_modified_time":"2021-03-24T10:49:35+00:00","og_image":[{"width":1920,"height":379,"url":"https:\/\/www.projuice-learning.com\/wp-content\/uploads\/2021\/01\/branches-hero-background.jpg","type":"image\/jpeg"}],"twitter_card":"summary_large_image","twitter_misc":{"Tempo estimado de leitura":"1 minuto"},"schema":{"@context":"https:\/\/schema.org","@graph":[{"@type":"WebPage","@id":"https:\/\/www.projuice-learning.com\/pt-pt\/setores\/","url":"https:\/\/www.projuice-learning.com\/pt-pt\/setores\/","name":"Setores - Projuice learning","isPartOf":{"@id":"https:\/\/www.projuice-learning.com\/#website"},"datePublished":"2021-03-15T14:22:44+00:00","dateModified":"2021-03-24T10:49:35+00:00","breadcrumb":{"@id":"https:\/\/www.projuice-learning.com\/pt-pt\/setores\/#breadcrumb"},"inLanguage":"pt-PT","potentialAction":[{"@type":"ReadAction","target":["https:\/\/www.projuice-learning.com\/pt-pt\/setores\/"]}]},{"@type":"BreadcrumbList","@id":"https:\/\/www.projuice-learning.com\/pt-pt\/setores\/#breadcrumb","itemListElement":[{"@type":"ListItem","position":1,"name":"Home","item":"https:\/\/www.projuice-learning.com\/pt-pt\/home-2\/"},{"@type":"ListItem","position":2,"name":"Setores"}]},{"@type":"WebSite","@id":"https:\/\/www.projuice-learning.com\/#website","url":"https:\/\/www.projuice-learning.com\/","name":"Projuice learning","description":"","potentialAction":[{"@type":"SearchAction","target":{"@type":"EntryPoint","urlTemplate":"https:\/\/www.projuice-learning.com\/?s={search_term_string}"},"query-input":"required name=search_term_string"}],"inLanguage":"pt-PT"}]}},"_links":{"self":[{"href":"https:\/\/www.projuice-learning.com\/pt-pt\/wp-json\/wp\/v2\/pages\/1511"}],"collection":[{"href":"https:\/\/www.projuice-learning.com\/pt-pt\/wp-json\/wp\/v2\/pages"}],"about":[{"href":"https:\/\/www.projuice-learning.com\/pt-pt\/wp-json\/wp\/v2\/types\/page"}],"author":[{"embeddable":true,"href":"https:\/\/www.projuice-learning.com\/pt-pt\/wp-json\/wp\/v2\/users\/1"}],"replies":[{"embeddable":true,"href":"https:\/\/www.projuice-learning.com\/pt-pt\/wp-json\/wp\/v2\/comments?post=1511"}],"version-history":[{"count":4,"href":"https:\/\/www.projuice-learning.com\/pt-pt\/wp-json\/wp\/v2\/pages\/1511\/revisions"}],"predecessor-version":[{"id":1849,"href":"https:\/\/www.projuice-learning.com\/pt-pt\/wp-json\/wp\/v2\/pages\/1511\/revisions\/1849"}],"wp:featuredmedia":[{"embeddable":true,"href":"https:\/\/www.projuice-learning.com\/pt-pt\/wp-json\/wp\/v2\/media\/1512"}],"wp:attachment":[{"href":"https:\/\/www.projuice-learning.com\/pt-pt\/wp-json\/wp\/v2\/media?parent=1511"}],"curies":[{"name":"wp","href":"https:\/\/api.w.org\/{rel}","templated":true}]}}