{"id":1353,"date":"2021-03-12T22:58:40","date_gmt":"2021-03-12T21:58:40","guid":{"rendered":"https:\/\/www.projuice-learning.com\/sobre-nos\/"},"modified":"2021-03-12T22:58:41","modified_gmt":"2021-03-12T21:58:41","slug":"sobre-nos","status":"publish","type":"page","link":"https:\/\/www.projuice-learning.com\/pt-pt\/sobre-nos\/","title":{"rendered":"Sobre n\u00f3s"},"content":{"rendered":"\n<div class=\"wp-block-columns is-layout-flex wp-container-core-columns-layout-1 wp-block-columns-is-layout-flex\">\n<div class=\"wp-block-column is-layout-flow wp-block-column-is-layout-flow\" style=\"flex-basis:50%\">\n<h2 class=\"wp-block-heading\">A ideia da Projuice teve origem na ind\u00fastria alimentar<\/h2>\n\n\n\n<p>Tudo come\u00e7ou precisamente junto a um produtor de bebidas de fruta, da\u00ed o nome &#8220;Projuice&#8221;. Ali descobrimos o qu\u00e3o decisivo \u00e9 o desempenho dos colaboradores para a seguran\u00e7a no ambiente de trabalho e a qualidade e progresso da produ\u00e7\u00e3o, e como pode ser desafiante manter e melhorar ainda mais este desempenho de uma forma estruturada.<\/p>\n<\/div>\n\n\n\n<div class=\"wp-block-column col-image is-layout-flow wp-block-column-is-layout-flow\" style=\"flex-basis:50%\" id=\"col-image\">\n<figure class=\"wp-block-image size-large\"><img loading=\"lazy\" decoding=\"async\" width=\"1024\" height=\"680\" src=\"https:\/\/www.projuice-learning.com\/wp-content\/uploads\/2021\/01\/about-00.jpg\" alt=\"\" class=\"wp-image-931\" \/><\/figure><\/div>\n<\/div>\n\n<div class=\"wp-block-columns is-layout-flex wp-container-core-columns-layout-2 wp-block-columns-is-layout-flex\">\n<div class=\"wp-block-column is-layout-flow wp-block-column-is-layout-flow\">\n<figure class=\"wp-block-image size-large\"><img loading=\"lazy\" decoding=\"async\" width=\"1280\" height=\"853\" src=\"https:\/\/www.projuice-learning.com\/wp-content\/uploads\/2021\/01\/about-01.jpg\" alt=\"\" class=\"wp-image-884\" \/><\/figure><\/div>\n\n\n\n<div class=\"wp-block-column is-layout-flow wp-block-column-is-layout-flow\">\n<h3 class=\"wp-block-heading\">A solu\u00e7\u00e3o: um sistema de forma\u00e7\u00e3o inteligente<\/h3>\n\n\n\n<p>Em estreita coopera\u00e7\u00e3o com parceiros da ind\u00fastria e de outros setores desenvolvemos o sistema de forma\u00e7\u00e3o Projuice. Uma solu\u00e7\u00e3o inteligente que fornece automaticamente uma vis\u00e3o das compet\u00eancias necess\u00e1rias e atuais dos colaboradores para cada local de trabalho. Isso tamb\u00e9m determina imediatamente o que \u00e9 necess\u00e1rio para colmatar uma lacuna. O desenvolvimento futuro da pr\u00f3pria Projuice tamb\u00e9m tem a nossa aten\u00e7\u00e3o cont\u00ednua.<\/p>\n<\/div>\n<\/div>\n\n<div class=\"wp-block-columns is-layout-flex wp-container-core-columns-layout-3 wp-block-columns-is-layout-flex\">\n<div class=\"wp-block-column is-layout-flow wp-block-column-is-layout-flow\">\n<h3 class=\"wp-block-heading\">O que tamb\u00e9m torna a Projuice singular<\/h3>\n\n\n\n<ul><li>Aprendizagem e testes profissionais no local de trabalho<\/li><li>Com base nas normas de qualidade internas atuais<\/li><li>Os resultados est\u00e3o dispon\u00edveis em tempo real<\/li><li>As compet\u00eancias s\u00e3o continuamente atualizadas automaticamente, em todas as vistas das esta\u00e7\u00f5es de trabalho aplic\u00e1veis<\/li><\/ul><\/div>\n\n\n\n<div class=\"wp-block-column col-image is-layout-flow wp-block-column-is-layout-flow\">\n<figure class=\"wp-block-image size-large\"><img loading=\"lazy\" decoding=\"async\" width=\"1280\" height=\"819\" src=\"https:\/\/www.projuice-learning.com\/wp-content\/uploads\/2021\/01\/about-02.jpg\" alt=\"\" class=\"wp-image-886\" \/><\/figure><\/div>\n<\/div>\n\n<div class=\"wp-block-columns is-layout-flex wp-container-core-columns-layout-5 wp-block-columns-is-layout-flex\">\n<div class=\"wp-block-column is-layout-flow wp-block-column-is-layout-flow\">\n<figure class=\"wp-block-image size-large\"><img loading=\"lazy\" decoding=\"async\" width=\"1280\" height=\"960\" src=\"https:\/\/www.projuice-learning.com\/wp-content\/uploads\/2021\/01\/about-03.jpg\" alt=\"\" class=\"wp-image-888\" \/><\/figure><\/div>\n\n\n\n<div class=\"wp-block-column is-layout-flow wp-block-column-is-layout-flow\">\n<h3 class=\"wp-block-heading\">O que isso traz<\/h3>\n\n\n\n<p>Neste meio tempo a Projuice tornou-se um conceito para numerosas organiza\u00e7\u00f5es e os seus colaboradores. Eles j\u00e1 tiveram a experi\u00eancia de que a forma\u00e7\u00e3o profissional n\u00e3o tem de ser complicada. A Projuice foi implementada no prazo de tr\u00eas meses e os primeiros resultados s\u00e3o vis\u00edveis:<\/p>\n\n\n\n<ul><li>Uma organiza\u00e7\u00e3o que responde profissionalmente a todas as quest\u00f5es de forma\u00e7\u00e3o<\/li><li>Aumento da efici\u00eancia de todos os recursos utiliz\u00e1veis<\/li><li>Excelentes resultados em auditorias<\/li><\/ul>\n\n\n<div class=\"wp-block-columns is-layout-flex wp-container-core-columns-layout-4 wp-block-columns-is-layout-flex\">\n<div class=\"wp-block-column is-layout-flow wp-block-column-is-layout-flow\"><\/div>\n<\/div>\n<\/div>\n<\/div>\n\n<div class=\"wp-block-columns is-layout-flex wp-container-core-columns-layout-6 wp-block-columns-is-layout-flex\">\n<div class=\"wp-block-column is-layout-flow wp-block-column-is-layout-flow\">\n<h2 class=\"wp-block-heading\">O nosso m\u00e9todo de trabalho<\/h2>\n\n\n\n<p>O desenvolvimento constante do nosso software e servi\u00e7os de forma\u00e7\u00e3o tem a nossa aten\u00e7\u00e3o cont\u00ednua. Trabalhamos com base em cinco \u00e1reas de especializa\u00e7\u00e3o.<\/p>\n<\/div>\n\n\n\n<div class=\"wp-block-column is-layout-flow wp-block-column-is-layout-flow\"><\/div>\n<\/div>\n\n<div class=\"wp-block-columns is-layout-flex wp-container-core-columns-layout-7 wp-block-columns-is-layout-flex\">\n<div class=\"wp-block-column is-layout-flow wp-block-column-is-layout-flow\">\n<figure class=\"wp-block-image size-large\"><img loading=\"lazy\" decoding=\"async\" width=\"120\" height=\"120\" src=\"https:\/\/www.projuice-learning.com\/wp-content\/uploads\/2021\/01\/about-icon-1.jpg\" alt=\"\" class=\"wp-image-897\" \/><\/figure>\n\n\n<h4 class=\"wp-block-heading\">A sua pr\u00e1tica<\/h4>\n\n\n\n<p>Podemos ser breves acerca disto: ao desenvolvermos constantemente o sistema Projuice, ligamo-nos \u00e0s necessidades dos nossos clientes. A fim de descobrirmos quais s\u00e3o essas necessidades, conversamos muito com especialistas de conte\u00fado no local de trabalho.<\/p>\n<\/div>\n\n\n\n<div class=\"wp-block-column is-layout-flow wp-block-column-is-layout-flow\">\n<figure class=\"wp-block-image size-large\"><img loading=\"lazy\" decoding=\"async\" width=\"120\" height=\"120\" src=\"https:\/\/www.projuice-learning.com\/wp-content\/uploads\/2021\/01\/about-icon-2.jpg\" alt=\"\" class=\"wp-image-901\" \/><\/figure>\n\n\n<h4 class=\"wp-block-heading\">Pedagogia<\/h4>\n\n\n\n<p>Na Projuice Learning, n\u00f3s dispomos da experi\u00eancia educacional interna. Isto resulta em ferramentas de forma\u00e7\u00e3o muito eficazes, baseadas nos mais recentes conhecimentos educativos. Al\u00e9m disso, oferecemos apoio e orienta\u00e7\u00e3o adequados a fim de profissionalizar ainda mais a sua organiza\u00e7\u00e3o e cursos de forma\u00e7\u00e3o.<\/p>\n<\/div>\n\n\n\n<div class=\"wp-block-column is-layout-flow wp-block-column-is-layout-flow\">\n<figure class=\"wp-block-image size-large\"><img loading=\"lazy\" decoding=\"async\" width=\"120\" height=\"120\" src=\"https:\/\/www.projuice-learning.com\/wp-content\/uploads\/2021\/01\/about-icon-3.jpg\" alt=\"\" class=\"wp-image-903\" \/><\/figure>\n\n\n<h4 class=\"wp-block-heading\">Desenho da interface<\/h4>\n\n\n\n<p>Um sistema de forma\u00e7\u00e3o profissional requer uma experi\u00eancia de utilizador \u00f3tima. Gra\u00e7as aos nossos pr\u00f3prios designers de intera\u00e7\u00e3o, poder\u00e1 contar com o sistema mais f\u00e1cil de utilizar.<\/p>\n<\/div>\n<\/div>\n\n<div class=\"wp-block-columns is-layout-flex wp-container-core-columns-layout-8 wp-block-columns-is-layout-flex\">\n<div class=\"wp-block-column is-layout-flow wp-block-column-is-layout-flow\">\n<figure class=\"wp-block-image size-large\"><img loading=\"lazy\" decoding=\"async\" width=\"120\" height=\"120\" src=\"https:\/\/www.projuice-learning.com\/wp-content\/uploads\/2021\/01\/about-icon-4.jpg\" alt=\"\" class=\"wp-image-905\" \/><\/figure>\n\n\n<h4 class=\"wp-block-heading\">Arquitetura do software<\/h4>\n\n\n\n<p>Sem concess\u00f5es, uma arquitetura inteligente \u00e9 sempre o nosso ponto de partida. Isto proporciona uma base s\u00f3lida para um maior desenvolvimento do software internamente, onde a estabilidade, velocidade e precis\u00e3o est\u00e3o garantidas.<\/p>\n<\/div>\n\n\n\n<div class=\"wp-block-column is-layout-flow wp-block-column-is-layout-flow\">\n<figure class=\"wp-block-image size-large\"><img loading=\"lazy\" decoding=\"async\" width=\"120\" height=\"120\" src=\"https:\/\/www.projuice-learning.com\/wp-content\/uploads\/2021\/01\/about-icon-5.jpg\" alt=\"\" class=\"wp-image-907\" \/><\/figure>\n\n\n<h4 class=\"wp-block-heading\">Seguran\u00e7a<\/h4>\n\n\n\n<p>O software Projuice \u00e9 seguro. O desenvolvimento de software consciente da seguran\u00e7a \u00e9 um processo cont\u00ednuo na Projuice, para que possa contar com um sistema fi\u00e1vel no qual os seus dados s\u00e3o mantidos em seguran\u00e7a.<\/p>\n<\/div>\n\n\n\n<div class=\"wp-block-column is-layout-flow wp-block-column-is-layout-flow\"><\/div>\n<\/div>\n\n<div style=\"height:60px\" aria-hidden=\"true\" class=\"wp-block-spacer\"><\/div>\n\n<div class=\"wp-block-columns is-layout-flex wp-container-core-columns-layout-9 wp-block-columns-is-layout-flex\">\n<div class=\"wp-block-column is-layout-flow wp-block-column-is-layout-flow\">\n<h3 class=\"wp-block-heading\">Trabalhar connosco<\/h3>\n\n\n\n<p>Tem experi\u00eancia como educador ou desenvolvedor de software, \u00e9 empreendedor, tem boas capacidades de comunica\u00e7\u00e3o e desenvolveu capacidades de consultoria? Tem uma paix\u00e3o pela aprendizagem e desenvolvimento e\/ou desenvolvimento de software de f\u00e1cil utiliza\u00e7\u00e3o e quer realizar a melhor solu\u00e7\u00e3o para os nossos clientes? Apesar de n\u00e3o termos nenhuma vaga neste momento, gostar\u00edamos de o conhecer!<\/p>\n<\/div>\n\n\n\n<div class=\"wp-block-column is-layout-flow wp-block-column-is-layout-flow\"><\/div>\n<\/div>\n","protected":false},"excerpt":{"rendered":"<p>A ideia da Projuice teve origem na ind\u00fastria alimentar Tudo come\u00e7ou precisamente junto a um produtor de bebidas de fruta, &hellip;<\/p>\n","protected":false},"author":1,"featured_media":1355,"parent":0,"menu_order":0,"comment_status":"closed","ping_status":"closed","template":"","meta":{"footnotes":""},"acf":[],"yoast_head":"<!-- This site is optimized with the Yoast SEO plugin v21.6 - https:\/\/yoast.com\/wordpress\/plugins\/seo\/ -->\n<title>Forma\u00e7\u00e3o profissional dos colaboradores - Projuice learning<\/title>\n<meta name=\"description\" content=\"Gra\u00e7as \u00e0s ferramentas de educa\u00e7\u00e3o inteligentes e ao software de forma\u00e7\u00e3o da Projuice, a forma\u00e7\u00e3o interna torna-se mais f\u00e1cil do que nunca, digitalmente e tamb\u00e9m no trabalho.\" \/>\n<meta name=\"robots\" content=\"index, follow, max-snippet:-1, max-image-preview:large, max-video-preview:-1\" \/>\n<link rel=\"canonical\" href=\"https:\/\/www.projuice-learning.com\/pt-pt\/sobre-nos\/\" \/>\n<meta property=\"og:locale\" content=\"pt_PT\" \/>\n<meta property=\"og:type\" content=\"article\" \/>\n<meta property=\"og:title\" content=\"Forma\u00e7\u00e3o profissional dos colaboradores - Projuice learning\" \/>\n<meta property=\"og:description\" content=\"Gra\u00e7as \u00e0s ferramentas de educa\u00e7\u00e3o inteligentes e ao software de forma\u00e7\u00e3o da Projuice, a forma\u00e7\u00e3o interna torna-se mais f\u00e1cil do que nunca, digitalmente e tamb\u00e9m no trabalho.\" \/>\n<meta property=\"og:url\" content=\"https:\/\/www.projuice-learning.com\/pt-pt\/sobre-nos\/\" \/>\n<meta property=\"og:site_name\" content=\"Projuice learning\" \/>\n<meta property=\"article:modified_time\" content=\"2021-03-12T21:58:41+00:00\" \/>\n<meta property=\"og:image\" content=\"https:\/\/www.projuice-learning.com\/wp-content\/uploads\/2020\/12\/about-hero-background.png\" \/>\n\t<meta property=\"og:image:width\" content=\"1920\" \/>\n\t<meta property=\"og:image:height\" content=\"1282\" \/>\n\t<meta property=\"og:image:type\" content=\"image\/png\" \/>\n<meta name=\"twitter:card\" content=\"summary_large_image\" \/>\n<meta name=\"twitter:label1\" content=\"Tempo estimado de leitura\" \/>\n\t<meta name=\"twitter:data1\" content=\"3 minutos\" \/>\n<script type=\"application\/ld+json\" class=\"yoast-schema-graph\">{\"@context\":\"https:\/\/schema.org\",\"@graph\":[{\"@type\":\"WebPage\",\"@id\":\"https:\/\/www.projuice-learning.com\/pt-pt\/sobre-nos\/\",\"url\":\"https:\/\/www.projuice-learning.com\/pt-pt\/sobre-nos\/\",\"name\":\"Forma\u00e7\u00e3o profissional dos colaboradores - Projuice learning\",\"isPartOf\":{\"@id\":\"https:\/\/www.projuice-learning.com\/#website\"},\"datePublished\":\"2021-03-12T21:58:40+00:00\",\"dateModified\":\"2021-03-12T21:58:41+00:00\",\"description\":\"Gra\u00e7as \u00e0s ferramentas de educa\u00e7\u00e3o inteligentes e ao software de forma\u00e7\u00e3o da Projuice, a forma\u00e7\u00e3o interna torna-se mais f\u00e1cil do que nunca, digitalmente e tamb\u00e9m no trabalho.\",\"breadcrumb\":{\"@id\":\"https:\/\/www.projuice-learning.com\/pt-pt\/sobre-nos\/#breadcrumb\"},\"inLanguage\":\"pt-PT\",\"potentialAction\":[{\"@type\":\"ReadAction\",\"target\":[\"https:\/\/www.projuice-learning.com\/pt-pt\/sobre-nos\/\"]}]},{\"@type\":\"BreadcrumbList\",\"@id\":\"https:\/\/www.projuice-learning.com\/pt-pt\/sobre-nos\/#breadcrumb\",\"itemListElement\":[{\"@type\":\"ListItem\",\"position\":1,\"name\":\"Home\",\"item\":\"https:\/\/www.projuice-learning.com\/pt-pt\/home-2\/\"},{\"@type\":\"ListItem\",\"position\":2,\"name\":\"Sobre n\u00f3s\"}]},{\"@type\":\"WebSite\",\"@id\":\"https:\/\/www.projuice-learning.com\/#website\",\"url\":\"https:\/\/www.projuice-learning.com\/\",\"name\":\"Projuice learning\",\"description\":\"\",\"potentialAction\":[{\"@type\":\"SearchAction\",\"target\":{\"@type\":\"EntryPoint\",\"urlTemplate\":\"https:\/\/www.projuice-learning.com\/?s={search_term_string}\"},\"query-input\":\"required name=search_term_string\"}],\"inLanguage\":\"pt-PT\"}]}<\/script>\n<!-- \/ Yoast SEO plugin. -->","yoast_head_json":{"title":"Forma\u00e7\u00e3o profissional dos colaboradores - Projuice learning","description":"Gra\u00e7as \u00e0s ferramentas de educa\u00e7\u00e3o inteligentes e ao software de forma\u00e7\u00e3o da Projuice, a forma\u00e7\u00e3o interna torna-se mais f\u00e1cil do que nunca, digitalmente e tamb\u00e9m no trabalho.","robots":{"index":"index","follow":"follow","max-snippet":"max-snippet:-1","max-image-preview":"max-image-preview:large","max-video-preview":"max-video-preview:-1"},"canonical":"https:\/\/www.projuice-learning.com\/pt-pt\/sobre-nos\/","og_locale":"pt_PT","og_type":"article","og_title":"Forma\u00e7\u00e3o profissional dos colaboradores - Projuice learning","og_description":"Gra\u00e7as \u00e0s ferramentas de educa\u00e7\u00e3o inteligentes e ao software de forma\u00e7\u00e3o da Projuice, a forma\u00e7\u00e3o interna torna-se mais f\u00e1cil do que nunca, digitalmente e tamb\u00e9m no trabalho.","og_url":"https:\/\/www.projuice-learning.com\/pt-pt\/sobre-nos\/","og_site_name":"Projuice learning","article_modified_time":"2021-03-12T21:58:41+00:00","og_image":[{"width":1920,"height":1282,"url":"https:\/\/www.projuice-learning.com\/wp-content\/uploads\/2020\/12\/about-hero-background.png","type":"image\/png"}],"twitter_card":"summary_large_image","twitter_misc":{"Tempo estimado de leitura":"3 minutos"},"schema":{"@context":"https:\/\/schema.org","@graph":[{"@type":"WebPage","@id":"https:\/\/www.projuice-learning.com\/pt-pt\/sobre-nos\/","url":"https:\/\/www.projuice-learning.com\/pt-pt\/sobre-nos\/","name":"Forma\u00e7\u00e3o profissional dos colaboradores - Projuice learning","isPartOf":{"@id":"https:\/\/www.projuice-learning.com\/#website"},"datePublished":"2021-03-12T21:58:40+00:00","dateModified":"2021-03-12T21:58:41+00:00","description":"Gra\u00e7as \u00e0s ferramentas de educa\u00e7\u00e3o inteligentes e ao software de forma\u00e7\u00e3o da Projuice, a forma\u00e7\u00e3o interna torna-se mais f\u00e1cil do que nunca, digitalmente e tamb\u00e9m no trabalho.","breadcrumb":{"@id":"https:\/\/www.projuice-learning.com\/pt-pt\/sobre-nos\/#breadcrumb"},"inLanguage":"pt-PT","potentialAction":[{"@type":"ReadAction","target":["https:\/\/www.projuice-learning.com\/pt-pt\/sobre-nos\/"]}]},{"@type":"BreadcrumbList","@id":"https:\/\/www.projuice-learning.com\/pt-pt\/sobre-nos\/#breadcrumb","itemListElement":[{"@type":"ListItem","position":1,"name":"Home","item":"https:\/\/www.projuice-learning.com\/pt-pt\/home-2\/"},{"@type":"ListItem","position":2,"name":"Sobre n\u00f3s"}]},{"@type":"WebSite","@id":"https:\/\/www.projuice-learning.com\/#website","url":"https:\/\/www.projuice-learning.com\/","name":"Projuice learning","description":"","potentialAction":[{"@type":"SearchAction","target":{"@type":"EntryPoint","urlTemplate":"https:\/\/www.projuice-learning.com\/?s={search_term_string}"},"query-input":"required name=search_term_string"}],"inLanguage":"pt-PT"}]}},"_links":{"self":[{"href":"https:\/\/www.projuice-learning.com\/pt-pt\/wp-json\/wp\/v2\/pages\/1353"}],"collection":[{"href":"https:\/\/www.projuice-learning.com\/pt-pt\/wp-json\/wp\/v2\/pages"}],"about":[{"href":"https:\/\/www.projuice-learning.com\/pt-pt\/wp-json\/wp\/v2\/types\/page"}],"author":[{"embeddable":true,"href":"https:\/\/www.projuice-learning.com\/pt-pt\/wp-json\/wp\/v2\/users\/1"}],"replies":[{"embeddable":true,"href":"https:\/\/www.projuice-learning.com\/pt-pt\/wp-json\/wp\/v2\/comments?post=1353"}],"version-history":[{"count":1,"href":"https:\/\/www.projuice-learning.com\/pt-pt\/wp-json\/wp\/v2\/pages\/1353\/revisions"}],"predecessor-version":[{"id":1365,"href":"https:\/\/www.projuice-learning.com\/pt-pt\/wp-json\/wp\/v2\/pages\/1353\/revisions\/1365"}],"wp:featuredmedia":[{"embeddable":true,"href":"https:\/\/www.projuice-learning.com\/pt-pt\/wp-json\/wp\/v2\/media\/1355"}],"wp:attachment":[{"href":"https:\/\/www.projuice-learning.com\/pt-pt\/wp-json\/wp\/v2\/media?parent=1353"}],"curies":[{"name":"wp","href":"https:\/\/api.w.org\/{rel}","templated":true}]}}