{"id":1293,"date":"2021-03-11T20:57:53","date_gmt":"2021-03-11T19:57:53","guid":{"rendered":"https:\/\/www.projuice-learning.com\/formacao-de-colaboradores\/"},"modified":"2021-03-24T11:37:35","modified_gmt":"2021-03-24T10:37:35","slug":"formacao-de-colaboradores","status":"publish","type":"page","link":"https:\/\/www.projuice-learning.com\/pt-pt\/formacao-de-colaboradores\/","title":{"rendered":"Forma\u00e7\u00e3o dos colaboradores"},"content":{"rendered":"\n<div class=\"wp-block-columns is-layout-flex wp-container-core-columns-layout-1 wp-block-columns-is-layout-flex\">\n<div class=\"wp-block-column is-layout-flow wp-block-column-is-layout-flow\" style=\"flex-basis:50%\">\n<h2 class=\"wp-block-heading\">Formar os colaboradores com a Projuice<\/h2>\n\n\n\n<p>Perceber que \u00e9 uma boa ideia dedicar-se \u00e0 sua organiza\u00e7\u00e3o de forma\u00e7\u00e3o \u00e9 o primeiro passo. Mas por onde se come\u00e7a? O que funciona para a sua organiza\u00e7\u00e3o e o que n\u00e3o funciona? E como \u00e9 que se p\u00f5e isto em pr\u00e1tica? A Projuice mostra-lhe o caminho e ajuda-o a lan\u00e7ar as bases para uma plataforma de forma\u00e7\u00e3o \u00e0 prova do futuro.<\/p>\n<\/div>\n\n\n\n<div class=\"wp-block-column is-layout-flow wp-block-column-is-layout-flow\" style=\"flex-basis:33.33%\"><\/div>\n<\/div>\n\n\n\n<div class=\"wp-block-columns is-layout-flex wp-container-core-columns-layout-2 wp-block-columns-is-layout-flex\">\n<div class=\"wp-block-column is-layout-flow wp-block-column-is-layout-flow\">\n<figure class=\"wp-block-image size-large\"><img loading=\"lazy\" decoding=\"async\" width=\"1024\" height=\"680\" src=\"https:\/\/www.projuice-learning.com\/wp-content\/uploads\/2021\/01\/training-employees-01.jpg\" alt=\"\" class=\"wp-image-655\"\/><\/figure>\n<\/div>\n\n\n\n<div class=\"wp-block-column is-layout-flow wp-block-column-is-layout-flow\">\n<h3 class=\"wp-block-heading\">Aconselhamento sobre forma\u00e7\u00e3o no local de trabalho<\/h3>\n\n\n\n<p>Pode contactar-nos para aconselhamento sobre forma\u00e7\u00e3o no local de trabalho e tudo relacionado com a mesma, por exemplo sobre:<\/p>\n\n\n\n<ul><li>Cria\u00e7\u00e3o da organiza\u00e7\u00e3o de forma\u00e7\u00e3o com todas as suas fun\u00e7\u00f5es e tarefas<\/li><li>Forma\u00e7\u00e3o dos colaboradores na execu\u00e7\u00e3o das suas novas tarefas de forma\u00e7\u00e3o<\/li><li>Estabelecimento de uma matriz de compet\u00eancias<\/li><li>Desenvolvimento das forma\u00e7\u00f5es internas<\/li><li>Otimiza\u00e7\u00e3o de protocolos, procedimentos e instru\u00e7\u00f5es de trabalho (e a sua utiliza\u00e7\u00e3o)<\/li><\/ul>\n<\/div>\n<\/div>\n\n\n\n<div class=\"wp-block-columns is-layout-flex wp-container-core-columns-layout-3 wp-block-columns-is-layout-flex\">\n<div class=\"wp-block-column is-layout-flow wp-block-column-is-layout-flow\">\n<h3 class=\"wp-block-heading\">Primeiros resultados vis\u00edveis no prazo de tr\u00eas meses<\/h3>\n\n\n\n<p>A sua organiza\u00e7\u00e3o vai utilizar o nosso sistema de forma\u00e7\u00e3o pela primeira vez? Ent\u00e3o, supervisionaremos a implementa\u00e7\u00e3o de A a Z. No prazo de tr\u00eas meses a base do sistema ser\u00e1 estabelecida, os colaboradors poder\u00e3o desempenhar as suas fun\u00e7\u00f5es e tarefas de forma\u00e7\u00e3o, ser\u00e3o realizados os primeiros cursos de forma\u00e7\u00e3o e poder\u00e3o ser vistos os primeiros resultados na matriz de compet\u00eancias.<\/p>\n<\/div>\n\n\n\n<div class=\"wp-block-column col-image is-layout-flow wp-block-column-is-layout-flow\">\n<figure class=\"wp-block-image size-large\"><img loading=\"lazy\" decoding=\"async\" width=\"1280\" height=\"980\" src=\"https:\/\/www.projuice-learning.com\/wp-content\/uploads\/2021\/01\/training-employees-02.jpg\" alt=\"\" class=\"wp-image-748\"\/><\/figure>\n<\/div>\n<\/div>\n\n\n\n<div class=\"wp-block-columns is-layout-flex wp-container-core-columns-layout-4 wp-block-columns-is-layout-flex\">\n<div class=\"wp-block-column is-layout-flow wp-block-column-is-layout-flow\">\n<figure class=\"wp-block-image size-large\"><img loading=\"lazy\" decoding=\"async\" width=\"1280\" height=\"960\" src=\"https:\/\/www.projuice-learning.com\/wp-content\/uploads\/2021\/01\/training-employees-03.jpg\" alt=\"\" class=\"wp-image-750\"\/><\/figure>\n<\/div>\n\n\n\n<div class=\"wp-block-column is-layout-flow wp-block-column-is-layout-flow\">\n<h3 class=\"wp-block-heading\">Treinamento na utiliza\u00e7\u00e3o de ferramentas de forma\u00e7\u00e3o<\/h3>\n\n\n\n<p>Ao adquirir as nossas\u00a0 <a href=\"https:\/\/www.projuice-learning.com\/pt-pt\/software-de-aprendizagem\/\">ferramentas de forma\u00e7\u00e3o<\/a>\u00a0iremos assegurar-nos que os seus colaboradors as possam utilizar. Os workshops locais permitem aos coordenadores aprender rapidamente todas os pormenores das ferramentas. Gestores, formadores e participantes descobrem as ferramentas atrav\u00e9s de um breve e-learning.<\/p>\n<\/div>\n<\/div>\n\n\n\n<div class=\"wp-block-columns is-layout-flex wp-container-core-columns-layout-5 wp-block-columns-is-layout-flex\">\n<div class=\"wp-block-column is-layout-flow wp-block-column-is-layout-flow\">\n<h3 class=\"wp-block-heading\">Desenvolvimento da forma\u00e7\u00e3o no local de trabalho<\/h3>\n\n\n\n<p>Com o software Projuice, poder\u00e1 desenvolver internamente todas as suas forma\u00e7\u00f5es de e-learning e forma\u00e7\u00f5es no local de trabalho. Gra\u00e7as \u00e0 facilidade de utiliza\u00e7\u00e3o, o tempo de desenvolvimento de um curso \u00e9 80%(!) mais curto do que com outros sistemas. Prefere n\u00e3o ter qualquer trabalho? Ent\u00e3o os nossos especialistas experientes ter\u00e3o todo o prazer em assumir o desenvolvimento dos seus cursos de forma\u00e7\u00e3o.<\/p>\n<\/div>\n\n\n\n<div class=\"wp-block-column col-image is-layout-flow wp-block-column-is-layout-flow\">\n<figure class=\"wp-block-image size-large\"><img loading=\"lazy\" decoding=\"async\" width=\"1280\" height=\"980\" src=\"https:\/\/www.projuice-learning.com\/wp-content\/uploads\/2021\/01\/training-employees-04.jpg\" alt=\"\" class=\"wp-image-860\"\/><\/figure>\n<\/div>\n<\/div>\n","protected":false},"excerpt":{"rendered":"<p>Formar os colaboradores com a Projuice Perceber que \u00e9 uma boa ideia dedicar-se \u00e0 sua organiza\u00e7\u00e3o de forma\u00e7\u00e3o \u00e9 o &hellip;<\/p>\n","protected":false},"author":1,"featured_media":1295,"parent":0,"menu_order":0,"comment_status":"closed","ping_status":"closed","template":"","meta":{"footnotes":""},"acf":[],"yoast_head":"<!-- This site is optimized with the Yoast SEO plugin v21.6 - https:\/\/yoast.com\/wordpress\/plugins\/seo\/ -->\n<title>Forme os seus colaboradores profissionalmente com - Projuice learning<\/title>\n<meta name=\"description\" content=\"A forma\u00e7\u00e3o dos seus colaboradores nunca foi t\u00e3o f\u00e1cil. Descubra as ferramentas e per\u00edcia da Projuice e torne-se um profissional em forma\u00e7\u00e3o.\" \/>\n<meta name=\"robots\" content=\"index, follow, max-snippet:-1, max-image-preview:large, max-video-preview:-1\" \/>\n<link rel=\"canonical\" href=\"https:\/\/www.projuice-learning.com\/pt-pt\/formacao-de-colaboradores\/\" \/>\n<meta property=\"og:locale\" content=\"pt_PT\" \/>\n<meta property=\"og:type\" content=\"article\" \/>\n<meta property=\"og:title\" content=\"Forme os seus colaboradores profissionalmente com - Projuice learning\" \/>\n<meta property=\"og:description\" content=\"A forma\u00e7\u00e3o dos seus colaboradores nunca foi t\u00e3o f\u00e1cil. Descubra as ferramentas e per\u00edcia da Projuice e torne-se um profissional em forma\u00e7\u00e3o.\" \/>\n<meta property=\"og:url\" content=\"https:\/\/www.projuice-learning.com\/pt-pt\/formacao-de-colaboradores\/\" \/>\n<meta property=\"og:site_name\" content=\"Projuice learning\" \/>\n<meta property=\"article:modified_time\" content=\"2021-03-24T10:37:35+00:00\" \/>\n<meta property=\"og:image\" content=\"https:\/\/www.projuice-learning.com\/wp-content\/uploads\/2021\/01\/training-employees-hero-background.jpg\" \/>\n\t<meta property=\"og:image:width\" content=\"1920\" \/>\n\t<meta property=\"og:image:height\" content=\"920\" \/>\n\t<meta property=\"og:image:type\" content=\"image\/jpeg\" \/>\n<meta name=\"twitter:card\" content=\"summary_large_image\" \/>\n<meta name=\"twitter:label1\" content=\"Tempo estimado de leitura\" \/>\n\t<meta name=\"twitter:data1\" content=\"3 minutos\" \/>\n<script type=\"application\/ld+json\" class=\"yoast-schema-graph\">{\"@context\":\"https:\/\/schema.org\",\"@graph\":[{\"@type\":\"WebPage\",\"@id\":\"https:\/\/www.projuice-learning.com\/pt-pt\/formacao-de-colaboradores\/\",\"url\":\"https:\/\/www.projuice-learning.com\/pt-pt\/formacao-de-colaboradores\/\",\"name\":\"Forme os seus colaboradores profissionalmente com - Projuice learning\",\"isPartOf\":{\"@id\":\"https:\/\/www.projuice-learning.com\/#website\"},\"datePublished\":\"2021-03-11T19:57:53+00:00\",\"dateModified\":\"2021-03-24T10:37:35+00:00\",\"description\":\"A forma\u00e7\u00e3o dos seus colaboradores nunca foi t\u00e3o f\u00e1cil. Descubra as ferramentas e per\u00edcia da Projuice e torne-se um profissional em forma\u00e7\u00e3o.\",\"breadcrumb\":{\"@id\":\"https:\/\/www.projuice-learning.com\/pt-pt\/formacao-de-colaboradores\/#breadcrumb\"},\"inLanguage\":\"pt-PT\",\"potentialAction\":[{\"@type\":\"ReadAction\",\"target\":[\"https:\/\/www.projuice-learning.com\/pt-pt\/formacao-de-colaboradores\/\"]}]},{\"@type\":\"BreadcrumbList\",\"@id\":\"https:\/\/www.projuice-learning.com\/pt-pt\/formacao-de-colaboradores\/#breadcrumb\",\"itemListElement\":[{\"@type\":\"ListItem\",\"position\":1,\"name\":\"Home\",\"item\":\"https:\/\/www.projuice-learning.com\/pt-pt\/home-2\/\"},{\"@type\":\"ListItem\",\"position\":2,\"name\":\"Forma\u00e7\u00e3o dos colaboradores\"}]},{\"@type\":\"WebSite\",\"@id\":\"https:\/\/www.projuice-learning.com\/#website\",\"url\":\"https:\/\/www.projuice-learning.com\/\",\"name\":\"Projuice learning\",\"description\":\"\",\"potentialAction\":[{\"@type\":\"SearchAction\",\"target\":{\"@type\":\"EntryPoint\",\"urlTemplate\":\"https:\/\/www.projuice-learning.com\/?s={search_term_string}\"},\"query-input\":\"required name=search_term_string\"}],\"inLanguage\":\"pt-PT\"}]}<\/script>\n<!-- \/ Yoast SEO plugin. -->","yoast_head_json":{"title":"Forme os seus colaboradores profissionalmente com - Projuice learning","description":"A forma\u00e7\u00e3o dos seus colaboradores nunca foi t\u00e3o f\u00e1cil. Descubra as ferramentas e per\u00edcia da Projuice e torne-se um profissional em forma\u00e7\u00e3o.","robots":{"index":"index","follow":"follow","max-snippet":"max-snippet:-1","max-image-preview":"max-image-preview:large","max-video-preview":"max-video-preview:-1"},"canonical":"https:\/\/www.projuice-learning.com\/pt-pt\/formacao-de-colaboradores\/","og_locale":"pt_PT","og_type":"article","og_title":"Forme os seus colaboradores profissionalmente com - Projuice learning","og_description":"A forma\u00e7\u00e3o dos seus colaboradores nunca foi t\u00e3o f\u00e1cil. Descubra as ferramentas e per\u00edcia da Projuice e torne-se um profissional em forma\u00e7\u00e3o.","og_url":"https:\/\/www.projuice-learning.com\/pt-pt\/formacao-de-colaboradores\/","og_site_name":"Projuice learning","article_modified_time":"2021-03-24T10:37:35+00:00","og_image":[{"width":1920,"height":920,"url":"https:\/\/www.projuice-learning.com\/wp-content\/uploads\/2021\/01\/training-employees-hero-background.jpg","type":"image\/jpeg"}],"twitter_card":"summary_large_image","twitter_misc":{"Tempo estimado de leitura":"3 minutos"},"schema":{"@context":"https:\/\/schema.org","@graph":[{"@type":"WebPage","@id":"https:\/\/www.projuice-learning.com\/pt-pt\/formacao-de-colaboradores\/","url":"https:\/\/www.projuice-learning.com\/pt-pt\/formacao-de-colaboradores\/","name":"Forme os seus colaboradores profissionalmente com - Projuice learning","isPartOf":{"@id":"https:\/\/www.projuice-learning.com\/#website"},"datePublished":"2021-03-11T19:57:53+00:00","dateModified":"2021-03-24T10:37:35+00:00","description":"A forma\u00e7\u00e3o dos seus colaboradores nunca foi t\u00e3o f\u00e1cil. Descubra as ferramentas e per\u00edcia da Projuice e torne-se um profissional em forma\u00e7\u00e3o.","breadcrumb":{"@id":"https:\/\/www.projuice-learning.com\/pt-pt\/formacao-de-colaboradores\/#breadcrumb"},"inLanguage":"pt-PT","potentialAction":[{"@type":"ReadAction","target":["https:\/\/www.projuice-learning.com\/pt-pt\/formacao-de-colaboradores\/"]}]},{"@type":"BreadcrumbList","@id":"https:\/\/www.projuice-learning.com\/pt-pt\/formacao-de-colaboradores\/#breadcrumb","itemListElement":[{"@type":"ListItem","position":1,"name":"Home","item":"https:\/\/www.projuice-learning.com\/pt-pt\/home-2\/"},{"@type":"ListItem","position":2,"name":"Forma\u00e7\u00e3o dos colaboradores"}]},{"@type":"WebSite","@id":"https:\/\/www.projuice-learning.com\/#website","url":"https:\/\/www.projuice-learning.com\/","name":"Projuice learning","description":"","potentialAction":[{"@type":"SearchAction","target":{"@type":"EntryPoint","urlTemplate":"https:\/\/www.projuice-learning.com\/?s={search_term_string}"},"query-input":"required name=search_term_string"}],"inLanguage":"pt-PT"}]}},"_links":{"self":[{"href":"https:\/\/www.projuice-learning.com\/pt-pt\/wp-json\/wp\/v2\/pages\/1293"}],"collection":[{"href":"https:\/\/www.projuice-learning.com\/pt-pt\/wp-json\/wp\/v2\/pages"}],"about":[{"href":"https:\/\/www.projuice-learning.com\/pt-pt\/wp-json\/wp\/v2\/types\/page"}],"author":[{"embeddable":true,"href":"https:\/\/www.projuice-learning.com\/pt-pt\/wp-json\/wp\/v2\/users\/1"}],"replies":[{"embeddable":true,"href":"https:\/\/www.projuice-learning.com\/pt-pt\/wp-json\/wp\/v2\/comments?post=1293"}],"version-history":[{"count":6,"href":"https:\/\/www.projuice-learning.com\/pt-pt\/wp-json\/wp\/v2\/pages\/1293\/revisions"}],"predecessor-version":[{"id":1843,"href":"https:\/\/www.projuice-learning.com\/pt-pt\/wp-json\/wp\/v2\/pages\/1293\/revisions\/1843"}],"wp:featuredmedia":[{"embeddable":true,"href":"https:\/\/www.projuice-learning.com\/pt-pt\/wp-json\/wp\/v2\/media\/1295"}],"wp:attachment":[{"href":"https:\/\/www.projuice-learning.com\/pt-pt\/wp-json\/wp\/v2\/media?parent=1293"}],"curies":[{"name":"wp","href":"https:\/\/api.w.org\/{rel}","templated":true}]}}