{"id":1688,"date":"2021-03-01T08:47:34","date_gmt":"2021-03-01T07:47:34","guid":{"rendered":"https:\/\/www.projuice-learning.com\/branze\/foodstuffs-industry\/"},"modified":"2021-04-30T13:36:54","modified_gmt":"2021-04-30T11:36:54","slug":"przemysl-spozywczy","status":"publish","type":"page","link":"https:\/\/www.projuice-learning.com\/pl\/branze\/przemysl-spozywczy\/","title":{"rendered":"Przemys\u0142 spo\u017cywczy"},"content":{"rendered":"\n<div class=\"wp-block-columns is-layout-flex wp-container-core-columns-layout-1 wp-block-columns-is-layout-flex\">\n<div class=\"wp-block-column is-layout-flow wp-block-column-is-layout-flow\">\n<h2 class=\"wp-block-heading\">Achieve operational excellence with Projuice<\/h2>\n\n\n\n<p>If there is any field where hygiene and personal safety and absolutely crucial, it is the food industry. &nbsp;This is an industry known for the abundance of strict protocols regarding hygiene, quality and safety. Projuice will help your organisation professionalise your trainings, matching initiatives for&nbsp;operational excellence. The result is an increase in your organisation\u2019s Overall Equipment Effectiveness (OEE).<\/p>\n<\/div>\n\n\n\n<div class=\"wp-block-column is-layout-flow wp-block-column-is-layout-flow\"><\/div>\n<\/div>\n\n\n\n<div class=\"wp-block-columns is-layout-flex wp-container-core-columns-layout-2 wp-block-columns-is-layout-flex\">\n<div class=\"wp-block-column is-layout-flow wp-block-column-is-layout-flow\">\n<figure class=\"wp-block-image size-large\"><img loading=\"lazy\" decoding=\"async\" width=\"1280\" height=\"960\" src=\"https:\/\/www.projuice-learning.com\/wp-content\/uploads\/2021\/01\/voedingsmiddelenindustrie-01.jpg\" alt=\"\" class=\"wp-image-863\"\/><\/figure>\n<\/div>\n\n\n\n<div class=\"wp-block-column is-layout-flow wp-block-column-is-layout-flow\">\n<h3 class=\"wp-block-heading\">Automatically track your employees\u2019 skills<\/h3>\n\n\n\n<p>Projuice\u2019s&nbsp;skills matrix&nbsp;provides you with real-time insight into your employees\u2019 required skills and deployability. It shows you exactly what skills gaps there are, i.e. who is lacking a particular training or programme to be able to fill a certain position.<\/p>\n<\/div>\n<\/div>\n\n\n\n<div class=\"wp-block-columns is-layout-flex wp-container-core-columns-layout-3 wp-block-columns-is-layout-flex\">\n<div class=\"wp-block-column is-layout-flow wp-block-column-is-layout-flow\">\n<h3 class=\"wp-block-heading\">Train your food industry employees<\/h3>\n\n\n\n<p>Projuice\u2019s system is extremely suitable for training food industry employees. For example, the system allows you to offer&nbsp;general trainings&nbsp;on the subject of HACCP, food defense and safety, as well as company- and workstation-specific trainings. Workstation trainings are formulated to demonstrably cover all most recent&nbsp;work instructions, procedures and quality standards.<\/p>\n<\/div>\n\n\n\n<div class=\"wp-block-column col-image is-layout-flow wp-block-column-is-layout-flow\">\n<figure class=\"wp-block-image size-large\"><img loading=\"lazy\" decoding=\"async\" width=\"1280\" height=\"980\" src=\"https:\/\/www.projuice-learning.com\/wp-content\/uploads\/2021\/01\/voedingsmiddelenindustrie-02.jpg\" alt=\"\" class=\"wp-image-865\"\/><\/figure>\n<\/div>\n<\/div>\n\n\n\n<div class=\"wp-block-columns is-layout-flex wp-container-core-columns-layout-4 wp-block-columns-is-layout-flex\">\n<div class=\"wp-block-column is-layout-flow wp-block-column-is-layout-flow\">\n<figure class=\"wp-block-image size-large\"><img loading=\"lazy\" decoding=\"async\" width=\"1280\" height=\"960\" src=\"https:\/\/www.projuice-learning.com\/wp-content\/uploads\/2021\/01\/voedingsmiddelenindustrie-03.jpg\" alt=\"\" class=\"wp-image-937\"\/><\/figure>\n<\/div>\n\n\n\n<div class=\"wp-block-column is-layout-flow wp-block-column-is-layout-flow\">\n<h3 class=\"wp-block-heading\">Develop your own workstation trainings for the food industry<\/h3>\n\n\n\n<p>Projuice allows you to easily develop all sorts of training courses and programmes, including&nbsp;e-learnings,&nbsp;on-the-job trainings, Training Within Industry (TWI), or a different combination of training methods. We provide you with the tools to create your own professional training offering.<\/p>\n<\/div>\n<\/div>\n","protected":false},"excerpt":{"rendered":"<p>Je\u015bli higiena i bezpiecze\u0144stwo maj\u0105 gdziekolwiek krytyczne znaczenie to z pewno\u015bci\u0105 w przemy\u015ble spo\u017cywczym. Projuice umo\u017cliwia Pa\u0144stwa organizacji sta\u0142e spe\u0142nianie wymaga\u0144 HACCP oraz w zakresie bezpiecze\u0144stwa \u017cywno\u015bci. <\/p>\n","protected":false},"author":1,"featured_media":1689,"parent":1578,"menu_order":0,"comment_status":"closed","ping_status":"closed","template":"tl-industry.php","meta":{"footnotes":""},"acf":[],"yoast_head":"<!-- This site is optimized with the Yoast SEO plugin v21.6 - https:\/\/yoast.com\/wordpress\/plugins\/seo\/ -->\n<title>Training employees in the food industry | Projuice learning<\/title>\n<meta name=\"description\" content=\"Operational excellence in the food industry requires skilled employees. Projuice allows you to ensure that everyone possesses the necessary knowledge and skills.\" \/>\n<meta name=\"robots\" content=\"index, follow, max-snippet:-1, max-image-preview:large, max-video-preview:-1\" \/>\n<link rel=\"canonical\" href=\"https:\/\/www.projuice-learning.com\/pl\/branze\/przemysl-spozywczy\/\" \/>\n<meta property=\"og:locale\" content=\"pl_PL\" \/>\n<meta property=\"og:type\" content=\"article\" \/>\n<meta property=\"og:title\" content=\"Training employees in the food industry | Projuice learning\" \/>\n<meta property=\"og:description\" content=\"Operational excellence in the food industry requires skilled employees. Projuice allows you to ensure that everyone possesses the necessary knowledge and skills.\" \/>\n<meta property=\"og:url\" content=\"https:\/\/www.projuice-learning.com\/pl\/branze\/przemysl-spozywczy\/\" \/>\n<meta property=\"og:site_name\" content=\"Projuice learning\" \/>\n<meta property=\"article:modified_time\" content=\"2021-04-30T11:36:54+00:00\" \/>\n<meta property=\"og:image\" content=\"https:\/\/www.projuice-learning.com\/wp-content\/uploads\/2020\/12\/food-hero-background.jpg\" \/>\n\t<meta property=\"og:image:width\" content=\"1920\" \/>\n\t<meta property=\"og:image:height\" content=\"1280\" \/>\n\t<meta property=\"og:image:type\" content=\"image\/jpeg\" \/>\n<meta name=\"twitter:card\" content=\"summary_large_image\" \/>\n<meta name=\"twitter:label1\" content=\"Szacowany czas czytania\" \/>\n\t<meta name=\"twitter:data1\" content=\"2 minuty\" \/>\n<script type=\"application\/ld+json\" class=\"yoast-schema-graph\">{\"@context\":\"https:\/\/schema.org\",\"@graph\":[{\"@type\":\"WebPage\",\"@id\":\"https:\/\/www.projuice-learning.com\/pl\/branze\/przemysl-spozywczy\/\",\"url\":\"https:\/\/www.projuice-learning.com\/pl\/branze\/przemysl-spozywczy\/\",\"name\":\"Training employees in the food industry | Projuice learning\",\"isPartOf\":{\"@id\":\"https:\/\/www.projuice-learning.com\/#website\"},\"datePublished\":\"2021-03-01T07:47:34+00:00\",\"dateModified\":\"2021-04-30T11:36:54+00:00\",\"description\":\"Operational excellence in the food industry requires skilled employees. Projuice allows you to ensure that everyone possesses the necessary knowledge and skills.\",\"breadcrumb\":{\"@id\":\"https:\/\/www.projuice-learning.com\/pl\/branze\/przemysl-spozywczy\/#breadcrumb\"},\"inLanguage\":\"pl-PL\",\"potentialAction\":[{\"@type\":\"ReadAction\",\"target\":[\"https:\/\/www.projuice-learning.com\/pl\/branze\/przemysl-spozywczy\/\"]}]},{\"@type\":\"BreadcrumbList\",\"@id\":\"https:\/\/www.projuice-learning.com\/pl\/branze\/przemysl-spozywczy\/#breadcrumb\",\"itemListElement\":[{\"@type\":\"ListItem\",\"position\":1,\"name\":\"Home\",\"item\":\"https:\/\/www.projuice-learning.com\/pl\/strona-glowna\/\"},{\"@type\":\"ListItem\",\"position\":2,\"name\":\"Bran\u017ce\",\"item\":\"https:\/\/www.projuice-learning.com\/pl\/branze\/\"},{\"@type\":\"ListItem\",\"position\":3,\"name\":\"Przemys\u0142 spo\u017cywczy\"}]},{\"@type\":\"WebSite\",\"@id\":\"https:\/\/www.projuice-learning.com\/#website\",\"url\":\"https:\/\/www.projuice-learning.com\/\",\"name\":\"Projuice learning\",\"description\":\"\",\"potentialAction\":[{\"@type\":\"SearchAction\",\"target\":{\"@type\":\"EntryPoint\",\"urlTemplate\":\"https:\/\/www.projuice-learning.com\/?s={search_term_string}\"},\"query-input\":\"required name=search_term_string\"}],\"inLanguage\":\"pl-PL\"}]}<\/script>\n<!-- \/ Yoast SEO plugin. -->","yoast_head_json":{"title":"Training employees in the food industry | Projuice learning","description":"Operational excellence in the food industry requires skilled employees. Projuice allows you to ensure that everyone possesses the necessary knowledge and skills.","robots":{"index":"index","follow":"follow","max-snippet":"max-snippet:-1","max-image-preview":"max-image-preview:large","max-video-preview":"max-video-preview:-1"},"canonical":"https:\/\/www.projuice-learning.com\/pl\/branze\/przemysl-spozywczy\/","og_locale":"pl_PL","og_type":"article","og_title":"Training employees in the food industry | Projuice learning","og_description":"Operational excellence in the food industry requires skilled employees. Projuice allows you to ensure that everyone possesses the necessary knowledge and skills.","og_url":"https:\/\/www.projuice-learning.com\/pl\/branze\/przemysl-spozywczy\/","og_site_name":"Projuice learning","article_modified_time":"2021-04-30T11:36:54+00:00","og_image":[{"width":1920,"height":1280,"url":"https:\/\/www.projuice-learning.com\/wp-content\/uploads\/2020\/12\/food-hero-background.jpg","type":"image\/jpeg"}],"twitter_card":"summary_large_image","twitter_misc":{"Szacowany czas czytania":"2 minuty"},"schema":{"@context":"https:\/\/schema.org","@graph":[{"@type":"WebPage","@id":"https:\/\/www.projuice-learning.com\/pl\/branze\/przemysl-spozywczy\/","url":"https:\/\/www.projuice-learning.com\/pl\/branze\/przemysl-spozywczy\/","name":"Training employees in the food industry | Projuice learning","isPartOf":{"@id":"https:\/\/www.projuice-learning.com\/#website"},"datePublished":"2021-03-01T07:47:34+00:00","dateModified":"2021-04-30T11:36:54+00:00","description":"Operational excellence in the food industry requires skilled employees. Projuice allows you to ensure that everyone possesses the necessary knowledge and skills.","breadcrumb":{"@id":"https:\/\/www.projuice-learning.com\/pl\/branze\/przemysl-spozywczy\/#breadcrumb"},"inLanguage":"pl-PL","potentialAction":[{"@type":"ReadAction","target":["https:\/\/www.projuice-learning.com\/pl\/branze\/przemysl-spozywczy\/"]}]},{"@type":"BreadcrumbList","@id":"https:\/\/www.projuice-learning.com\/pl\/branze\/przemysl-spozywczy\/#breadcrumb","itemListElement":[{"@type":"ListItem","position":1,"name":"Home","item":"https:\/\/www.projuice-learning.com\/pl\/strona-glowna\/"},{"@type":"ListItem","position":2,"name":"Bran\u017ce","item":"https:\/\/www.projuice-learning.com\/pl\/branze\/"},{"@type":"ListItem","position":3,"name":"Przemys\u0142 spo\u017cywczy"}]},{"@type":"WebSite","@id":"https:\/\/www.projuice-learning.com\/#website","url":"https:\/\/www.projuice-learning.com\/","name":"Projuice learning","description":"","potentialAction":[{"@type":"SearchAction","target":{"@type":"EntryPoint","urlTemplate":"https:\/\/www.projuice-learning.com\/?s={search_term_string}"},"query-input":"required name=search_term_string"}],"inLanguage":"pl-PL"}]}},"_links":{"self":[{"href":"https:\/\/www.projuice-learning.com\/pl\/wp-json\/wp\/v2\/pages\/1688"}],"collection":[{"href":"https:\/\/www.projuice-learning.com\/pl\/wp-json\/wp\/v2\/pages"}],"about":[{"href":"https:\/\/www.projuice-learning.com\/pl\/wp-json\/wp\/v2\/types\/page"}],"author":[{"embeddable":true,"href":"https:\/\/www.projuice-learning.com\/pl\/wp-json\/wp\/v2\/users\/1"}],"replies":[{"embeddable":true,"href":"https:\/\/www.projuice-learning.com\/pl\/wp-json\/wp\/v2\/comments?post=1688"}],"version-history":[{"count":5,"href":"https:\/\/www.projuice-learning.com\/pl\/wp-json\/wp\/v2\/pages\/1688\/revisions"}],"predecessor-version":[{"id":2259,"href":"https:\/\/www.projuice-learning.com\/pl\/wp-json\/wp\/v2\/pages\/1688\/revisions\/2259"}],"up":[{"embeddable":true,"href":"https:\/\/www.projuice-learning.com\/pl\/wp-json\/wp\/v2\/pages\/1578"}],"wp:featuredmedia":[{"embeddable":true,"href":"https:\/\/www.projuice-learning.com\/pl\/wp-json\/wp\/v2\/media\/1689"}],"wp:attachment":[{"href":"https:\/\/www.projuice-learning.com\/pl\/wp-json\/wp\/v2\/media?parent=1688"}],"curies":[{"name":"wp","href":"https:\/\/api.w.org\/{rel}","templated":true}]}}