{"id":1676,"date":"2021-03-01T11:54:26","date_gmt":"2021-03-01T10:54:26","guid":{"rendered":"https:\/\/www.projuice-learning.com\/branze\/chemical-industry\/"},"modified":"2021-04-30T13:37:17","modified_gmt":"2021-04-30T11:37:17","slug":"chemia","status":"publish","type":"page","link":"https:\/\/www.projuice-learning.com\/pl\/branze\/chemia\/","title":{"rendered":"Chemia"},"content":{"rendered":"\n<div class=\"wp-block-columns is-layout-flex wp-container-core-columns-layout-1 wp-block-columns-is-layout-flex\">\n<div class=\"wp-block-column is-layout-flow wp-block-column-is-layout-flow\" style=\"flex-basis:50%\">\n<h2 class=\"wp-block-heading\">Training tools that will contribute to your operational excellence<\/h2>\n\n\n\n<p>An environment in which working safely is the number one priority requires a professional training system. Projuice offers all of the necessary tools and support to enable any organisation in the chemical industry to create next-level trainings for its employees, matching initiatives for operational&nbsp;operational excellence. The result is an increase in your chemical company&#8217;s Overall Equipment Effectiveness (OEE).<\/p>\n<\/div>\n\n\n\n<div class=\"wp-block-column is-layout-flow wp-block-column-is-layout-flow\" style=\"flex-basis:33.33%\"><\/div>\n<\/div>\n\n\n\n<div class=\"wp-block-columns is-layout-flex wp-container-core-columns-layout-2 wp-block-columns-is-layout-flex\">\n<div class=\"wp-block-column is-layout-flow wp-block-column-is-layout-flow\">\n<figure class=\"wp-block-image size-large\"><img loading=\"lazy\" decoding=\"async\" width=\"1280\" height=\"980\" src=\"https:\/\/www.projuice-learning.com\/wp-content\/uploads\/2021\/01\/chemie-01.jpg\" alt=\"\" class=\"wp-image-868\"\/><\/figure>\n<\/div>\n\n\n\n<div class=\"wp-block-column is-layout-flow wp-block-column-is-layout-flow\">\n<h3 class=\"wp-block-heading\">Quickly and easily develop training programmes for employees in the chemical industry<\/h3>\n\n\n\n<p>New safety guidelines? A modified working process? Projuice enables you to develop all sorts of courses and training programmes by yourself, including&nbsp;e-learnings, on-the-job trainings, Training Within Industry (TWI), and blended formats. Our tools enable you to create a professional training offering with minimum effort.<\/p>\n<\/div>\n<\/div>\n\n\n\n<div class=\"wp-block-columns is-layout-flex wp-container-core-columns-layout-3 wp-block-columns-is-layout-flex\">\n<div class=\"wp-block-column is-layout-flow wp-block-column-is-layout-flow\">\n<h3 class=\"wp-block-heading\">Real-time insight into employees&#8217; skills<\/h3>\n\n\n\n<p>Who can be deployed to which workstations, and what trainings does a particular employee need to complete to be deployable as well? Our skills matrix provides automatic insight into the required skills and deployability of your employees.<\/p>\n<\/div>\n\n\n\n<div class=\"wp-block-column col-image is-layout-flow wp-block-column-is-layout-flow\">\n<figure class=\"wp-block-image size-large\"><img loading=\"lazy\" decoding=\"async\" width=\"1280\" height=\"960\" src=\"https:\/\/www.projuice-learning.com\/wp-content\/uploads\/2021\/01\/chemie-02.jpg\" alt=\"\" class=\"wp-image-870\"\/><\/figure>\n<\/div>\n<\/div>\n\n\n\n<div class=\"wp-block-columns is-layout-flex wp-container-core-columns-layout-4 wp-block-columns-is-layout-flex\">\n<div class=\"wp-block-column is-layout-flow wp-block-column-is-layout-flow\">\n<figure class=\"wp-block-image size-large\"><img loading=\"lazy\" decoding=\"async\" width=\"1024\" height=\"680\" src=\"https:\/\/www.projuice-learning.com\/wp-content\/uploads\/2021\/01\/chemie-03.jpg\" alt=\"\" class=\"wp-image-872\"\/><\/figure>\n<\/div>\n\n\n\n<div class=\"wp-block-column is-layout-flow wp-block-column-is-layout-flow\">\n<h3 class=\"wp-block-heading\">Trainings for chemical operators<\/h3>\n\n\n\n<p>Projuice is extremely suitable for training chemical industry employees. Our system enables us to offer both general trainings (such as HSE-related ones) and company- and workstation-specific trainings, demonstrably covering the most recent internal&nbsp;work instructions, procedures and quality standards<\/p>\n<\/div>\n<\/div>\n","protected":false},"excerpt":{"rendered":"<p>Je\u015bli kto\u015b pracuje z substancjami chemicznymi, z pewno\u015bci\u0105 niczego nie chce pozostawi\u0107 przypadkowi. Dlatego tak niezmiernie istotne jest, aby pracownicy dok\u0142adnie wiedzieli, kt\u00f3re protoko\u0142y maj\u0105 zastosowanie. Znacz\u0105cy jest r\u00f3wnie\u017c wgl\u0105d przedsi\u0119biorstwa w to, kto czego ju\u017c si\u0119 nauczy\u0142. A to umo\u017cliwia Projuice.<\/p>\n","protected":false},"author":1,"featured_media":1677,"parent":1578,"menu_order":0,"comment_status":"closed","ping_status":"closed","template":"tl-industry.php","meta":{"footnotes":""},"acf":[],"yoast_head":"<!-- This site is optimized with the Yoast SEO plugin v21.6 - https:\/\/yoast.com\/wordpress\/plugins\/seo\/ -->\n<title>Training chemical industry employees - Projuice learning<\/title>\n<meta name=\"description\" content=\"Training tools for chemical companies: Projuice has what you need! Contact us and get started on professionally training your employees.\" \/>\n<meta name=\"robots\" content=\"index, follow, max-snippet:-1, max-image-preview:large, max-video-preview:-1\" \/>\n<link rel=\"canonical\" href=\"https:\/\/www.projuice-learning.com\/pl\/branze\/chemia\/\" \/>\n<meta property=\"og:locale\" content=\"pl_PL\" \/>\n<meta property=\"og:type\" content=\"article\" \/>\n<meta property=\"og:title\" content=\"Training chemical industry employees - Projuice learning\" \/>\n<meta property=\"og:description\" content=\"Training tools for chemical companies: Projuice has what you need! Contact us and get started on professionally training your employees.\" \/>\n<meta property=\"og:url\" content=\"https:\/\/www.projuice-learning.com\/pl\/branze\/chemia\/\" \/>\n<meta property=\"og:site_name\" content=\"Projuice learning\" \/>\n<meta property=\"article:modified_time\" content=\"2021-04-30T11:37:17+00:00\" \/>\n<meta property=\"og:image\" content=\"https:\/\/www.projuice-learning.com\/wp-content\/uploads\/2020\/12\/chemical-hero-background.jpg\" \/>\n\t<meta property=\"og:image:width\" content=\"1920\" \/>\n\t<meta property=\"og:image:height\" content=\"1265\" \/>\n\t<meta property=\"og:image:type\" content=\"image\/jpeg\" \/>\n<meta name=\"twitter:card\" content=\"summary_large_image\" \/>\n<meta name=\"twitter:label1\" content=\"Szacowany czas czytania\" \/>\n\t<meta name=\"twitter:data1\" content=\"2 minuty\" \/>\n<script type=\"application\/ld+json\" class=\"yoast-schema-graph\">{\"@context\":\"https:\/\/schema.org\",\"@graph\":[{\"@type\":\"WebPage\",\"@id\":\"https:\/\/www.projuice-learning.com\/pl\/branze\/chemia\/\",\"url\":\"https:\/\/www.projuice-learning.com\/pl\/branze\/chemia\/\",\"name\":\"Training chemical industry employees - Projuice learning\",\"isPartOf\":{\"@id\":\"https:\/\/www.projuice-learning.com\/#website\"},\"datePublished\":\"2021-03-01T10:54:26+00:00\",\"dateModified\":\"2021-04-30T11:37:17+00:00\",\"description\":\"Training tools for chemical companies: Projuice has what you need! Contact us and get started on professionally training your employees.\",\"breadcrumb\":{\"@id\":\"https:\/\/www.projuice-learning.com\/pl\/branze\/chemia\/#breadcrumb\"},\"inLanguage\":\"pl-PL\",\"potentialAction\":[{\"@type\":\"ReadAction\",\"target\":[\"https:\/\/www.projuice-learning.com\/pl\/branze\/chemia\/\"]}]},{\"@type\":\"BreadcrumbList\",\"@id\":\"https:\/\/www.projuice-learning.com\/pl\/branze\/chemia\/#breadcrumb\",\"itemListElement\":[{\"@type\":\"ListItem\",\"position\":1,\"name\":\"Home\",\"item\":\"https:\/\/www.projuice-learning.com\/pl\/strona-glowna\/\"},{\"@type\":\"ListItem\",\"position\":2,\"name\":\"Bran\u017ce\",\"item\":\"https:\/\/www.projuice-learning.com\/pl\/branze\/\"},{\"@type\":\"ListItem\",\"position\":3,\"name\":\"Chemia\"}]},{\"@type\":\"WebSite\",\"@id\":\"https:\/\/www.projuice-learning.com\/#website\",\"url\":\"https:\/\/www.projuice-learning.com\/\",\"name\":\"Projuice learning\",\"description\":\"\",\"potentialAction\":[{\"@type\":\"SearchAction\",\"target\":{\"@type\":\"EntryPoint\",\"urlTemplate\":\"https:\/\/www.projuice-learning.com\/?s={search_term_string}\"},\"query-input\":\"required name=search_term_string\"}],\"inLanguage\":\"pl-PL\"}]}<\/script>\n<!-- \/ Yoast SEO plugin. -->","yoast_head_json":{"title":"Training chemical industry employees - Projuice learning","description":"Training tools for chemical companies: Projuice has what you need! Contact us and get started on professionally training your employees.","robots":{"index":"index","follow":"follow","max-snippet":"max-snippet:-1","max-image-preview":"max-image-preview:large","max-video-preview":"max-video-preview:-1"},"canonical":"https:\/\/www.projuice-learning.com\/pl\/branze\/chemia\/","og_locale":"pl_PL","og_type":"article","og_title":"Training chemical industry employees - Projuice learning","og_description":"Training tools for chemical companies: Projuice has what you need! Contact us and get started on professionally training your employees.","og_url":"https:\/\/www.projuice-learning.com\/pl\/branze\/chemia\/","og_site_name":"Projuice learning","article_modified_time":"2021-04-30T11:37:17+00:00","og_image":[{"width":1920,"height":1265,"url":"https:\/\/www.projuice-learning.com\/wp-content\/uploads\/2020\/12\/chemical-hero-background.jpg","type":"image\/jpeg"}],"twitter_card":"summary_large_image","twitter_misc":{"Szacowany czas czytania":"2 minuty"},"schema":{"@context":"https:\/\/schema.org","@graph":[{"@type":"WebPage","@id":"https:\/\/www.projuice-learning.com\/pl\/branze\/chemia\/","url":"https:\/\/www.projuice-learning.com\/pl\/branze\/chemia\/","name":"Training chemical industry employees - Projuice learning","isPartOf":{"@id":"https:\/\/www.projuice-learning.com\/#website"},"datePublished":"2021-03-01T10:54:26+00:00","dateModified":"2021-04-30T11:37:17+00:00","description":"Training tools for chemical companies: Projuice has what you need! Contact us and get started on professionally training your employees.","breadcrumb":{"@id":"https:\/\/www.projuice-learning.com\/pl\/branze\/chemia\/#breadcrumb"},"inLanguage":"pl-PL","potentialAction":[{"@type":"ReadAction","target":["https:\/\/www.projuice-learning.com\/pl\/branze\/chemia\/"]}]},{"@type":"BreadcrumbList","@id":"https:\/\/www.projuice-learning.com\/pl\/branze\/chemia\/#breadcrumb","itemListElement":[{"@type":"ListItem","position":1,"name":"Home","item":"https:\/\/www.projuice-learning.com\/pl\/strona-glowna\/"},{"@type":"ListItem","position":2,"name":"Bran\u017ce","item":"https:\/\/www.projuice-learning.com\/pl\/branze\/"},{"@type":"ListItem","position":3,"name":"Chemia"}]},{"@type":"WebSite","@id":"https:\/\/www.projuice-learning.com\/#website","url":"https:\/\/www.projuice-learning.com\/","name":"Projuice learning","description":"","potentialAction":[{"@type":"SearchAction","target":{"@type":"EntryPoint","urlTemplate":"https:\/\/www.projuice-learning.com\/?s={search_term_string}"},"query-input":"required name=search_term_string"}],"inLanguage":"pl-PL"}]}},"_links":{"self":[{"href":"https:\/\/www.projuice-learning.com\/pl\/wp-json\/wp\/v2\/pages\/1676"}],"collection":[{"href":"https:\/\/www.projuice-learning.com\/pl\/wp-json\/wp\/v2\/pages"}],"about":[{"href":"https:\/\/www.projuice-learning.com\/pl\/wp-json\/wp\/v2\/types\/page"}],"author":[{"embeddable":true,"href":"https:\/\/www.projuice-learning.com\/pl\/wp-json\/wp\/v2\/users\/1"}],"replies":[{"embeddable":true,"href":"https:\/\/www.projuice-learning.com\/pl\/wp-json\/wp\/v2\/comments?post=1676"}],"version-history":[{"count":3,"href":"https:\/\/www.projuice-learning.com\/pl\/wp-json\/wp\/v2\/pages\/1676\/revisions"}],"predecessor-version":[{"id":2260,"href":"https:\/\/www.projuice-learning.com\/pl\/wp-json\/wp\/v2\/pages\/1676\/revisions\/2260"}],"up":[{"embeddable":true,"href":"https:\/\/www.projuice-learning.com\/pl\/wp-json\/wp\/v2\/pages\/1578"}],"wp:featuredmedia":[{"embeddable":true,"href":"https:\/\/www.projuice-learning.com\/pl\/wp-json\/wp\/v2\/media\/1677"}],"wp:attachment":[{"href":"https:\/\/www.projuice-learning.com\/pl\/wp-json\/wp\/v2\/media?parent=1676"}],"curies":[{"name":"wp","href":"https:\/\/api.w.org\/{rel}","templated":true}]}}