{"id":1594,"date":"2021-03-16T11:49:18","date_gmt":"2021-03-16T10:49:18","guid":{"rendered":"https:\/\/www.projuice-learning.com\/szkolenie-pracownikow\/"},"modified":"2021-03-24T11:28:53","modified_gmt":"2021-03-24T10:28:53","slug":"szkolenie-pracownikow","status":"publish","type":"page","link":"https:\/\/www.projuice-learning.com\/pl\/szkolenie-pracownikow\/","title":{"rendered":"Szkolenie pracownik\u00f3w"},"content":{"rendered":"\n<div class=\"wp-block-columns is-layout-flex wp-container-core-columns-layout-1 wp-block-columns-is-layout-flex\">\n<div class=\"wp-block-column is-layout-flow wp-block-column-is-layout-flow\" style=\"flex-basis:50%\">\n<h2 class=\"wp-block-heading\">Szkolenie pracownik\u00f3w z Projuice<\/h2>\n\n\n\n<p>U\u015bwiadomienie sobie, \u017ce stworzenie organizacji szkoleniowej jest dobrym rozwi\u0105zaniem, to pierwszy krok. Jednak jak zacz\u0105\u0107? Co zadzia\u0142a dla danej organizacji, a co nie? I jak prze\u0142o\u017cy\u0107 teori\u0119 na praktyk\u0119? Projuice wska\u017ce drog\u0119 i wsp\u00f3lnie z klientem opracuje podstawy dla platformy szkoleniowej gotowej na wyzwania przysz\u0142o\u015bci.<\/p>\n<\/div>\n\n\n\n<div class=\"wp-block-column is-layout-flow wp-block-column-is-layout-flow\" style=\"flex-basis:33.33%\"><\/div>\n<\/div>\n\n\n\n<div class=\"wp-block-columns is-layout-flex wp-container-core-columns-layout-2 wp-block-columns-is-layout-flex\">\n<div class=\"wp-block-column is-layout-flow wp-block-column-is-layout-flow\">\n<figure class=\"wp-block-image size-large\"><img loading=\"lazy\" decoding=\"async\" width=\"1024\" height=\"680\" src=\"https:\/\/www.projuice-learning.com\/wp-content\/uploads\/2021\/01\/training-employees-01.jpg\" alt=\"\" class=\"wp-image-655\"\/><\/figure>\n<\/div>\n\n\n\n<div class=\"wp-block-column is-layout-flow wp-block-column-is-layout-flow\">\n<h3 class=\"wp-block-heading\">Doradztwo w zakresie szkole\u0144 w miejscu pracy<\/h3>\n\n\n\n<p>\u015awiadczymy us\u0142ugi doradcze w zakresie szkole\u0144 w miejscu pracy i wszystkiego, co si\u0119 z tym wi\u0105\u017ce. Na przyk\u0142ad:<\/p>\n\n\n\n<ul><li>Utworzenie organizacji szkoleniowej z pe\u0142nym podzia\u0142em r\u00f3l i zada\u0144<\/li><li>Szkolenie pracownik\u00f3w w zakresie realizacji nowych zada\u0144 edukacyjnych<\/li><li>Stworzenie matrycy umiej\u0119tno\u015bci<\/li><li>Opracowanie szkole\u0144 wewn\u0119trznych<\/li><li>Optymalizacja protoko\u0142\u00f3w, procedur i instrukcji pracy (oraz ich stosowania)<\/li><\/ul>\n<\/div>\n<\/div>\n\n\n\n<div class=\"wp-block-columns is-layout-flex wp-container-core-columns-layout-3 wp-block-columns-is-layout-flex\">\n<div class=\"wp-block-column is-layout-flow wp-block-column-is-layout-flow\">\n<h3 class=\"wp-block-heading\">Pierwsze rezultaty widoczne po trzech miesi\u0105cach<\/h3>\n\n\n\n<p>Organizacja po raz pierwszy przyst\u0119puje do pracy z naszym systemem szkoleniowym? W\u00f3wczas koordynujemy wdro\u017cenie od A do Z. W ci\u0105gu trzech miesi\u0119cy stworzone zostaj\u0105 podstawy systemu, a pracownicy s\u0105 w stanie wykonywa\u0107 swoje role i zadania edukacyjne, odbywaj\u0105 si\u0119 pierwsze szkolenia, a pierwsze wyniki s\u0105 widoczne w matrycy umiej\u0119tno\u015bci.<\/p>\n<\/div>\n\n\n\n<div class=\"wp-block-column col-image is-layout-flow wp-block-column-is-layout-flow\">\n<figure class=\"wp-block-image size-large\"><img loading=\"lazy\" decoding=\"async\" width=\"1280\" height=\"980\" src=\"https:\/\/www.projuice-learning.com\/wp-content\/uploads\/2021\/01\/training-employees-02.jpg\" alt=\"\" class=\"wp-image-748\"\/><\/figure>\n<\/div>\n<\/div>\n\n\n\n<div class=\"wp-block-columns is-layout-flex wp-container-core-columns-layout-4 wp-block-columns-is-layout-flex\">\n<div class=\"wp-block-column is-layout-flow wp-block-column-is-layout-flow\">\n<figure class=\"wp-block-image size-large\"><img loading=\"lazy\" decoding=\"async\" width=\"1280\" height=\"960\" src=\"https:\/\/www.projuice-learning.com\/wp-content\/uploads\/2021\/01\/training-employees-03.jpg\" alt=\"\" class=\"wp-image-750\"\/><\/figure>\n<\/div>\n\n\n\n<div class=\"wp-block-column is-layout-flow wp-block-column-is-layout-flow\">\n<h3 class=\"wp-block-heading\">Szkolenie w zakresie stosowania narz\u0119dzi szkoleniowych<\/h3>\n\n\n\n<p>Klienci, kt\u00f3rzy nab\u0119d\u0105 nasze <a href=\"https:\/\/www.projuice-learning.com\/pl\/oprogramowanie-szkoleniowe\/\">narz\u0119dzia szkoleniowe<\/a>, mog\u0105 liczy\u0107 na dobre opanowanie systemu przez swoich pracownik\u00f3w. Dzi\u0119ki warsztatom w miejscu pracy koordynatorzy przedstawi\u0105 wszystkie aspekty dzia\u0142ania narz\u0119dzi. Kierownicy, trenerzy i uczestnicy zapoznaj\u0105 si\u0119 z nimi za po\u015brednictwem kr\u00f3tkiego e-szkolenia.<\/p>\n<\/div>\n<\/div>\n\n\n\n<div class=\"wp-block-columns is-layout-flex wp-container-core-columns-layout-5 wp-block-columns-is-layout-flex\">\n<div class=\"wp-block-column is-layout-flow wp-block-column-is-layout-flow\">\n<h3 class=\"wp-block-heading\">Opracowanie szkolenia w miejscu pracy<\/h3>\n\n\n\n<p>Oprogramowanie Projuice umo\u017cliwia wewn\u0119trzne opracowanie e-szkole\u0144 i szkole\u0144 w miejscu pracy. Dzi\u0119ki \u0142atwo\u015bci obs\u0142ugi czas opracowania szkolenia jest o 80%(!) kr\u00f3tszy ni\u017c w przypadku innych system\u00f3w. Klient nie chce opracowywa\u0107 szkole\u0144 samodzielnie? Nasi do\u015bwiadczeni specjali\u015bci z przyjemno\u015bci\u0105 si\u0119 tym zajm\u0105.<\/p>\n<\/div>\n\n\n\n<div class=\"wp-block-column col-image is-layout-flow wp-block-column-is-layout-flow\">\n<figure class=\"wp-block-image size-large\"><img loading=\"lazy\" decoding=\"async\" width=\"1280\" height=\"980\" src=\"https:\/\/www.projuice-learning.com\/wp-content\/uploads\/2021\/01\/training-employees-04.jpg\" alt=\"\" class=\"wp-image-860\"\/><\/figure>\n<\/div>\n<\/div>\n","protected":false},"excerpt":{"rendered":"<p>Szkolenie pracownik\u00f3w z Projuice U\u015bwiadomienie sobie, \u017ce stworzenie organizacji szkoleniowej jest dobrym rozwi\u0105zaniem, to pierwszy krok. Jednak jak zacz\u0105\u0107? Co &hellip;<\/p>\n","protected":false},"author":1,"featured_media":1596,"parent":0,"menu_order":0,"comment_status":"closed","ping_status":"closed","template":"","meta":{"footnotes":""},"acf":[],"yoast_head":"<!-- This site is optimized with the Yoast SEO plugin v21.6 - https:\/\/yoast.com\/wordpress\/plugins\/seo\/ -->\n<title>Profesjonalne kszta\u0142cenie pracownik\u00f3w - Projuice learning<\/title>\n<meta name=\"description\" content=\"Szkolenie pracownik\u00f3w jeszcze nigdy nie by\u0142o tak proste. Odkryj narz\u0119dzia i do\u015bwiadczenie Projuice i sta\u0144 si\u0119 profesjonalist\u0105 w zakresie kszta\u0142cenia.\" \/>\n<meta name=\"robots\" content=\"index, follow, max-snippet:-1, max-image-preview:large, max-video-preview:-1\" \/>\n<link rel=\"canonical\" href=\"https:\/\/www.projuice-learning.com\/pl\/szkolenie-pracownikow\/\" \/>\n<meta property=\"og:locale\" content=\"pl_PL\" \/>\n<meta property=\"og:type\" content=\"article\" \/>\n<meta property=\"og:title\" content=\"Profesjonalne kszta\u0142cenie pracownik\u00f3w - Projuice learning\" \/>\n<meta property=\"og:description\" content=\"Szkolenie pracownik\u00f3w jeszcze nigdy nie by\u0142o tak proste. Odkryj narz\u0119dzia i do\u015bwiadczenie Projuice i sta\u0144 si\u0119 profesjonalist\u0105 w zakresie kszta\u0142cenia.\" \/>\n<meta property=\"og:url\" content=\"https:\/\/www.projuice-learning.com\/pl\/szkolenie-pracownikow\/\" \/>\n<meta property=\"og:site_name\" content=\"Projuice learning\" \/>\n<meta property=\"article:modified_time\" content=\"2021-03-24T10:28:53+00:00\" \/>\n<meta property=\"og:image\" content=\"https:\/\/www.projuice-learning.com\/wp-content\/uploads\/2021\/01\/training-employees-hero-background.jpg\" \/>\n\t<meta property=\"og:image:width\" content=\"1920\" \/>\n\t<meta property=\"og:image:height\" content=\"920\" \/>\n\t<meta property=\"og:image:type\" content=\"image\/jpeg\" \/>\n<meta name=\"twitter:card\" content=\"summary_large_image\" \/>\n<meta name=\"twitter:label1\" content=\"Szacowany czas czytania\" \/>\n\t<meta name=\"twitter:data1\" content=\"2 minuty\" \/>\n<script type=\"application\/ld+json\" class=\"yoast-schema-graph\">{\"@context\":\"https:\/\/schema.org\",\"@graph\":[{\"@type\":\"WebPage\",\"@id\":\"https:\/\/www.projuice-learning.com\/pl\/szkolenie-pracownikow\/\",\"url\":\"https:\/\/www.projuice-learning.com\/pl\/szkolenie-pracownikow\/\",\"name\":\"Profesjonalne kszta\u0142cenie pracownik\u00f3w - Projuice learning\",\"isPartOf\":{\"@id\":\"https:\/\/www.projuice-learning.com\/#website\"},\"datePublished\":\"2021-03-16T10:49:18+00:00\",\"dateModified\":\"2021-03-24T10:28:53+00:00\",\"description\":\"Szkolenie pracownik\u00f3w jeszcze nigdy nie by\u0142o tak proste. Odkryj narz\u0119dzia i do\u015bwiadczenie Projuice i sta\u0144 si\u0119 profesjonalist\u0105 w zakresie kszta\u0142cenia.\",\"breadcrumb\":{\"@id\":\"https:\/\/www.projuice-learning.com\/pl\/szkolenie-pracownikow\/#breadcrumb\"},\"inLanguage\":\"pl-PL\",\"potentialAction\":[{\"@type\":\"ReadAction\",\"target\":[\"https:\/\/www.projuice-learning.com\/pl\/szkolenie-pracownikow\/\"]}]},{\"@type\":\"BreadcrumbList\",\"@id\":\"https:\/\/www.projuice-learning.com\/pl\/szkolenie-pracownikow\/#breadcrumb\",\"itemListElement\":[{\"@type\":\"ListItem\",\"position\":1,\"name\":\"Home\",\"item\":\"https:\/\/www.projuice-learning.com\/pl\/strona-glowna\/\"},{\"@type\":\"ListItem\",\"position\":2,\"name\":\"Szkolenie pracownik\u00f3w\"}]},{\"@type\":\"WebSite\",\"@id\":\"https:\/\/www.projuice-learning.com\/#website\",\"url\":\"https:\/\/www.projuice-learning.com\/\",\"name\":\"Projuice learning\",\"description\":\"\",\"potentialAction\":[{\"@type\":\"SearchAction\",\"target\":{\"@type\":\"EntryPoint\",\"urlTemplate\":\"https:\/\/www.projuice-learning.com\/?s={search_term_string}\"},\"query-input\":\"required name=search_term_string\"}],\"inLanguage\":\"pl-PL\"}]}<\/script>\n<!-- \/ Yoast SEO plugin. -->","yoast_head_json":{"title":"Profesjonalne kszta\u0142cenie pracownik\u00f3w - Projuice learning","description":"Szkolenie pracownik\u00f3w jeszcze nigdy nie by\u0142o tak proste. Odkryj narz\u0119dzia i do\u015bwiadczenie Projuice i sta\u0144 si\u0119 profesjonalist\u0105 w zakresie kszta\u0142cenia.","robots":{"index":"index","follow":"follow","max-snippet":"max-snippet:-1","max-image-preview":"max-image-preview:large","max-video-preview":"max-video-preview:-1"},"canonical":"https:\/\/www.projuice-learning.com\/pl\/szkolenie-pracownikow\/","og_locale":"pl_PL","og_type":"article","og_title":"Profesjonalne kszta\u0142cenie pracownik\u00f3w - Projuice learning","og_description":"Szkolenie pracownik\u00f3w jeszcze nigdy nie by\u0142o tak proste. Odkryj narz\u0119dzia i do\u015bwiadczenie Projuice i sta\u0144 si\u0119 profesjonalist\u0105 w zakresie kszta\u0142cenia.","og_url":"https:\/\/www.projuice-learning.com\/pl\/szkolenie-pracownikow\/","og_site_name":"Projuice learning","article_modified_time":"2021-03-24T10:28:53+00:00","og_image":[{"width":1920,"height":920,"url":"https:\/\/www.projuice-learning.com\/wp-content\/uploads\/2021\/01\/training-employees-hero-background.jpg","type":"image\/jpeg"}],"twitter_card":"summary_large_image","twitter_misc":{"Szacowany czas czytania":"2 minuty"},"schema":{"@context":"https:\/\/schema.org","@graph":[{"@type":"WebPage","@id":"https:\/\/www.projuice-learning.com\/pl\/szkolenie-pracownikow\/","url":"https:\/\/www.projuice-learning.com\/pl\/szkolenie-pracownikow\/","name":"Profesjonalne kszta\u0142cenie pracownik\u00f3w - Projuice learning","isPartOf":{"@id":"https:\/\/www.projuice-learning.com\/#website"},"datePublished":"2021-03-16T10:49:18+00:00","dateModified":"2021-03-24T10:28:53+00:00","description":"Szkolenie pracownik\u00f3w jeszcze nigdy nie by\u0142o tak proste. Odkryj narz\u0119dzia i do\u015bwiadczenie Projuice i sta\u0144 si\u0119 profesjonalist\u0105 w zakresie kszta\u0142cenia.","breadcrumb":{"@id":"https:\/\/www.projuice-learning.com\/pl\/szkolenie-pracownikow\/#breadcrumb"},"inLanguage":"pl-PL","potentialAction":[{"@type":"ReadAction","target":["https:\/\/www.projuice-learning.com\/pl\/szkolenie-pracownikow\/"]}]},{"@type":"BreadcrumbList","@id":"https:\/\/www.projuice-learning.com\/pl\/szkolenie-pracownikow\/#breadcrumb","itemListElement":[{"@type":"ListItem","position":1,"name":"Home","item":"https:\/\/www.projuice-learning.com\/pl\/strona-glowna\/"},{"@type":"ListItem","position":2,"name":"Szkolenie pracownik\u00f3w"}]},{"@type":"WebSite","@id":"https:\/\/www.projuice-learning.com\/#website","url":"https:\/\/www.projuice-learning.com\/","name":"Projuice learning","description":"","potentialAction":[{"@type":"SearchAction","target":{"@type":"EntryPoint","urlTemplate":"https:\/\/www.projuice-learning.com\/?s={search_term_string}"},"query-input":"required name=search_term_string"}],"inLanguage":"pl-PL"}]}},"_links":{"self":[{"href":"https:\/\/www.projuice-learning.com\/pl\/wp-json\/wp\/v2\/pages\/1594"}],"collection":[{"href":"https:\/\/www.projuice-learning.com\/pl\/wp-json\/wp\/v2\/pages"}],"about":[{"href":"https:\/\/www.projuice-learning.com\/pl\/wp-json\/wp\/v2\/types\/page"}],"author":[{"embeddable":true,"href":"https:\/\/www.projuice-learning.com\/pl\/wp-json\/wp\/v2\/users\/1"}],"replies":[{"embeddable":true,"href":"https:\/\/www.projuice-learning.com\/pl\/wp-json\/wp\/v2\/comments?post=1594"}],"version-history":[{"count":2,"href":"https:\/\/www.projuice-learning.com\/pl\/wp-json\/wp\/v2\/pages\/1594\/revisions"}],"predecessor-version":[{"id":1842,"href":"https:\/\/www.projuice-learning.com\/pl\/wp-json\/wp\/v2\/pages\/1594\/revisions\/1842"}],"wp:featuredmedia":[{"embeddable":true,"href":"https:\/\/www.projuice-learning.com\/pl\/wp-json\/wp\/v2\/media\/1596"}],"wp:attachment":[{"href":"https:\/\/www.projuice-learning.com\/pl\/wp-json\/wp\/v2\/media?parent=1594"}],"curies":[{"name":"wp","href":"https:\/\/api.w.org\/{rel}","templated":true}]}}