{"id":1581,"date":"2021-03-16T11:49:05","date_gmt":"2021-03-16T10:49:05","guid":{"rendered":"https:\/\/www.projuice-learning.com\/o-nas\/"},"modified":"2021-03-16T11:49:06","modified_gmt":"2021-03-16T10:49:06","slug":"o-nas","status":"publish","type":"page","link":"https:\/\/www.projuice-learning.com\/pl\/o-nas\/","title":{"rendered":"O nas"},"content":{"rendered":"\n<div class=\"wp-block-columns is-layout-flex wp-container-core-columns-layout-1 wp-block-columns-is-layout-flex\">\n<div class=\"wp-block-column is-layout-flow wp-block-column-is-layout-flow\" style=\"flex-basis:50%\">\n<h2 class=\"wp-block-heading\">Idea Projuice zrodzi\u0142a si\u0119 w przemy\u015ble spo\u017cywczym<\/h2>\n\n\n\n<p>A konkretniej u producenta napoj\u00f3w owocowych \u2013 st\u0105d nazwa \u201eProjuice\u201d. Tam odkryli\u015bmy, jak wa\u017cna dla bezpiecze\u0144stwa w miejscu pracy oraz jako\u015bci i post\u0119pu produkcji jest wydajno\u015b\u0107 pracownik\u00f3w. A tak\u017ce jak du\u017cym wyzwaniem mo\u017ce okaza\u0107 si\u0119 utrzymanie tej wydajno\u015bci na sta\u0142ym poziomie oraz dalsza jej poprawa.<\/p>\n<\/div>\n\n\n\n<div class=\"wp-block-column col-image is-layout-flow wp-block-column-is-layout-flow\" style=\"flex-basis:50%\" id=\"col-image\">\n<figure class=\"wp-block-image size-large\"><img loading=\"lazy\" decoding=\"async\" width=\"1024\" height=\"680\" src=\"https:\/\/www.projuice-learning.com\/wp-content\/uploads\/2021\/01\/about-00.jpg\" alt=\"\" class=\"wp-image-931\"\/><\/figure><\/div>\n<\/div>\n\n<div class=\"wp-block-columns is-layout-flex wp-container-core-columns-layout-2 wp-block-columns-is-layout-flex\">\n<div class=\"wp-block-column is-layout-flow wp-block-column-is-layout-flow\">\n<figure class=\"wp-block-image size-large\"><img loading=\"lazy\" decoding=\"async\" width=\"1280\" height=\"853\" src=\"https:\/\/www.projuice-learning.com\/wp-content\/uploads\/2021\/01\/about-01.jpg\" alt=\"\" class=\"wp-image-884\"\/><\/figure><\/div>\n\n\n\n<div class=\"wp-block-column is-layout-flow wp-block-column-is-layout-flow\">\n<h3 class=\"wp-block-heading\">Rozwi\u0105zaniem jest inteligentny system szkoleniowy<\/h3>\n\n\n\n<p>W \u015bcis\u0142ej wsp\u00f3\u0142pracy z partnerami z sektora spo\u017cywczego oraz innych bran\u017c opracowali\u015bmy system szkoleniowy Projuice. To inteligentne rozwi\u0105zanie, kt\u00f3re automatycznie tworzy wykaz wymaganych i aktualnych umiej\u0119tno\u015bci pracownik\u00f3w. Oraz bezpo\u015brednio okre\u015bla, co jest potrzebne, aby usun\u0105\u0107 ewentualne braki. Nieustannie koncentrujemy si\u0119 r\u00f3wnie\u017c na sta\u0142ym rozwoju systemu Projuice.<\/p>\n<\/div>\n<\/div>\n\n<div class=\"wp-block-columns is-layout-flex wp-container-core-columns-layout-3 wp-block-columns-is-layout-flex\">\n<div class=\"wp-block-column is-layout-flow wp-block-column-is-layout-flow\">\n<h3 class=\"wp-block-heading\">Co czyni Projuice unikalnym<\/h3>\n\n\n\n<ul><li>Profesjonalna nauka i sprawdzanie w ramach pracy<\/li><li>W oparciu o aktualne wewn\u0119trzne standardy jako\u015bci<\/li><li>Wgl\u0105d do wynik\u00f3w w czasie rzeczywistym<\/li><li>Umiej\u0119tno\u015bci edytowane s\u0105 automatycznie we wszystkich wykazach stanowisk<\/li><\/ul><\/div>\n\n\n\n<div class=\"wp-block-column col-image is-layout-flow wp-block-column-is-layout-flow\">\n<figure class=\"wp-block-image size-large\"><img loading=\"lazy\" decoding=\"async\" width=\"1280\" height=\"819\" src=\"https:\/\/www.projuice-learning.com\/wp-content\/uploads\/2021\/01\/about-02.jpg\" alt=\"\" class=\"wp-image-886\"\/><\/figure><\/div>\n<\/div>\n\n<div class=\"wp-block-columns is-layout-flex wp-container-core-columns-layout-5 wp-block-columns-is-layout-flex\">\n<div class=\"wp-block-column is-layout-flow wp-block-column-is-layout-flow\">\n<figure class=\"wp-block-image size-large\"><img loading=\"lazy\" decoding=\"async\" width=\"1280\" height=\"960\" src=\"https:\/\/www.projuice-learning.com\/wp-content\/uploads\/2021\/01\/about-03.jpg\" alt=\"\" class=\"wp-image-888\"\/><\/figure><\/div>\n\n\n\n<div class=\"wp-block-column is-layout-flow wp-block-column-is-layout-flow\">\n<h3 class=\"wp-block-heading\">Czym to skutkuje<\/h3>\n\n\n\n<p>W mi\u0119dzyczasie Projuice sta\u0142o si\u0119 has\u0142em rozpoznawalnym dla licznych organizacji i ich pracownik\u00f3w. Klienci przekonali si\u0119, \u017ce profesjonalne szkolenie nie musi by\u0107 skomplikowane. Po trzech miesi\u0105cach Projuice zostaje wdro\u017cony i mo\u017cna obserwowa\u0107 pierwsze rezultaty:<\/p>\n\n\n\n<ul><li>Organizacja, kt\u00f3ra profesjonalnie reaguje na wszystkie potrzeby szkoleniowe<\/li><li>Wzrost wydajno\u015bci wszystkich dost\u0119pnych \u015brodk\u00f3w<\/li><li>Doskona\u0142e wyniki audyt\u00f3w<\/li><\/ul>\n\n\n<div class=\"wp-block-columns is-layout-flex wp-container-core-columns-layout-4 wp-block-columns-is-layout-flex\">\n<div class=\"wp-block-column is-layout-flow wp-block-column-is-layout-flow\"><\/div>\n<\/div>\n<\/div>\n<\/div>\n\n<div class=\"wp-block-columns is-layout-flex wp-container-core-columns-layout-6 wp-block-columns-is-layout-flex\">\n<div class=\"wp-block-column is-layout-flow wp-block-column-is-layout-flow\">\n<h2 class=\"wp-block-heading\">Nasz spos\u00f3b pracy<\/h2>\n\n\n\n<p>Nieustannie kontynuujemy rozw\u00f3j naszego oprogramowania szkoleniowego. Pracujemy z perspektywy pi\u0119ciu obszar\u00f3w do\u015bwiadczenia.<\/p>\n<\/div>\n\n\n\n<div class=\"wp-block-column is-layout-flow wp-block-column-is-layout-flow\"><\/div>\n<\/div>\n\n<div class=\"wp-block-columns is-layout-flex wp-container-core-columns-layout-7 wp-block-columns-is-layout-flex\">\n<div class=\"wp-block-column is-layout-flow wp-block-column-is-layout-flow\">\n<figure class=\"wp-block-image size-large\"><img loading=\"lazy\" decoding=\"async\" width=\"120\" height=\"120\" src=\"https:\/\/www.projuice-learning.com\/wp-content\/uploads\/2021\/01\/about-icon-1.jpg\" alt=\"\" class=\"wp-image-897\"\/><\/figure>\n\n\n<h4 class=\"wp-block-heading\">Praktyka klient\u00f3w<\/h4>\n\n\n\n<p>Powiemy kr\u00f3tko: rozw\u00f3j Projuice odbywa si\u0119 zgodnie z potrzebami naszych klient\u00f3w. Aby pozna\u0107 te potrzeby, prowadzimy rozmowy z ekspertami ds. tre\u015bci w miejscu pracy.<\/p>\n<\/div>\n\n\n\n<div class=\"wp-block-column is-layout-flow wp-block-column-is-layout-flow\">\n<figure class=\"wp-block-image size-large\"><img loading=\"lazy\" decoding=\"async\" width=\"120\" height=\"120\" src=\"https:\/\/www.projuice-learning.com\/wp-content\/uploads\/2021\/01\/about-icon-2.jpg\" alt=\"\" class=\"wp-image-901\"\/><\/figure>\n\n\n<h4 class=\"wp-block-heading\">Wiedza o nauczaniu<\/h4>\n\n\n\n<p>W Projuice Learning posiadamy specjalist\u00f3w ds. nauczania. Efektem s\u0105 niezwykle skuteczne narz\u0119dzia szkoleniowe, oparte na najnowszych metodach edukacyjnych. Ponadto oferujemy odpowiednie wsparcie i koordynacj\u0119, kt\u00f3re pozwalaj\u0105 na dalsz\u0105 profesjonalizacj\u0119 organizacji i szkole\u0144.<\/p>\n<\/div>\n\n\n\n<div class=\"wp-block-column is-layout-flow wp-block-column-is-layout-flow\">\n<figure class=\"wp-block-image size-large\"><img loading=\"lazy\" decoding=\"async\" width=\"120\" height=\"120\" src=\"https:\/\/www.projuice-learning.com\/wp-content\/uploads\/2021\/01\/about-icon-3.jpg\" alt=\"\" class=\"wp-image-903\"\/><\/figure>\n\n\n<h4 class=\"wp-block-heading\">Wygl\u0105d interfejsu<\/h4>\n\n\n\n<p>Profesjonalny system edukacyjny wymaga optymalnych do\u015bwiadcze\u0144 u\u017cytkownika. Nasi projektanci s\u0105 gwarancj\u0105 systemu komfortowego w u\u017cytkowaniu.<\/p>\n<\/div>\n<\/div>\n\n<div class=\"wp-block-columns is-layout-flex wp-container-core-columns-layout-8 wp-block-columns-is-layout-flex\">\n<div class=\"wp-block-column is-layout-flow wp-block-column-is-layout-flow\">\n<figure class=\"wp-block-image size-large\"><img loading=\"lazy\" decoding=\"async\" width=\"120\" height=\"120\" src=\"https:\/\/www.projuice-learning.com\/wp-content\/uploads\/2021\/01\/about-icon-4.jpg\" alt=\"\" class=\"wp-image-905\"\/><\/figure>\n\n\n<h4 class=\"wp-block-heading\">Architektura oprogramowania<\/h4>\n\n\n\n<p>Brak koncesji i inteligentna architektura to nasze g\u0142\u00f3wne za\u0142o\u017cenia. A to solidna podstawa dla dalszego wewn\u0119trznego rozwoju oprogramowania, gwarantuj\u0105cego stabilno\u015b\u0107, szybko\u015b\u0107 i idealne dopasowanie.<\/p>\n<\/div>\n\n\n\n<div class=\"wp-block-column is-layout-flow wp-block-column-is-layout-flow\">\n<figure class=\"wp-block-image size-large\"><img loading=\"lazy\" decoding=\"async\" width=\"120\" height=\"120\" src=\"https:\/\/www.projuice-learning.com\/wp-content\/uploads\/2021\/01\/about-icon-5.jpg\" alt=\"\" class=\"wp-image-907\"\/><\/figure>\n\n\n<h4 class=\"wp-block-heading\">Bezpiecze\u0144stwo<\/h4>\n\n\n\n<p>Oprogramowanie Projuice jest bezpieczne. Jego rozw\u00f3j w duchu \u015bwiadomo\u015bci bezpiecze\u0144stwa jest procesem ci\u0105g\u0142ym, co przek\u0142ada si\u0119 na niezawodny i rzetelny system bezpiecznego przechowywania danych.<\/p>\n<\/div>\n\n\n\n<div class=\"wp-block-column is-layout-flow wp-block-column-is-layout-flow\"><\/div>\n<\/div>\n\n<div style=\"height:60px\" aria-hidden=\"true\" class=\"wp-block-spacer\"><\/div>\n\n<div class=\"wp-block-columns is-layout-flex wp-container-core-columns-layout-9 wp-block-columns-is-layout-flex\">\n<div class=\"wp-block-column is-layout-flow wp-block-column-is-layout-flow\">\n<h3 class=\"wp-block-heading\">Oferty pracy<\/h3>\n\n\n\n<p>Masz do\u015bwiadczenie jako specjalista ds. nauczania lub projektant oprogramowania, jeste\u015b przedsi\u0119biorczy, komunikatywny i posiadasz umiej\u0119tno\u015bci z zakresu doradztwa? Twoj\u0105 pasj\u0105 jest edukacja i\/lub projektowanie \u0142atwego w obs\u0142udze oprogramowania i pragniesz dostarcza\u0107 naszym klientom najlepsze rozwi\u0105zania? Mimo \u017ce nie mamy obecnie \u017cadnych ofert pracy, z ch\u0119ci\u0105 Ci\u0119 poznamy!<\/p>\n<\/div>\n\n\n\n<div class=\"wp-block-column is-layout-flow wp-block-column-is-layout-flow\"><\/div>\n<\/div>\n","protected":false},"excerpt":{"rendered":"<p>Idea Projuice zrodzi\u0142a si\u0119 w przemy\u015ble spo\u017cywczym A konkretniej u producenta napoj\u00f3w owocowych \u2013 st\u0105d nazwa \u201eProjuice\u201d. Tam odkryli\u015bmy, jak &hellip;<\/p>\n","protected":false},"author":1,"featured_media":1583,"parent":0,"menu_order":0,"comment_status":"closed","ping_status":"closed","template":"","meta":{"footnotes":""},"acf":[],"yoast_head":"<!-- This site is optimized with the Yoast SEO plugin v21.6 - https:\/\/yoast.com\/wordpress\/plugins\/seo\/ -->\n<title>Profesjonalne szkolenia pracownik\u00f3w - Projuice learning<\/title>\n<meta name=\"description\" content=\"Dzi\u0119ki inteligentnym narz\u0119dziom szkoleniowym i oprogramowaniu szkoleniowemu od Projuice wewn\u0119trzne szkolenie pracownik\u00f3w jest \u0142atwe jak nigdy dot\u0105d. Elektronicznie i w ramach pracy.\" \/>\n<meta name=\"robots\" content=\"index, follow, max-snippet:-1, max-image-preview:large, max-video-preview:-1\" \/>\n<link rel=\"canonical\" href=\"https:\/\/www.projuice-learning.com\/pl\/o-nas\/\" \/>\n<meta property=\"og:locale\" content=\"pl_PL\" \/>\n<meta property=\"og:type\" content=\"article\" \/>\n<meta property=\"og:title\" content=\"Profesjonalne szkolenia pracownik\u00f3w - Projuice learning\" \/>\n<meta property=\"og:description\" content=\"Dzi\u0119ki inteligentnym narz\u0119dziom szkoleniowym i oprogramowaniu szkoleniowemu od Projuice wewn\u0119trzne szkolenie pracownik\u00f3w jest \u0142atwe jak nigdy dot\u0105d. Elektronicznie i w ramach pracy.\" \/>\n<meta property=\"og:url\" content=\"https:\/\/www.projuice-learning.com\/pl\/o-nas\/\" \/>\n<meta property=\"og:site_name\" content=\"Projuice learning\" \/>\n<meta property=\"article:modified_time\" content=\"2021-03-16T10:49:06+00:00\" \/>\n<meta property=\"og:image\" content=\"https:\/\/www.projuice-learning.com\/wp-content\/uploads\/2020\/12\/about-hero-background.png\" \/>\n\t<meta property=\"og:image:width\" content=\"1920\" \/>\n\t<meta property=\"og:image:height\" content=\"1282\" \/>\n\t<meta property=\"og:image:type\" content=\"image\/png\" \/>\n<meta name=\"twitter:card\" content=\"summary_large_image\" \/>\n<meta name=\"twitter:label1\" content=\"Szacowany czas czytania\" \/>\n\t<meta name=\"twitter:data1\" content=\"2 minuty\" \/>\n<script type=\"application\/ld+json\" class=\"yoast-schema-graph\">{\"@context\":\"https:\/\/schema.org\",\"@graph\":[{\"@type\":\"WebPage\",\"@id\":\"https:\/\/www.projuice-learning.com\/pl\/o-nas\/\",\"url\":\"https:\/\/www.projuice-learning.com\/pl\/o-nas\/\",\"name\":\"Profesjonalne szkolenia pracownik\u00f3w - Projuice learning\",\"isPartOf\":{\"@id\":\"https:\/\/www.projuice-learning.com\/#website\"},\"datePublished\":\"2021-03-16T10:49:05+00:00\",\"dateModified\":\"2021-03-16T10:49:06+00:00\",\"description\":\"Dzi\u0119ki inteligentnym narz\u0119dziom szkoleniowym i oprogramowaniu szkoleniowemu od Projuice wewn\u0119trzne szkolenie pracownik\u00f3w jest \u0142atwe jak nigdy dot\u0105d. Elektronicznie i w ramach pracy.\",\"breadcrumb\":{\"@id\":\"https:\/\/www.projuice-learning.com\/pl\/o-nas\/#breadcrumb\"},\"inLanguage\":\"pl-PL\",\"potentialAction\":[{\"@type\":\"ReadAction\",\"target\":[\"https:\/\/www.projuice-learning.com\/pl\/o-nas\/\"]}]},{\"@type\":\"BreadcrumbList\",\"@id\":\"https:\/\/www.projuice-learning.com\/pl\/o-nas\/#breadcrumb\",\"itemListElement\":[{\"@type\":\"ListItem\",\"position\":1,\"name\":\"Home\",\"item\":\"https:\/\/www.projuice-learning.com\/pl\/strona-glowna\/\"},{\"@type\":\"ListItem\",\"position\":2,\"name\":\"O nas\"}]},{\"@type\":\"WebSite\",\"@id\":\"https:\/\/www.projuice-learning.com\/#website\",\"url\":\"https:\/\/www.projuice-learning.com\/\",\"name\":\"Projuice learning\",\"description\":\"\",\"potentialAction\":[{\"@type\":\"SearchAction\",\"target\":{\"@type\":\"EntryPoint\",\"urlTemplate\":\"https:\/\/www.projuice-learning.com\/?s={search_term_string}\"},\"query-input\":\"required name=search_term_string\"}],\"inLanguage\":\"pl-PL\"}]}<\/script>\n<!-- \/ Yoast SEO plugin. -->","yoast_head_json":{"title":"Profesjonalne szkolenia pracownik\u00f3w - Projuice learning","description":"Dzi\u0119ki inteligentnym narz\u0119dziom szkoleniowym i oprogramowaniu szkoleniowemu od Projuice wewn\u0119trzne szkolenie pracownik\u00f3w jest \u0142atwe jak nigdy dot\u0105d. Elektronicznie i w ramach pracy.","robots":{"index":"index","follow":"follow","max-snippet":"max-snippet:-1","max-image-preview":"max-image-preview:large","max-video-preview":"max-video-preview:-1"},"canonical":"https:\/\/www.projuice-learning.com\/pl\/o-nas\/","og_locale":"pl_PL","og_type":"article","og_title":"Profesjonalne szkolenia pracownik\u00f3w - Projuice learning","og_description":"Dzi\u0119ki inteligentnym narz\u0119dziom szkoleniowym i oprogramowaniu szkoleniowemu od Projuice wewn\u0119trzne szkolenie pracownik\u00f3w jest \u0142atwe jak nigdy dot\u0105d. Elektronicznie i w ramach pracy.","og_url":"https:\/\/www.projuice-learning.com\/pl\/o-nas\/","og_site_name":"Projuice learning","article_modified_time":"2021-03-16T10:49:06+00:00","og_image":[{"width":1920,"height":1282,"url":"https:\/\/www.projuice-learning.com\/wp-content\/uploads\/2020\/12\/about-hero-background.png","type":"image\/png"}],"twitter_card":"summary_large_image","twitter_misc":{"Szacowany czas czytania":"2 minuty"},"schema":{"@context":"https:\/\/schema.org","@graph":[{"@type":"WebPage","@id":"https:\/\/www.projuice-learning.com\/pl\/o-nas\/","url":"https:\/\/www.projuice-learning.com\/pl\/o-nas\/","name":"Profesjonalne szkolenia pracownik\u00f3w - Projuice learning","isPartOf":{"@id":"https:\/\/www.projuice-learning.com\/#website"},"datePublished":"2021-03-16T10:49:05+00:00","dateModified":"2021-03-16T10:49:06+00:00","description":"Dzi\u0119ki inteligentnym narz\u0119dziom szkoleniowym i oprogramowaniu szkoleniowemu od Projuice wewn\u0119trzne szkolenie pracownik\u00f3w jest \u0142atwe jak nigdy dot\u0105d. Elektronicznie i w ramach pracy.","breadcrumb":{"@id":"https:\/\/www.projuice-learning.com\/pl\/o-nas\/#breadcrumb"},"inLanguage":"pl-PL","potentialAction":[{"@type":"ReadAction","target":["https:\/\/www.projuice-learning.com\/pl\/o-nas\/"]}]},{"@type":"BreadcrumbList","@id":"https:\/\/www.projuice-learning.com\/pl\/o-nas\/#breadcrumb","itemListElement":[{"@type":"ListItem","position":1,"name":"Home","item":"https:\/\/www.projuice-learning.com\/pl\/strona-glowna\/"},{"@type":"ListItem","position":2,"name":"O nas"}]},{"@type":"WebSite","@id":"https:\/\/www.projuice-learning.com\/#website","url":"https:\/\/www.projuice-learning.com\/","name":"Projuice learning","description":"","potentialAction":[{"@type":"SearchAction","target":{"@type":"EntryPoint","urlTemplate":"https:\/\/www.projuice-learning.com\/?s={search_term_string}"},"query-input":"required name=search_term_string"}],"inLanguage":"pl-PL"}]}},"_links":{"self":[{"href":"https:\/\/www.projuice-learning.com\/pl\/wp-json\/wp\/v2\/pages\/1581"}],"collection":[{"href":"https:\/\/www.projuice-learning.com\/pl\/wp-json\/wp\/v2\/pages"}],"about":[{"href":"https:\/\/www.projuice-learning.com\/pl\/wp-json\/wp\/v2\/types\/page"}],"author":[{"embeddable":true,"href":"https:\/\/www.projuice-learning.com\/pl\/wp-json\/wp\/v2\/users\/1"}],"replies":[{"embeddable":true,"href":"https:\/\/www.projuice-learning.com\/pl\/wp-json\/wp\/v2\/comments?post=1581"}],"version-history":[{"count":1,"href":"https:\/\/www.projuice-learning.com\/pl\/wp-json\/wp\/v2\/pages\/1581\/revisions"}],"predecessor-version":[{"id":1593,"href":"https:\/\/www.projuice-learning.com\/pl\/wp-json\/wp\/v2\/pages\/1581\/revisions\/1593"}],"wp:featuredmedia":[{"embeddable":true,"href":"https:\/\/www.projuice-learning.com\/pl\/wp-json\/wp\/v2\/media\/1583"}],"wp:attachment":[{"href":"https:\/\/www.projuice-learning.com\/pl\/wp-json\/wp\/v2\/media?parent=1581"}],"curies":[{"name":"wp","href":"https:\/\/api.w.org\/{rel}","templated":true}]}}