{"id":1578,"date":"2021-03-16T11:48:55","date_gmt":"2021-03-16T10:48:55","guid":{"rendered":"https:\/\/www.projuice-learning.com\/branze\/"},"modified":"2021-03-24T11:47:53","modified_gmt":"2021-03-24T10:47:53","slug":"branze","status":"publish","type":"page","link":"https:\/\/www.projuice-learning.com\/pl\/branze\/","title":{"rendered":"Bran\u017ce"},"content":{"rendered":"\n<h2 class=\"wp-block-heading\">We wszystkich organizacjach szkolenia stanowi\u0105 wa\u017cny element procesu wdra\u017cania nowych pracownik\u00f3w<\/h2>\n\n\n\n<p>R\u00f3wnie\u017c w trakcie dalszej kariery zawodowej pracownik\u00f3w nauka pozostaje istotn\u0105 cz\u0119\u015bci\u0105 pracy. Projuice to umo\u017cliwia. Optymalnie.<\/p>\n\n\n\n<p>Na tej stronie przedstawiamy przyk\u0142ady profesjonalizacji wewn\u0119trznych szkole\u0144 w 4 sektorach. <a href=\"https:\/\/www.projuice-learning.com\/pl\/contact\/\">Prosimy o kontakt,<\/a> a poka\u017cemy, co mo\u017cemy znaczy\u0107 dla Pa\u0144stwa bran\u017cy.<\/p>\n","protected":false},"excerpt":{"rendered":"<p>We wszystkich organizacjach szkolenia stanowi\u0105 wa\u017cny element procesu wdra\u017cania nowych pracownik\u00f3w R\u00f3wnie\u017c w trakcie dalszej kariery zawodowej pracownik\u00f3w nauka pozostaje &hellip;<\/p>\n","protected":false},"author":1,"featured_media":1579,"parent":0,"menu_order":0,"comment_status":"closed","ping_status":"closed","template":"tl-industries.php","meta":{"footnotes":""},"acf":[],"yoast_head":"<!-- This site is optimized with the Yoast SEO plugin v21.6 - https:\/\/yoast.com\/wordpress\/plugins\/seo\/ -->\n<title>Bran\u017ce - Projuice learning<\/title>\n<meta name=\"robots\" content=\"index, follow, max-snippet:-1, max-image-preview:large, max-video-preview:-1\" \/>\n<link rel=\"canonical\" href=\"https:\/\/www.projuice-learning.com\/pl\/branze\/\" \/>\n<meta property=\"og:locale\" content=\"pl_PL\" \/>\n<meta property=\"og:type\" content=\"article\" \/>\n<meta property=\"og:title\" content=\"Bran\u017ce - Projuice learning\" \/>\n<meta property=\"og:description\" content=\"We wszystkich organizacjach szkolenia stanowi\u0105 wa\u017cny element procesu wdra\u017cania nowych pracownik\u00f3w R\u00f3wnie\u017c w trakcie dalszej kariery zawodowej pracownik\u00f3w nauka pozostaje &hellip;\" \/>\n<meta property=\"og:url\" content=\"https:\/\/www.projuice-learning.com\/pl\/branze\/\" \/>\n<meta property=\"og:site_name\" content=\"Projuice learning\" \/>\n<meta property=\"article:modified_time\" content=\"2021-03-24T10:47:53+00:00\" \/>\n<meta property=\"og:image\" content=\"https:\/\/www.projuice-learning.com\/wp-content\/uploads\/2021\/01\/branches-hero-background.jpg\" \/>\n\t<meta property=\"og:image:width\" content=\"1920\" \/>\n\t<meta property=\"og:image:height\" content=\"379\" \/>\n\t<meta property=\"og:image:type\" content=\"image\/jpeg\" \/>\n<meta name=\"twitter:card\" content=\"summary_large_image\" \/>\n<meta name=\"twitter:label1\" content=\"Szacowany czas czytania\" \/>\n\t<meta name=\"twitter:data1\" content=\"1 minuta\" \/>\n<script type=\"application\/ld+json\" class=\"yoast-schema-graph\">{\"@context\":\"https:\/\/schema.org\",\"@graph\":[{\"@type\":\"WebPage\",\"@id\":\"https:\/\/www.projuice-learning.com\/pl\/branze\/\",\"url\":\"https:\/\/www.projuice-learning.com\/pl\/branze\/\",\"name\":\"Bran\u017ce - Projuice learning\",\"isPartOf\":{\"@id\":\"https:\/\/www.projuice-learning.com\/#website\"},\"datePublished\":\"2021-03-16T10:48:55+00:00\",\"dateModified\":\"2021-03-24T10:47:53+00:00\",\"breadcrumb\":{\"@id\":\"https:\/\/www.projuice-learning.com\/pl\/branze\/#breadcrumb\"},\"inLanguage\":\"pl-PL\",\"potentialAction\":[{\"@type\":\"ReadAction\",\"target\":[\"https:\/\/www.projuice-learning.com\/pl\/branze\/\"]}]},{\"@type\":\"BreadcrumbList\",\"@id\":\"https:\/\/www.projuice-learning.com\/pl\/branze\/#breadcrumb\",\"itemListElement\":[{\"@type\":\"ListItem\",\"position\":1,\"name\":\"Home\",\"item\":\"https:\/\/www.projuice-learning.com\/pl\/strona-glowna\/\"},{\"@type\":\"ListItem\",\"position\":2,\"name\":\"Bran\u017ce\"}]},{\"@type\":\"WebSite\",\"@id\":\"https:\/\/www.projuice-learning.com\/#website\",\"url\":\"https:\/\/www.projuice-learning.com\/\",\"name\":\"Projuice learning\",\"description\":\"\",\"potentialAction\":[{\"@type\":\"SearchAction\",\"target\":{\"@type\":\"EntryPoint\",\"urlTemplate\":\"https:\/\/www.projuice-learning.com\/?s={search_term_string}\"},\"query-input\":\"required name=search_term_string\"}],\"inLanguage\":\"pl-PL\"}]}<\/script>\n<!-- \/ Yoast SEO plugin. -->","yoast_head_json":{"title":"Bran\u017ce - Projuice learning","robots":{"index":"index","follow":"follow","max-snippet":"max-snippet:-1","max-image-preview":"max-image-preview:large","max-video-preview":"max-video-preview:-1"},"canonical":"https:\/\/www.projuice-learning.com\/pl\/branze\/","og_locale":"pl_PL","og_type":"article","og_title":"Bran\u017ce - Projuice learning","og_description":"We wszystkich organizacjach szkolenia stanowi\u0105 wa\u017cny element procesu wdra\u017cania nowych pracownik\u00f3w R\u00f3wnie\u017c w trakcie dalszej kariery zawodowej pracownik\u00f3w nauka pozostaje &hellip;","og_url":"https:\/\/www.projuice-learning.com\/pl\/branze\/","og_site_name":"Projuice learning","article_modified_time":"2021-03-24T10:47:53+00:00","og_image":[{"width":1920,"height":379,"url":"https:\/\/www.projuice-learning.com\/wp-content\/uploads\/2021\/01\/branches-hero-background.jpg","type":"image\/jpeg"}],"twitter_card":"summary_large_image","twitter_misc":{"Szacowany czas czytania":"1 minuta"},"schema":{"@context":"https:\/\/schema.org","@graph":[{"@type":"WebPage","@id":"https:\/\/www.projuice-learning.com\/pl\/branze\/","url":"https:\/\/www.projuice-learning.com\/pl\/branze\/","name":"Bran\u017ce - Projuice learning","isPartOf":{"@id":"https:\/\/www.projuice-learning.com\/#website"},"datePublished":"2021-03-16T10:48:55+00:00","dateModified":"2021-03-24T10:47:53+00:00","breadcrumb":{"@id":"https:\/\/www.projuice-learning.com\/pl\/branze\/#breadcrumb"},"inLanguage":"pl-PL","potentialAction":[{"@type":"ReadAction","target":["https:\/\/www.projuice-learning.com\/pl\/branze\/"]}]},{"@type":"BreadcrumbList","@id":"https:\/\/www.projuice-learning.com\/pl\/branze\/#breadcrumb","itemListElement":[{"@type":"ListItem","position":1,"name":"Home","item":"https:\/\/www.projuice-learning.com\/pl\/strona-glowna\/"},{"@type":"ListItem","position":2,"name":"Bran\u017ce"}]},{"@type":"WebSite","@id":"https:\/\/www.projuice-learning.com\/#website","url":"https:\/\/www.projuice-learning.com\/","name":"Projuice learning","description":"","potentialAction":[{"@type":"SearchAction","target":{"@type":"EntryPoint","urlTemplate":"https:\/\/www.projuice-learning.com\/?s={search_term_string}"},"query-input":"required name=search_term_string"}],"inLanguage":"pl-PL"}]}},"_links":{"self":[{"href":"https:\/\/www.projuice-learning.com\/pl\/wp-json\/wp\/v2\/pages\/1578"}],"collection":[{"href":"https:\/\/www.projuice-learning.com\/pl\/wp-json\/wp\/v2\/pages"}],"about":[{"href":"https:\/\/www.projuice-learning.com\/pl\/wp-json\/wp\/v2\/types\/page"}],"author":[{"embeddable":true,"href":"https:\/\/www.projuice-learning.com\/pl\/wp-json\/wp\/v2\/users\/1"}],"replies":[{"embeddable":true,"href":"https:\/\/www.projuice-learning.com\/pl\/wp-json\/wp\/v2\/comments?post=1578"}],"version-history":[{"count":2,"href":"https:\/\/www.projuice-learning.com\/pl\/wp-json\/wp\/v2\/pages\/1578\/revisions"}],"predecessor-version":[{"id":1848,"href":"https:\/\/www.projuice-learning.com\/pl\/wp-json\/wp\/v2\/pages\/1578\/revisions\/1848"}],"wp:featuredmedia":[{"embeddable":true,"href":"https:\/\/www.projuice-learning.com\/pl\/wp-json\/wp\/v2\/media\/1579"}],"wp:attachment":[{"href":"https:\/\/www.projuice-learning.com\/pl\/wp-json\/wp\/v2\/media?parent=1578"}],"curies":[{"name":"wp","href":"https:\/\/api.w.org\/{rel}","templated":true}]}}