{"id":1566,"date":"2021-03-16T11:48:42","date_gmt":"2021-03-16T10:48:42","guid":{"rendered":"https:\/\/www.projuice-learning.com\/oprogramowanie-szkoleniowe\/"},"modified":"2021-05-25T13:52:12","modified_gmt":"2021-05-25T11:52:12","slug":"oprogramowanie-szkoleniowe","status":"publish","type":"page","link":"https:\/\/www.projuice-learning.com\/pl\/oprogramowanie-szkoleniowe\/","title":{"rendered":"Oprogramowanie szkoleniowe"},"content":{"rendered":"\n<h1 class=\"wp-block-heading\">Oprogramowanie szkoleniowe Projuice<\/h1>\n\n\n\n<p>Wydajno\u015b\u0107 pracownik\u00f3w przek\u0142ada si\u0119 na sukces organizacji. Wdro\u017cenie narz\u0119dzi Projuice pozwala znacz\u0105co poprawi\u0107 wyniki. A ponadto czyni nauk\u0119 przyjemn\u0105! Jakie to narz\u0119dzia? Przeczytaj na naszej stronie i <a href=\"https:\/\/www.projuice-learning.com\/pl\/contact\/\">skontaktuj si\u0119<\/a> z nami.<\/p>\n","protected":false},"excerpt":{"rendered":"<p>Oprogramowanie szkoleniowe Projuice Wydajno\u015b\u0107 pracownik\u00f3w przek\u0142ada si\u0119 na sukces organizacji. Wdro\u017cenie narz\u0119dzi Projuice pozwala znacz\u0105co poprawi\u0107 wyniki. A ponadto czyni &hellip;<\/p>\n","protected":false},"author":1,"featured_media":1576,"parent":0,"menu_order":0,"comment_status":"closed","ping_status":"closed","template":"tl-software.php","meta":{"footnotes":""},"acf":[],"yoast_head":"<!-- This site is optimized with the Yoast SEO plugin v21.6 - https:\/\/yoast.com\/wordpress\/plugins\/seo\/ -->\n<title>Oprogramowanie szkoleniowe - Projuice learning<\/title>\n<meta name=\"robots\" content=\"index, follow, max-snippet:-1, max-image-preview:large, max-video-preview:-1\" \/>\n<link rel=\"canonical\" href=\"https:\/\/www.projuice-learning.com\/pl\/oprogramowanie-szkoleniowe\/\" \/>\n<meta property=\"og:locale\" content=\"pl_PL\" \/>\n<meta property=\"og:type\" content=\"article\" \/>\n<meta property=\"og:title\" content=\"Oprogramowanie szkoleniowe - Projuice learning\" \/>\n<meta property=\"og:description\" content=\"Oprogramowanie szkoleniowe Projuice Wydajno\u015b\u0107 pracownik\u00f3w przek\u0142ada si\u0119 na sukces organizacji. Wdro\u017cenie narz\u0119dzi Projuice pozwala znacz\u0105co poprawi\u0107 wyniki. A ponadto czyni &hellip;\" \/>\n<meta property=\"og:url\" content=\"https:\/\/www.projuice-learning.com\/pl\/oprogramowanie-szkoleniowe\/\" \/>\n<meta property=\"og:site_name\" content=\"Projuice learning\" \/>\n<meta property=\"article:modified_time\" content=\"2021-05-25T11:52:12+00:00\" \/>\n<meta property=\"og:image\" content=\"https:\/\/www.projuice-learning.com\/wp-content\/uploads\/2021\/01\/software-hero-background.jpg\" \/>\n\t<meta property=\"og:image:width\" content=\"1920\" \/>\n\t<meta property=\"og:image:height\" content=\"642\" \/>\n\t<meta property=\"og:image:type\" content=\"image\/jpeg\" \/>\n<meta name=\"twitter:card\" content=\"summary_large_image\" \/>\n<meta name=\"twitter:label1\" content=\"Szacowany czas czytania\" \/>\n\t<meta name=\"twitter:data1\" content=\"1 minuta\" \/>\n<script type=\"application\/ld+json\" class=\"yoast-schema-graph\">{\"@context\":\"https:\/\/schema.org\",\"@graph\":[{\"@type\":\"WebPage\",\"@id\":\"https:\/\/www.projuice-learning.com\/pl\/oprogramowanie-szkoleniowe\/\",\"url\":\"https:\/\/www.projuice-learning.com\/pl\/oprogramowanie-szkoleniowe\/\",\"name\":\"Oprogramowanie szkoleniowe - Projuice learning\",\"isPartOf\":{\"@id\":\"https:\/\/www.projuice-learning.com\/#website\"},\"datePublished\":\"2021-03-16T10:48:42+00:00\",\"dateModified\":\"2021-05-25T11:52:12+00:00\",\"breadcrumb\":{\"@id\":\"https:\/\/www.projuice-learning.com\/pl\/oprogramowanie-szkoleniowe\/#breadcrumb\"},\"inLanguage\":\"pl-PL\",\"potentialAction\":[{\"@type\":\"ReadAction\",\"target\":[\"https:\/\/www.projuice-learning.com\/pl\/oprogramowanie-szkoleniowe\/\"]}]},{\"@type\":\"BreadcrumbList\",\"@id\":\"https:\/\/www.projuice-learning.com\/pl\/oprogramowanie-szkoleniowe\/#breadcrumb\",\"itemListElement\":[{\"@type\":\"ListItem\",\"position\":1,\"name\":\"Home\",\"item\":\"https:\/\/www.projuice-learning.com\/pl\/strona-glowna\/\"},{\"@type\":\"ListItem\",\"position\":2,\"name\":\"Oprogramowanie szkoleniowe\"}]},{\"@type\":\"WebSite\",\"@id\":\"https:\/\/www.projuice-learning.com\/#website\",\"url\":\"https:\/\/www.projuice-learning.com\/\",\"name\":\"Projuice learning\",\"description\":\"\",\"potentialAction\":[{\"@type\":\"SearchAction\",\"target\":{\"@type\":\"EntryPoint\",\"urlTemplate\":\"https:\/\/www.projuice-learning.com\/?s={search_term_string}\"},\"query-input\":\"required name=search_term_string\"}],\"inLanguage\":\"pl-PL\"}]}<\/script>\n<!-- \/ Yoast SEO plugin. -->","yoast_head_json":{"title":"Oprogramowanie szkoleniowe - Projuice learning","robots":{"index":"index","follow":"follow","max-snippet":"max-snippet:-1","max-image-preview":"max-image-preview:large","max-video-preview":"max-video-preview:-1"},"canonical":"https:\/\/www.projuice-learning.com\/pl\/oprogramowanie-szkoleniowe\/","og_locale":"pl_PL","og_type":"article","og_title":"Oprogramowanie szkoleniowe - Projuice learning","og_description":"Oprogramowanie szkoleniowe Projuice Wydajno\u015b\u0107 pracownik\u00f3w przek\u0142ada si\u0119 na sukces organizacji. Wdro\u017cenie narz\u0119dzi Projuice pozwala znacz\u0105co poprawi\u0107 wyniki. A ponadto czyni &hellip;","og_url":"https:\/\/www.projuice-learning.com\/pl\/oprogramowanie-szkoleniowe\/","og_site_name":"Projuice learning","article_modified_time":"2021-05-25T11:52:12+00:00","og_image":[{"width":1920,"height":642,"url":"https:\/\/www.projuice-learning.com\/wp-content\/uploads\/2021\/01\/software-hero-background.jpg","type":"image\/jpeg"}],"twitter_card":"summary_large_image","twitter_misc":{"Szacowany czas czytania":"1 minuta"},"schema":{"@context":"https:\/\/schema.org","@graph":[{"@type":"WebPage","@id":"https:\/\/www.projuice-learning.com\/pl\/oprogramowanie-szkoleniowe\/","url":"https:\/\/www.projuice-learning.com\/pl\/oprogramowanie-szkoleniowe\/","name":"Oprogramowanie szkoleniowe - Projuice learning","isPartOf":{"@id":"https:\/\/www.projuice-learning.com\/#website"},"datePublished":"2021-03-16T10:48:42+00:00","dateModified":"2021-05-25T11:52:12+00:00","breadcrumb":{"@id":"https:\/\/www.projuice-learning.com\/pl\/oprogramowanie-szkoleniowe\/#breadcrumb"},"inLanguage":"pl-PL","potentialAction":[{"@type":"ReadAction","target":["https:\/\/www.projuice-learning.com\/pl\/oprogramowanie-szkoleniowe\/"]}]},{"@type":"BreadcrumbList","@id":"https:\/\/www.projuice-learning.com\/pl\/oprogramowanie-szkoleniowe\/#breadcrumb","itemListElement":[{"@type":"ListItem","position":1,"name":"Home","item":"https:\/\/www.projuice-learning.com\/pl\/strona-glowna\/"},{"@type":"ListItem","position":2,"name":"Oprogramowanie szkoleniowe"}]},{"@type":"WebSite","@id":"https:\/\/www.projuice-learning.com\/#website","url":"https:\/\/www.projuice-learning.com\/","name":"Projuice learning","description":"","potentialAction":[{"@type":"SearchAction","target":{"@type":"EntryPoint","urlTemplate":"https:\/\/www.projuice-learning.com\/?s={search_term_string}"},"query-input":"required name=search_term_string"}],"inLanguage":"pl-PL"}]}},"_links":{"self":[{"href":"https:\/\/www.projuice-learning.com\/pl\/wp-json\/wp\/v2\/pages\/1566"}],"collection":[{"href":"https:\/\/www.projuice-learning.com\/pl\/wp-json\/wp\/v2\/pages"}],"about":[{"href":"https:\/\/www.projuice-learning.com\/pl\/wp-json\/wp\/v2\/types\/page"}],"author":[{"embeddable":true,"href":"https:\/\/www.projuice-learning.com\/pl\/wp-json\/wp\/v2\/users\/1"}],"replies":[{"embeddable":true,"href":"https:\/\/www.projuice-learning.com\/pl\/wp-json\/wp\/v2\/comments?post=1566"}],"version-history":[{"count":7,"href":"https:\/\/www.projuice-learning.com\/pl\/wp-json\/wp\/v2\/pages\/1566\/revisions"}],"predecessor-version":[{"id":2293,"href":"https:\/\/www.projuice-learning.com\/pl\/wp-json\/wp\/v2\/pages\/1566\/revisions\/2293"}],"wp:featuredmedia":[{"embeddable":true,"href":"https:\/\/www.projuice-learning.com\/pl\/wp-json\/wp\/v2\/media\/1576"}],"wp:attachment":[{"href":"https:\/\/www.projuice-learning.com\/pl\/wp-json\/wp\/v2\/media?parent=1566"}],"curies":[{"name":"wp","href":"https:\/\/api.w.org\/{rel}","templated":true}]}}