{"id":1548,"date":"2021-03-16T11:45:50","date_gmt":"2021-03-16T10:45:50","guid":{"rendered":"https:\/\/www.projuice-learning.com\/strona-glowna\/"},"modified":"2021-05-12T15:51:00","modified_gmt":"2021-05-12T13:51:00","slug":"strona-glowna","status":"publish","type":"page","link":"https:\/\/www.projuice-learning.com\/pl\/","title":{"rendered":"Strona g\u0142\u00f3wna"},"content":{"rendered":"\n<h2 class=\"wp-block-heading\">The best education elixir<\/h2>\n\n\n\n<h1 class=\"wp-block-heading\"><strong>Profesjonalizacja wewn\u0119trznych szkole\u0144<\/strong><\/h1>\n","protected":false},"excerpt":{"rendered":"<p>The best education elixir Profesjonalizacja wewn\u0119trznych szkole\u0144<\/p>\n","protected":false},"author":1,"featured_media":1559,"parent":0,"menu_order":0,"comment_status":"closed","ping_status":"closed","template":"tl-home.php","meta":{"footnotes":""},"acf":[],"yoast_head":"<!-- This site is optimized with the Yoast SEO plugin v21.6 - https:\/\/yoast.com\/wordpress\/plugins\/seo\/ -->\n<title>Profesjonalizacja wewn\u0119trznych szkole\u0144 | Projuice learning<\/title>\n<meta name=\"description\" content=\"Projuice pozwala stworzy\u0107 w\u0142asn\u0105 akademi\u0119. Nasze \u0142atwe w obs\u0142udze oprogramowanie szkoleniowe zawiera m.in. matryc\u0119 umiej\u0119tno\u015bci i narz\u0119dzie do planowania.\" \/>\n<meta name=\"robots\" content=\"index, follow, max-snippet:-1, max-image-preview:large, max-video-preview:-1\" \/>\n<link rel=\"canonical\" href=\"https:\/\/www.projuice-learning.com\/pl\/strona-glowna\/\" \/>\n<meta property=\"og:locale\" content=\"pl_PL\" \/>\n<meta property=\"og:type\" content=\"article\" \/>\n<meta property=\"og:title\" content=\"Profesjonalizacja wewn\u0119trznych szkole\u0144 | Projuice learning\" \/>\n<meta property=\"og:description\" content=\"Projuice pozwala stworzy\u0107 w\u0142asn\u0105 akademi\u0119. Nasze \u0142atwe w obs\u0142udze oprogramowanie szkoleniowe zawiera m.in. matryc\u0119 umiej\u0119tno\u015bci i narz\u0119dzie do planowania.\" \/>\n<meta property=\"og:url\" content=\"https:\/\/www.projuice-learning.com\/pl\/strona-glowna\/\" \/>\n<meta property=\"og:site_name\" content=\"Projuice learning\" \/>\n<meta property=\"article:modified_time\" content=\"2021-05-12T13:51:00+00:00\" \/>\n<meta property=\"og:image\" content=\"https:\/\/www.projuice-learning.com\/wp-content\/uploads\/2020\/12\/home-hero-background.png\" \/>\n\t<meta property=\"og:image:width\" content=\"1024\" \/>\n\t<meta property=\"og:image:height\" content=\"667\" \/>\n\t<meta property=\"og:image:type\" content=\"image\/png\" \/>\n<meta name=\"twitter:card\" content=\"summary_large_image\" \/>\n<meta name=\"twitter:label1\" content=\"Szacowany czas czytania\" \/>\n\t<meta name=\"twitter:data1\" content=\"1 minuta\" \/>\n<script type=\"application\/ld+json\" class=\"yoast-schema-graph\">{\"@context\":\"https:\/\/schema.org\",\"@graph\":[{\"@type\":\"WebPage\",\"@id\":\"https:\/\/www.projuice-learning.com\/pl\/strona-glowna\/\",\"url\":\"https:\/\/www.projuice-learning.com\/pl\/strona-glowna\/\",\"name\":\"Profesjonalizacja wewn\u0119trznych szkole\u0144 | Projuice learning\",\"isPartOf\":{\"@id\":\"https:\/\/www.projuice-learning.com\/#website\"},\"datePublished\":\"2021-03-16T10:45:50+00:00\",\"dateModified\":\"2021-05-12T13:51:00+00:00\",\"description\":\"Projuice pozwala stworzy\u0107 w\u0142asn\u0105 akademi\u0119. Nasze \u0142atwe w obs\u0142udze oprogramowanie szkoleniowe zawiera m.in. matryc\u0119 umiej\u0119tno\u015bci i narz\u0119dzie do planowania.\",\"breadcrumb\":{\"@id\":\"https:\/\/www.projuice-learning.com\/pl\/strona-glowna\/#breadcrumb\"},\"inLanguage\":\"pl-PL\",\"potentialAction\":[{\"@type\":\"ReadAction\",\"target\":[\"https:\/\/www.projuice-learning.com\/pl\/strona-glowna\/\"]}]},{\"@type\":\"BreadcrumbList\",\"@id\":\"https:\/\/www.projuice-learning.com\/pl\/strona-glowna\/#breadcrumb\",\"itemListElement\":[{\"@type\":\"ListItem\",\"position\":1,\"name\":\"Home\",\"item\":\"https:\/\/www.projuice-learning.com\/pl\/strona-glowna\/\"},{\"@type\":\"ListItem\",\"position\":2,\"name\":\"Strona g\u0142\u00f3wna\"}]},{\"@type\":\"WebSite\",\"@id\":\"https:\/\/www.projuice-learning.com\/#website\",\"url\":\"https:\/\/www.projuice-learning.com\/\",\"name\":\"Projuice learning\",\"description\":\"\",\"potentialAction\":[{\"@type\":\"SearchAction\",\"target\":{\"@type\":\"EntryPoint\",\"urlTemplate\":\"https:\/\/www.projuice-learning.com\/?s={search_term_string}\"},\"query-input\":\"required name=search_term_string\"}],\"inLanguage\":\"pl-PL\"}]}<\/script>\n<!-- \/ Yoast SEO plugin. -->","yoast_head_json":{"title":"Profesjonalizacja wewn\u0119trznych szkole\u0144 | Projuice learning","description":"Projuice pozwala stworzy\u0107 w\u0142asn\u0105 akademi\u0119. Nasze \u0142atwe w obs\u0142udze oprogramowanie szkoleniowe zawiera m.in. matryc\u0119 umiej\u0119tno\u015bci i narz\u0119dzie do planowania.","robots":{"index":"index","follow":"follow","max-snippet":"max-snippet:-1","max-image-preview":"max-image-preview:large","max-video-preview":"max-video-preview:-1"},"canonical":"https:\/\/www.projuice-learning.com\/pl\/strona-glowna\/","og_locale":"pl_PL","og_type":"article","og_title":"Profesjonalizacja wewn\u0119trznych szkole\u0144 | Projuice learning","og_description":"Projuice pozwala stworzy\u0107 w\u0142asn\u0105 akademi\u0119. Nasze \u0142atwe w obs\u0142udze oprogramowanie szkoleniowe zawiera m.in. matryc\u0119 umiej\u0119tno\u015bci i narz\u0119dzie do planowania.","og_url":"https:\/\/www.projuice-learning.com\/pl\/strona-glowna\/","og_site_name":"Projuice learning","article_modified_time":"2021-05-12T13:51:00+00:00","og_image":[{"url":"https:\/\/www.projuice-learning.com\/wp-content\/uploads\/2020\/12\/home-hero-background.png","width":1024,"height":667,"type":"image\/png"}],"twitter_card":"summary_large_image","twitter_misc":{"Szacowany czas czytania":"1 minuta"},"schema":{"@context":"https:\/\/schema.org","@graph":[{"@type":"WebPage","@id":"https:\/\/www.projuice-learning.com\/pl\/strona-glowna\/","url":"https:\/\/www.projuice-learning.com\/pl\/strona-glowna\/","name":"Profesjonalizacja wewn\u0119trznych szkole\u0144 | Projuice learning","isPartOf":{"@id":"https:\/\/www.projuice-learning.com\/#website"},"datePublished":"2021-03-16T10:45:50+00:00","dateModified":"2021-05-12T13:51:00+00:00","description":"Projuice pozwala stworzy\u0107 w\u0142asn\u0105 akademi\u0119. Nasze \u0142atwe w obs\u0142udze oprogramowanie szkoleniowe zawiera m.in. matryc\u0119 umiej\u0119tno\u015bci i narz\u0119dzie do planowania.","breadcrumb":{"@id":"https:\/\/www.projuice-learning.com\/pl\/strona-glowna\/#breadcrumb"},"inLanguage":"pl-PL","potentialAction":[{"@type":"ReadAction","target":["https:\/\/www.projuice-learning.com\/pl\/strona-glowna\/"]}]},{"@type":"BreadcrumbList","@id":"https:\/\/www.projuice-learning.com\/pl\/strona-glowna\/#breadcrumb","itemListElement":[{"@type":"ListItem","position":1,"name":"Home","item":"https:\/\/www.projuice-learning.com\/pl\/strona-glowna\/"},{"@type":"ListItem","position":2,"name":"Strona g\u0142\u00f3wna"}]},{"@type":"WebSite","@id":"https:\/\/www.projuice-learning.com\/#website","url":"https:\/\/www.projuice-learning.com\/","name":"Projuice learning","description":"","potentialAction":[{"@type":"SearchAction","target":{"@type":"EntryPoint","urlTemplate":"https:\/\/www.projuice-learning.com\/?s={search_term_string}"},"query-input":"required name=search_term_string"}],"inLanguage":"pl-PL"}]}},"_links":{"self":[{"href":"https:\/\/www.projuice-learning.com\/pl\/wp-json\/wp\/v2\/pages\/1548"}],"collection":[{"href":"https:\/\/www.projuice-learning.com\/pl\/wp-json\/wp\/v2\/pages"}],"about":[{"href":"https:\/\/www.projuice-learning.com\/pl\/wp-json\/wp\/v2\/types\/page"}],"author":[{"embeddable":true,"href":"https:\/\/www.projuice-learning.com\/pl\/wp-json\/wp\/v2\/users\/1"}],"replies":[{"embeddable":true,"href":"https:\/\/www.projuice-learning.com\/pl\/wp-json\/wp\/v2\/comments?post=1548"}],"version-history":[{"count":11,"href":"https:\/\/www.projuice-learning.com\/pl\/wp-json\/wp\/v2\/pages\/1548\/revisions"}],"predecessor-version":[{"id":2287,"href":"https:\/\/www.projuice-learning.com\/pl\/wp-json\/wp\/v2\/pages\/1548\/revisions\/2287"}],"wp:featuredmedia":[{"embeddable":true,"href":"https:\/\/www.projuice-learning.com\/pl\/wp-json\/wp\/v2\/media\/1559"}],"wp:attachment":[{"href":"https:\/\/www.projuice-learning.com\/pl\/wp-json\/wp\/v2\/media?parent=1548"}],"curies":[{"name":"wp","href":"https:\/\/api.w.org\/{rel}","templated":true}]}}