{"id":1262,"date":"2021-03-11T14:45:45","date_gmt":"2021-03-11T13:45:45","guid":{"rendered":"https:\/\/www.projuice-learning.com\/chi-siamo\/"},"modified":"2021-03-24T19:47:55","modified_gmt":"2021-03-24T18:47:55","slug":"chi-siamo","status":"publish","type":"page","link":"https:\/\/www.projuice-learning.com\/it\/chi-siamo\/","title":{"rendered":"Chi siamo"},"content":{"rendered":"\n<div class=\"wp-block-columns is-layout-flex wp-container-core-columns-layout-1 wp-block-columns-is-layout-flex\">\n<div class=\"wp-block-column is-layout-flow wp-block-column-is-layout-flow\" style=\"flex-basis:50%\">\n<h2 class=\"wp-block-heading\">L&#8217;idea del sistema Projuice \u00e8 nata all&#8217;interno dell&#8217;industria alimentare<\/h2>\n\n\n\n<p>E per essere pi\u00f9 precisi presso un produttore di bevande alla frutta, da cui il nome Projuice. Qui abbiamo scoperto quanto sia decisiva la performance dei dipendenti per la sicurezza sul lavoro, nonch\u00e9 per la qualit\u00e0 e il progresso della produzione e quanto pu\u00f2 essere difficile mantenere e migliorare ulteriormente le prestazioni in modo strutturato.<\/p>\n<\/div>\n\n\n\n<div class=\"wp-block-column col-image is-layout-flow wp-block-column-is-layout-flow\" style=\"flex-basis:50%\" id=\"col-image\">\n<figure class=\"wp-block-image size-large\"><img loading=\"lazy\" decoding=\"async\" width=\"1024\" height=\"680\" src=\"https:\/\/www.projuice-learning.com\/wp-content\/uploads\/2021\/01\/about-00.jpg\" alt=\"\" class=\"wp-image-931\" \/><\/figure><\/div>\n<\/div>\n\n<div class=\"wp-block-columns is-layout-flex wp-container-core-columns-layout-2 wp-block-columns-is-layout-flex\">\n<div class=\"wp-block-column is-layout-flow wp-block-column-is-layout-flow\">\n<figure class=\"wp-block-image size-large\"><img loading=\"lazy\" decoding=\"async\" width=\"1280\" height=\"853\" src=\"https:\/\/www.projuice-learning.com\/wp-content\/uploads\/2021\/01\/about-01.jpg\" alt=\"\" class=\"wp-image-884\" \/><\/figure><\/div>\n\n\n\n<div class=\"wp-block-column is-layout-flow wp-block-column-is-layout-flow\">\n<h3 class=\"wp-block-heading\">La soluzione: un sistema di aggiornamento intelligente<\/h3>\n\n\n\n<p>Questo \u00e8 il motivo per cui abbiamo sviluppato il sistema di formazione Projuice in stretta collaborazione con i partner della suddetta industria e di altri settori. Una soluzione intelligente che fornisce automaticamente informazioni dettagliate sui requisiti e sulle competenze attuali dei dipendenti divisi per sedi di lavoro, per  fare in modo che possano essere determinati in maniera diretta i provvedimenti necessari per colmare eventuali lacune. L&#8217;azienda dedica inoltre costante attenzione allo sviluppo continuo di Projuice.<\/p>\n<\/div>\n<\/div>\n\n<div class=\"wp-block-columns is-layout-flex wp-container-core-columns-layout-3 wp-block-columns-is-layout-flex\">\n<div class=\"wp-block-column is-layout-flow wp-block-column-is-layout-flow\">\n<h3 class=\"wp-block-heading\">Ci\u00f2 che rende Projuice unico<\/h3>\n\n\n\n<ul><li>Apprendimento e test professionali in loco<\/li><li>Basato su standard interni di qualit\u00e0 sempre aggiornati<\/li><li>Risultati visibili in tempo reale<\/li><li>Le competenze vengono continuamente aggiornate automaticamente su tutti gli strumenti di monitoraggio applicabili sul posto di lavoro <\/li><\/ul><\/div>\n\n\n\n<div class=\"wp-block-column col-image is-layout-flow wp-block-column-is-layout-flow\">\n<figure class=\"wp-block-image size-large\"><img loading=\"lazy\" decoding=\"async\" width=\"1280\" height=\"819\" src=\"https:\/\/www.projuice-learning.com\/wp-content\/uploads\/2021\/01\/about-02.jpg\" alt=\"\" class=\"wp-image-886\" \/><\/figure><\/div>\n<\/div>\n\n<div class=\"wp-block-columns is-layout-flex wp-container-core-columns-layout-5 wp-block-columns-is-layout-flex\">\n<div class=\"wp-block-column is-layout-flow wp-block-column-is-layout-flow\">\n<figure class=\"wp-block-image size-large\"><img loading=\"lazy\" decoding=\"async\" width=\"1280\" height=\"960\" src=\"https:\/\/www.projuice-learning.com\/wp-content\/uploads\/2021\/01\/about-03.jpg\" alt=\"\" class=\"wp-image-888\" \/><\/figure><\/div>\n\n\n\n<div class=\"wp-block-column is-layout-flow wp-block-column-is-layout-flow\">\n<h3 class=\"wp-block-heading\">Vantaggi<\/h3>\n\n\n\n<p>Projuice \u00e8 ormai un concetto affermato per i dipendenti di innumerevoli organizzazioni. Queste hanno potuto sperimentare direttamente come la formazione professionale non debba necessariamente essere complicata. Dopo soli tre mesi di utilizzo di Projuice sono apparsi i primi risultati:<\/p>\n\n\n\n<ul><li>Un&#8217;organizzazione che risponde con professionalit\u00e0 a tutte le problematiche legate alla formazione<\/li><li> Aumento dell&#8217;efficienza di tutte le risorse disponibili<\/li><li>Punteggi eccellenti nelle verifiche<\/li><\/ul>\n\n\n<div class=\"wp-block-columns is-layout-flex wp-container-core-columns-layout-4 wp-block-columns-is-layout-flex\">\n<div class=\"wp-block-column is-layout-flow wp-block-column-is-layout-flow\"><\/div>\n<\/div>\n<\/div>\n<\/div>\n\n<div class=\"wp-block-columns is-layout-flex wp-container-core-columns-layout-6 wp-block-columns-is-layout-flex\">\n<div class=\"wp-block-column is-layout-flow wp-block-column-is-layout-flow\">\n<h2 class=\"wp-block-heading\">Come operiamo<\/h2>\n\n\n\n<p>Lo sviluppo continuo del software e dei servizi di formazione riceve la nostra costante attenzione. In particolare lavoriamo attraverso cinque aree di competenza.<\/p>\n<\/div>\n\n\n\n<div class=\"wp-block-column is-layout-flow wp-block-column-is-layout-flow\"><\/div>\n<\/div>\n\n<div class=\"wp-block-columns is-layout-flex wp-container-core-columns-layout-7 wp-block-columns-is-layout-flex\">\n<div class=\"wp-block-column is-layout-flow wp-block-column-is-layout-flow\">\n<figure class=\"wp-block-image size-large\"><img loading=\"lazy\" decoding=\"async\" width=\"120\" height=\"120\" src=\"https:\/\/www.projuice-learning.com\/wp-content\/uploads\/2021\/01\/about-icon-1.jpg\" alt=\"\" class=\"wp-image-897\" \/><\/figure>\n\n\n<h4 class=\"wp-block-heading\">La vostra pratica<\/h4>\n\n\n\n<p>Il discorso qui \u00e8 molto semplice: il continuo sviluppo di Projuice \u00e8 atto a soddisfare in primis le esigenze dei nostri clienti, per scoprire le quali siamo in costante contatto con gli addetti ai contenuti in loco.<\/p>\n<\/div>\n\n\n\n<div class=\"wp-block-column is-layout-flow wp-block-column-is-layout-flow\">\n<figure class=\"wp-block-image size-large\"><img loading=\"lazy\" decoding=\"async\" width=\"120\" height=\"120\" src=\"https:\/\/www.projuice-learning.com\/wp-content\/uploads\/2021\/01\/about-icon-2.jpg\" alt=\"\" class=\"wp-image-901\" \/><\/figure>\n\n\n<h4 class=\"wp-block-heading\">Didattica<\/h4>\n\n\n\n<p>Projuice Learning vanta un team di esperti nel campo della didattica. Ci\u00f2 si traduce in strumenti di formazione altamente efficaci, basati sugli sviluppi pi\u00f9 recenti in tale campo. Inoltre siamo in grado di offrire supporto e assistenza adeguati per rendere l&#8217;organizzazione del precorso di formazione all&#8217;interno dell&#8217;azienda altamente professionale.<\/p>\n<\/div>\n\n\n\n<div class=\"wp-block-column is-layout-flow wp-block-column-is-layout-flow\">\n<figure class=\"wp-block-image size-large\"><img loading=\"lazy\" decoding=\"async\" width=\"120\" height=\"120\" src=\"https:\/\/www.projuice-learning.com\/wp-content\/uploads\/2021\/01\/about-icon-3.jpg\" alt=\"\" class=\"wp-image-903\" \/><\/figure>\n\n\n<h4 class=\"wp-block-heading\">Design dell&#8217;interfaccia<\/h4>\n\n\n\n<p>L&#8217;esperienza ottimale degli utenti \u00e8 sicuramente parte integrante di un sistema di formazione professionale. Grazie ai nostri sviluppatori che si occupano dell&#8217;interazione con i clienti si pu\u00f2 fare affidamento su un sistema straordinariamente intuitivo.<\/p>\n<\/div>\n<\/div>\n\n<div class=\"wp-block-columns is-layout-flex wp-container-core-columns-layout-8 wp-block-columns-is-layout-flex\">\n<div class=\"wp-block-column is-layout-flow wp-block-column-is-layout-flow\">\n<figure class=\"wp-block-image size-large\"><img loading=\"lazy\" decoding=\"async\" width=\"120\" height=\"120\" src=\"https:\/\/www.projuice-learning.com\/wp-content\/uploads\/2021\/01\/about-icon-4.jpg\" alt=\"\" class=\"wp-image-905\" \/><\/figure>\n\n\n<h4 class=\"wp-block-heading\">Architettura software<\/h4>\n\n\n\n<p>Nessuna concessione: l&#8217;architettura intelligente rappresenta sempre il nostro punto di partenza. Questo ci fornisce una solida base per lo sviluppo continuo del software in azienda, garantendo stabilit\u00e0, velocit\u00e0 e precisione costanti.<\/p>\n<\/div>\n\n\n\n<div class=\"wp-block-column is-layout-flow wp-block-column-is-layout-flow\">\n<figure class=\"wp-block-image size-large\"><img loading=\"lazy\" decoding=\"async\" width=\"120\" height=\"120\" src=\"https:\/\/www.projuice-learning.com\/wp-content\/uploads\/2021\/01\/about-icon-5.jpg\" alt=\"\" class=\"wp-image-907\" \/><\/figure>\n\n\n<h4 class=\"wp-block-heading\">Sicurezza<\/h4>\n\n\n\n<p>Il software Projuice \u00e8 sicuro. L&#8217;attenzione alla sicurezza nello sviluppo del software rappresenta per noi un processo cosciente continuo, per cui i clienti possono contare su un sistema affidabile e virtuoso in cui i dati vengono archiviati in maniera sicura.<\/p>\n<\/div>\n\n\n\n<div class=\"wp-block-column is-layout-flow wp-block-column-is-layout-flow\"><\/div>\n<\/div>\n\n<div style=\"height:60px\" aria-hidden=\"true\" class=\"wp-block-spacer\"><\/div>\n\n<div class=\"wp-block-columns is-layout-flex wp-container-core-columns-layout-9 wp-block-columns-is-layout-flex\">\n<div class=\"wp-block-column is-layout-flow wp-block-column-is-layout-flow\">\n<h3 class=\"wp-block-heading\">Lavora con noi<\/h3>\n\n\n\n<p>Avete esperienza nel campo della didattica o dello sviluppo software? Avete una mentalit\u00e0 imprenditoriale, forte capacit\u00e0 di comunicazione o avete sviluppato capacit\u00e0 nell&#8217;ambito delle consulenze? Avete una passione per l&#8217;apprendimento e la crescita personale e\/o lo sviluppo di software intuitivi e trovate eccitante l&#8217;idea di realizzare le soluzioni migliori per i nostri clienti? Anche se attualmente non abbiamo offerte di lavoro non esitate a contattarci!<\/p>\n<\/div>\n\n\n\n<div class=\"wp-block-column is-layout-flow wp-block-column-is-layout-flow\"><\/div>\n<\/div>\n","protected":false},"excerpt":{"rendered":"<p>L&#8217;idea del sistema Projuice \u00e8 nata all&#8217;interno dell&#8217;industria alimentare E per essere pi\u00f9 precisi presso un produttore di bevande alla &hellip;<\/p>\n","protected":false},"author":1,"featured_media":1264,"parent":0,"menu_order":0,"comment_status":"closed","ping_status":"closed","template":"","meta":{"footnotes":""},"acf":[],"yoast_head":"<!-- This site is optimized with the Yoast SEO plugin v21.6 - https:\/\/yoast.com\/wordpress\/plugins\/seo\/ -->\n<title>Formazione professionale dei dipendenti -<\/title>\n<meta name=\"description\" content=\"Gli strumenti di formazione intelligenti e il software di Projuice rendono il processo di formazione interna pi\u00f9 facile che mai: sia online che sul posto di lavoro.\" \/>\n<meta name=\"robots\" content=\"index, follow, max-snippet:-1, max-image-preview:large, max-video-preview:-1\" \/>\n<link rel=\"canonical\" href=\"https:\/\/www.projuice-learning.com\/it\/chi-siamo\/\" \/>\n<meta property=\"og:locale\" content=\"it_IT\" \/>\n<meta property=\"og:type\" content=\"article\" \/>\n<meta property=\"og:title\" content=\"Formazione professionale dei dipendenti -\" \/>\n<meta property=\"og:description\" content=\"Gli strumenti di formazione intelligenti e il software di Projuice rendono il processo di formazione interna pi\u00f9 facile che mai: sia online che sul posto di lavoro.\" \/>\n<meta property=\"og:url\" content=\"https:\/\/www.projuice-learning.com\/it\/chi-siamo\/\" \/>\n<meta property=\"og:site_name\" content=\"Projuice learning\" \/>\n<meta property=\"article:modified_time\" content=\"2021-03-24T18:47:55+00:00\" \/>\n<meta property=\"og:image\" content=\"https:\/\/www.projuice-learning.com\/wp-content\/uploads\/2020\/12\/about-hero-background.png\" \/>\n\t<meta property=\"og:image:width\" content=\"1920\" \/>\n\t<meta property=\"og:image:height\" content=\"1282\" \/>\n\t<meta property=\"og:image:type\" content=\"image\/png\" \/>\n<meta name=\"twitter:card\" content=\"summary_large_image\" \/>\n<meta name=\"twitter:label1\" content=\"Tempo di lettura stimato\" \/>\n\t<meta name=\"twitter:data1\" content=\"3 minuti\" \/>\n<script type=\"application\/ld+json\" class=\"yoast-schema-graph\">{\"@context\":\"https:\/\/schema.org\",\"@graph\":[{\"@type\":\"WebPage\",\"@id\":\"https:\/\/www.projuice-learning.com\/it\/chi-siamo\/\",\"url\":\"https:\/\/www.projuice-learning.com\/it\/chi-siamo\/\",\"name\":\"Formazione professionale dei dipendenti -\",\"isPartOf\":{\"@id\":\"https:\/\/www.projuice-learning.com\/#website\"},\"datePublished\":\"2021-03-11T13:45:45+00:00\",\"dateModified\":\"2021-03-24T18:47:55+00:00\",\"description\":\"Gli strumenti di formazione intelligenti e il software di Projuice rendono il processo di formazione interna pi\u00f9 facile che mai: sia online che sul posto di lavoro.\",\"breadcrumb\":{\"@id\":\"https:\/\/www.projuice-learning.com\/it\/chi-siamo\/#breadcrumb\"},\"inLanguage\":\"it-IT\",\"potentialAction\":[{\"@type\":\"ReadAction\",\"target\":[\"https:\/\/www.projuice-learning.com\/it\/chi-siamo\/\"]}]},{\"@type\":\"BreadcrumbList\",\"@id\":\"https:\/\/www.projuice-learning.com\/it\/chi-siamo\/#breadcrumb\",\"itemListElement\":[{\"@type\":\"ListItem\",\"position\":1,\"name\":\"Home\",\"item\":\"https:\/\/www.projuice-learning.com\/it\/home-2\/\"},{\"@type\":\"ListItem\",\"position\":2,\"name\":\"Chi siamo\"}]},{\"@type\":\"WebSite\",\"@id\":\"https:\/\/www.projuice-learning.com\/#website\",\"url\":\"https:\/\/www.projuice-learning.com\/\",\"name\":\"Projuice learning\",\"description\":\"\",\"potentialAction\":[{\"@type\":\"SearchAction\",\"target\":{\"@type\":\"EntryPoint\",\"urlTemplate\":\"https:\/\/www.projuice-learning.com\/?s={search_term_string}\"},\"query-input\":\"required name=search_term_string\"}],\"inLanguage\":\"it-IT\"}]}<\/script>\n<!-- \/ Yoast SEO plugin. -->","yoast_head_json":{"title":"Formazione professionale dei dipendenti -","description":"Gli strumenti di formazione intelligenti e il software di Projuice rendono il processo di formazione interna pi\u00f9 facile che mai: sia online che sul posto di lavoro.","robots":{"index":"index","follow":"follow","max-snippet":"max-snippet:-1","max-image-preview":"max-image-preview:large","max-video-preview":"max-video-preview:-1"},"canonical":"https:\/\/www.projuice-learning.com\/it\/chi-siamo\/","og_locale":"it_IT","og_type":"article","og_title":"Formazione professionale dei dipendenti -","og_description":"Gli strumenti di formazione intelligenti e il software di Projuice rendono il processo di formazione interna pi\u00f9 facile che mai: sia online che sul posto di lavoro.","og_url":"https:\/\/www.projuice-learning.com\/it\/chi-siamo\/","og_site_name":"Projuice learning","article_modified_time":"2021-03-24T18:47:55+00:00","og_image":[{"width":1920,"height":1282,"url":"https:\/\/www.projuice-learning.com\/wp-content\/uploads\/2020\/12\/about-hero-background.png","type":"image\/png"}],"twitter_card":"summary_large_image","twitter_misc":{"Tempo di lettura stimato":"3 minuti"},"schema":{"@context":"https:\/\/schema.org","@graph":[{"@type":"WebPage","@id":"https:\/\/www.projuice-learning.com\/it\/chi-siamo\/","url":"https:\/\/www.projuice-learning.com\/it\/chi-siamo\/","name":"Formazione professionale dei dipendenti -","isPartOf":{"@id":"https:\/\/www.projuice-learning.com\/#website"},"datePublished":"2021-03-11T13:45:45+00:00","dateModified":"2021-03-24T18:47:55+00:00","description":"Gli strumenti di formazione intelligenti e il software di Projuice rendono il processo di formazione interna pi\u00f9 facile che mai: sia online che sul posto di lavoro.","breadcrumb":{"@id":"https:\/\/www.projuice-learning.com\/it\/chi-siamo\/#breadcrumb"},"inLanguage":"it-IT","potentialAction":[{"@type":"ReadAction","target":["https:\/\/www.projuice-learning.com\/it\/chi-siamo\/"]}]},{"@type":"BreadcrumbList","@id":"https:\/\/www.projuice-learning.com\/it\/chi-siamo\/#breadcrumb","itemListElement":[{"@type":"ListItem","position":1,"name":"Home","item":"https:\/\/www.projuice-learning.com\/it\/home-2\/"},{"@type":"ListItem","position":2,"name":"Chi siamo"}]},{"@type":"WebSite","@id":"https:\/\/www.projuice-learning.com\/#website","url":"https:\/\/www.projuice-learning.com\/","name":"Projuice learning","description":"","potentialAction":[{"@type":"SearchAction","target":{"@type":"EntryPoint","urlTemplate":"https:\/\/www.projuice-learning.com\/?s={search_term_string}"},"query-input":"required name=search_term_string"}],"inLanguage":"it-IT"}]}},"_links":{"self":[{"href":"https:\/\/www.projuice-learning.com\/it\/wp-json\/wp\/v2\/pages\/1262"}],"collection":[{"href":"https:\/\/www.projuice-learning.com\/it\/wp-json\/wp\/v2\/pages"}],"about":[{"href":"https:\/\/www.projuice-learning.com\/it\/wp-json\/wp\/v2\/types\/page"}],"author":[{"embeddable":true,"href":"https:\/\/www.projuice-learning.com\/it\/wp-json\/wp\/v2\/users\/1"}],"replies":[{"embeddable":true,"href":"https:\/\/www.projuice-learning.com\/it\/wp-json\/wp\/v2\/comments?post=1262"}],"version-history":[{"count":15,"href":"https:\/\/www.projuice-learning.com\/it\/wp-json\/wp\/v2\/pages\/1262\/revisions"}],"predecessor-version":[{"id":1961,"href":"https:\/\/www.projuice-learning.com\/it\/wp-json\/wp\/v2\/pages\/1262\/revisions\/1961"}],"wp:featuredmedia":[{"embeddable":true,"href":"https:\/\/www.projuice-learning.com\/it\/wp-json\/wp\/v2\/media\/1264"}],"wp:attachment":[{"href":"https:\/\/www.projuice-learning.com\/it\/wp-json\/wp\/v2\/media?parent=1262"}],"curies":[{"name":"wp","href":"https:\/\/api.w.org\/{rel}","templated":true}]}}