{"id":1682,"date":"2021-03-01T08:47:34","date_gmt":"2021-03-01T07:47:34","guid":{"rendered":"https:\/\/www.projuice-learning.com\/secteurs\/foodstuffs-industry\/"},"modified":"2021-04-30T13:18:04","modified_gmt":"2021-04-30T11:18:04","slug":"industrie-alimentaire","status":"publish","type":"page","link":"https:\/\/www.projuice-learning.com\/fr\/secteurs\/industrie-alimentaire\/","title":{"rendered":"Industrie alimentaire"},"content":{"rendered":"\n<div class=\"wp-block-columns is-layout-flex wp-container-core-columns-layout-1 wp-block-columns-is-layout-flex\">\n<div class=\"wp-block-column is-layout-flow wp-block-column-is-layout-flow\">\n<h2 class=\"wp-block-heading\">Ga voor operational excellence met Projuice<\/h2>\n\n\n\n<p>Als het professioneel opleiden van medewerkers \u00e9rgens belangrijk is, dan is het wel in de voedingsmiddelenindustrie. Een branche die bekendstaat om de vele strikte protocollen op het gebied van hygi\u00ebne, kwaliteit en veiligheid. Projuice helpt jouw organisatie om de opleidingen te professionaliseren en sluit daarmee naadloos aan bij de initiatieven voor <a href=\"https:\/\/www.projuice-learning.com\/opleidingssoftware\/operational-excellence\/\">operational excellence<\/a>. Het resultaat? Een stijging van de Overall Equipment Effectiveness (OEE) in jouw organisatie.<\/p>\n<\/div>\n\n\n\n<div class=\"wp-block-column is-layout-flow wp-block-column-is-layout-flow\"><\/div>\n<\/div>\n\n\n\n<div class=\"wp-block-columns is-layout-flex wp-container-core-columns-layout-2 wp-block-columns-is-layout-flex\">\n<div class=\"wp-block-column is-layout-flow wp-block-column-is-layout-flow\">\n<figure class=\"wp-block-image size-large\"><img loading=\"lazy\" decoding=\"async\" width=\"1280\" height=\"960\" src=\"https:\/\/www.projuice-learning.com\/wp-content\/uploads\/2021\/01\/voedingsmiddelenindustrie-01.jpg\" alt=\"\" class=\"wp-image-863\"\/><\/figure>\n<\/div>\n\n\n\n<div class=\"wp-block-column is-layout-flow wp-block-column-is-layout-flow\">\n<h3 class=\"wp-block-heading\">Breng de skills van medewerkers automatisch in kaart<\/h3>\n\n\n\n<p>Met de <a href=\"https:\/\/www.projuice-learning.com\/opleidingssoftware\/skillmatrix\/\">skillmatrix<\/a>&nbsp;van Projuice breng je de vereiste skills \u00e9n de inzetbaarheid van jouw medewerkers automatisch in beeld. Je ziet precies waar er nog een gap is en wie dus nog een training of opleiding nodig heeft.<\/p>\n<\/div>\n<\/div>\n\n\n\n<div class=\"wp-block-columns is-layout-flex wp-container-core-columns-layout-3 wp-block-columns-is-layout-flex\">\n<div class=\"wp-block-column is-layout-flow wp-block-column-is-layout-flow\">\n<h3 class=\"wp-block-heading\">Train medewerkers in de foodindustrie<\/h3>\n\n\n\n<p>Projuice\u2019s system is extremely suitable for training food industry employees. For example, the system allows you to offer&nbsp;general trainings&nbsp;on the subject of HACCP, food defense and safety, as well as company- and workstation-specific trainings. Workstation trainings are formulated to demonstrably cover all most recent&nbsp;work instructions, procedures and quality standards.<\/p>\n<\/div>\n\n\n\n<div class=\"wp-block-column col-image is-layout-flow wp-block-column-is-layout-flow\">\n<figure class=\"wp-block-image size-large\"><img loading=\"lazy\" decoding=\"async\" width=\"1280\" height=\"980\" src=\"https:\/\/www.projuice-learning.com\/wp-content\/uploads\/2021\/01\/voedingsmiddelenindustrie-02.jpg\" alt=\"\" class=\"wp-image-865\"\/><\/figure>\n<\/div>\n<\/div>\n\n\n\n<div class=\"wp-block-columns is-layout-flex wp-container-core-columns-layout-4 wp-block-columns-is-layout-flex\">\n<div class=\"wp-block-column is-layout-flow wp-block-column-is-layout-flow\">\n<figure class=\"wp-block-image size-large\"><img loading=\"lazy\" decoding=\"async\" width=\"1280\" height=\"960\" src=\"https:\/\/www.projuice-learning.com\/wp-content\/uploads\/2021\/01\/voedingsmiddelenindustrie-03.jpg\" alt=\"\" class=\"wp-image-937\"\/><\/figure>\n<\/div>\n\n\n\n<div class=\"wp-block-column is-layout-flow wp-block-column-is-layout-flow\">\n<h3 class=\"wp-block-heading\">Ontwikkel zelf werkplekopleidingen voor de voedingssector<\/h3>\n\n\n\n<p>Met Projuice ontwikkel je zelf eenvoudig alle soorten opleidingen en trainingen. Of het nu gaat om <a href=\"https:\/\/www.projuice-learning.com\/opleidingssoftware\/e-learning\/\">e-learnings<\/a>, <a href=\"https:\/\/www.projuice-learning.com\/opleidingssoftware\/training-on-the-job\/\">on-the-job-trainingen<\/a>, Training Within Industry (TWI), een andere vorm of een combinatie van opleidingsmethodes. Wij geven jou de tools in handen om zelf een professioneel opleidingsaanbod te cre\u00ebren.<\/p>\n<\/div>\n<\/div>\n","protected":false},"excerpt":{"rendered":"<p>S&rsquo;il y a un secteur o\u00f9 l&rsquo;hygi\u00e8ne et la s\u00e9curit\u00e9 sont cruciales, c&rsquo;est bien l&rsquo;industrie alimentaire. Projuice permet \u00e0 votre organisation de respecter en permanence les exigences HACCP et en mati\u00e8re de s\u00e9curit\u00e9 alimentaire. <\/p>\n","protected":false},"author":1,"featured_media":1683,"parent":1623,"menu_order":0,"comment_status":"closed","ping_status":"closed","template":"tl-industry.php","meta":{"footnotes":""},"acf":[],"yoast_head":"<!-- This site is optimized with the Yoast SEO plugin v21.6 - https:\/\/yoast.com\/wordpress\/plugins\/seo\/ -->\n<title>Training employees in the food industry | Projuice learning<\/title>\n<meta name=\"description\" content=\"Operational excellence in the food industry requires skilled employees. Projuice allows you to ensure that everyone possesses the necessary knowledge and skills.\" \/>\n<meta name=\"robots\" content=\"index, follow, max-snippet:-1, max-image-preview:large, max-video-preview:-1\" \/>\n<link rel=\"canonical\" href=\"https:\/\/www.projuice-learning.com\/fr\/secteurs\/industrie-alimentaire\/\" \/>\n<meta property=\"og:locale\" content=\"fr_FR\" \/>\n<meta property=\"og:type\" content=\"article\" \/>\n<meta property=\"og:title\" content=\"Training employees in the food industry | Projuice learning\" \/>\n<meta property=\"og:description\" content=\"Operational excellence in the food industry requires skilled employees. Projuice allows you to ensure that everyone possesses the necessary knowledge and skills.\" \/>\n<meta property=\"og:url\" content=\"https:\/\/www.projuice-learning.com\/fr\/secteurs\/industrie-alimentaire\/\" \/>\n<meta property=\"og:site_name\" content=\"Projuice learning\" \/>\n<meta property=\"article:modified_time\" content=\"2021-04-30T11:18:04+00:00\" \/>\n<meta property=\"og:image\" content=\"https:\/\/www.projuice-learning.com\/wp-content\/uploads\/2020\/12\/food-hero-background.jpg\" \/>\n\t<meta property=\"og:image:width\" content=\"1920\" \/>\n\t<meta property=\"og:image:height\" content=\"1280\" \/>\n\t<meta property=\"og:image:type\" content=\"image\/jpeg\" \/>\n<meta name=\"twitter:card\" content=\"summary_large_image\" \/>\n<meta name=\"twitter:label1\" content=\"Dur\u00e9e de lecture estim\u00e9e\" \/>\n\t<meta name=\"twitter:data1\" content=\"2 minutes\" \/>\n<script type=\"application\/ld+json\" class=\"yoast-schema-graph\">{\"@context\":\"https:\/\/schema.org\",\"@graph\":[{\"@type\":\"WebPage\",\"@id\":\"https:\/\/www.projuice-learning.com\/fr\/secteurs\/industrie-alimentaire\/\",\"url\":\"https:\/\/www.projuice-learning.com\/fr\/secteurs\/industrie-alimentaire\/\",\"name\":\"Training employees in the food industry | Projuice learning\",\"isPartOf\":{\"@id\":\"https:\/\/www.projuice-learning.com\/#website\"},\"datePublished\":\"2021-03-01T07:47:34+00:00\",\"dateModified\":\"2021-04-30T11:18:04+00:00\",\"description\":\"Operational excellence in the food industry requires skilled employees. Projuice allows you to ensure that everyone possesses the necessary knowledge and skills.\",\"breadcrumb\":{\"@id\":\"https:\/\/www.projuice-learning.com\/fr\/secteurs\/industrie-alimentaire\/#breadcrumb\"},\"inLanguage\":\"fr-FR\",\"potentialAction\":[{\"@type\":\"ReadAction\",\"target\":[\"https:\/\/www.projuice-learning.com\/fr\/secteurs\/industrie-alimentaire\/\"]}]},{\"@type\":\"BreadcrumbList\",\"@id\":\"https:\/\/www.projuice-learning.com\/fr\/secteurs\/industrie-alimentaire\/#breadcrumb\",\"itemListElement\":[{\"@type\":\"ListItem\",\"position\":1,\"name\":\"Home\",\"item\":\"https:\/\/www.projuice-learning.com\/fr\/\"},{\"@type\":\"ListItem\",\"position\":2,\"name\":\"Secteurs\",\"item\":\"https:\/\/www.projuice-learning.com\/fr\/secteurs\/\"},{\"@type\":\"ListItem\",\"position\":3,\"name\":\"Industrie alimentaire\"}]},{\"@type\":\"WebSite\",\"@id\":\"https:\/\/www.projuice-learning.com\/#website\",\"url\":\"https:\/\/www.projuice-learning.com\/\",\"name\":\"Projuice learning\",\"description\":\"\",\"potentialAction\":[{\"@type\":\"SearchAction\",\"target\":{\"@type\":\"EntryPoint\",\"urlTemplate\":\"https:\/\/www.projuice-learning.com\/?s={search_term_string}\"},\"query-input\":\"required name=search_term_string\"}],\"inLanguage\":\"fr-FR\"}]}<\/script>\n<!-- \/ Yoast SEO plugin. -->","yoast_head_json":{"title":"Training employees in the food industry | Projuice learning","description":"Operational excellence in the food industry requires skilled employees. Projuice allows you to ensure that everyone possesses the necessary knowledge and skills.","robots":{"index":"index","follow":"follow","max-snippet":"max-snippet:-1","max-image-preview":"max-image-preview:large","max-video-preview":"max-video-preview:-1"},"canonical":"https:\/\/www.projuice-learning.com\/fr\/secteurs\/industrie-alimentaire\/","og_locale":"fr_FR","og_type":"article","og_title":"Training employees in the food industry | Projuice learning","og_description":"Operational excellence in the food industry requires skilled employees. Projuice allows you to ensure that everyone possesses the necessary knowledge and skills.","og_url":"https:\/\/www.projuice-learning.com\/fr\/secteurs\/industrie-alimentaire\/","og_site_name":"Projuice learning","article_modified_time":"2021-04-30T11:18:04+00:00","og_image":[{"width":1920,"height":1280,"url":"https:\/\/www.projuice-learning.com\/wp-content\/uploads\/2020\/12\/food-hero-background.jpg","type":"image\/jpeg"}],"twitter_card":"summary_large_image","twitter_misc":{"Dur\u00e9e de lecture estim\u00e9e":"2 minutes"},"schema":{"@context":"https:\/\/schema.org","@graph":[{"@type":"WebPage","@id":"https:\/\/www.projuice-learning.com\/fr\/secteurs\/industrie-alimentaire\/","url":"https:\/\/www.projuice-learning.com\/fr\/secteurs\/industrie-alimentaire\/","name":"Training employees in the food industry | Projuice learning","isPartOf":{"@id":"https:\/\/www.projuice-learning.com\/#website"},"datePublished":"2021-03-01T07:47:34+00:00","dateModified":"2021-04-30T11:18:04+00:00","description":"Operational excellence in the food industry requires skilled employees. Projuice allows you to ensure that everyone possesses the necessary knowledge and skills.","breadcrumb":{"@id":"https:\/\/www.projuice-learning.com\/fr\/secteurs\/industrie-alimentaire\/#breadcrumb"},"inLanguage":"fr-FR","potentialAction":[{"@type":"ReadAction","target":["https:\/\/www.projuice-learning.com\/fr\/secteurs\/industrie-alimentaire\/"]}]},{"@type":"BreadcrumbList","@id":"https:\/\/www.projuice-learning.com\/fr\/secteurs\/industrie-alimentaire\/#breadcrumb","itemListElement":[{"@type":"ListItem","position":1,"name":"Home","item":"https:\/\/www.projuice-learning.com\/fr\/"},{"@type":"ListItem","position":2,"name":"Secteurs","item":"https:\/\/www.projuice-learning.com\/fr\/secteurs\/"},{"@type":"ListItem","position":3,"name":"Industrie alimentaire"}]},{"@type":"WebSite","@id":"https:\/\/www.projuice-learning.com\/#website","url":"https:\/\/www.projuice-learning.com\/","name":"Projuice learning","description":"","potentialAction":[{"@type":"SearchAction","target":{"@type":"EntryPoint","urlTemplate":"https:\/\/www.projuice-learning.com\/?s={search_term_string}"},"query-input":"required name=search_term_string"}],"inLanguage":"fr-FR"}]}},"_links":{"self":[{"href":"https:\/\/www.projuice-learning.com\/fr\/wp-json\/wp\/v2\/pages\/1682"}],"collection":[{"href":"https:\/\/www.projuice-learning.com\/fr\/wp-json\/wp\/v2\/pages"}],"about":[{"href":"https:\/\/www.projuice-learning.com\/fr\/wp-json\/wp\/v2\/types\/page"}],"author":[{"embeddable":true,"href":"https:\/\/www.projuice-learning.com\/fr\/wp-json\/wp\/v2\/users\/1"}],"replies":[{"embeddable":true,"href":"https:\/\/www.projuice-learning.com\/fr\/wp-json\/wp\/v2\/comments?post=1682"}],"version-history":[{"count":3,"href":"https:\/\/www.projuice-learning.com\/fr\/wp-json\/wp\/v2\/pages\/1682\/revisions"}],"predecessor-version":[{"id":2235,"href":"https:\/\/www.projuice-learning.com\/fr\/wp-json\/wp\/v2\/pages\/1682\/revisions\/2235"}],"up":[{"embeddable":true,"href":"https:\/\/www.projuice-learning.com\/fr\/wp-json\/wp\/v2\/pages\/1623"}],"wp:featuredmedia":[{"embeddable":true,"href":"https:\/\/www.projuice-learning.com\/fr\/wp-json\/wp\/v2\/media\/1683"}],"wp:attachment":[{"href":"https:\/\/www.projuice-learning.com\/fr\/wp-json\/wp\/v2\/media?parent=1682"}],"curies":[{"name":"wp","href":"https:\/\/api.w.org\/{rel}","templated":true}]}}