{"id":1638,"date":"2021-03-16T17:22:57","date_gmt":"2021-03-16T16:22:57","guid":{"rendered":"https:\/\/www.projuice-learning.com\/page-daccueil\/"},"modified":"2021-05-12T15:42:12","modified_gmt":"2021-05-12T13:42:12","slug":"page-daccueil","status":"publish","type":"page","link":"https:\/\/www.projuice-learning.com\/fr\/","title":{"rendered":"Page d&rsquo;accueil"},"content":{"rendered":"\n<h2 class=\"wp-block-heading\">Le meilleur \u00e9lixir \u00e9ducatif<\/h2>\n\n\n\n<h1 class=\"wp-block-heading\"><strong>Professionnalisez vos formations internes<\/strong><\/h1>\n","protected":false},"excerpt":{"rendered":"<p>Le meilleur \u00e9lixir \u00e9ducatif Professionnalisez vos formations internes<\/p>\n","protected":false},"author":1,"featured_media":1649,"parent":0,"menu_order":0,"comment_status":"closed","ping_status":"closed","template":"tl-home.php","meta":{"footnotes":""},"acf":[],"yoast_head":"<!-- This site is optimized with the Yoast SEO plugin v21.6 - https:\/\/yoast.com\/wordpress\/plugins\/seo\/ -->\n<title>Professionnalisez vos formations internes | Projuice learning<\/title>\n<meta name=\"description\" content=\"Cr\u00e9ez votre acad\u00e9mie avec Projuice. D\u00e9couvrez notre logiciel de formation convivial qui contient notamment une matrice des comp\u00e9tences et un outil de planification.\" \/>\n<meta name=\"robots\" content=\"index, follow, max-snippet:-1, max-image-preview:large, max-video-preview:-1\" \/>\n<link rel=\"canonical\" href=\"https:\/\/www.projuice-learning.com\/fr\/\" \/>\n<meta property=\"og:locale\" content=\"fr_FR\" \/>\n<meta property=\"og:type\" content=\"article\" \/>\n<meta property=\"og:title\" content=\"Professionnalisez vos formations internes | Projuice learning\" \/>\n<meta property=\"og:description\" content=\"Cr\u00e9ez votre acad\u00e9mie avec Projuice. D\u00e9couvrez notre logiciel de formation convivial qui contient notamment une matrice des comp\u00e9tences et un outil de planification.\" \/>\n<meta property=\"og:url\" content=\"https:\/\/www.projuice-learning.com\/fr\/\" \/>\n<meta property=\"og:site_name\" content=\"Projuice learning\" \/>\n<meta property=\"article:modified_time\" content=\"2021-05-12T13:42:12+00:00\" \/>\n<meta property=\"og:image\" content=\"https:\/\/www.projuice-learning.com\/wp-content\/uploads\/2020\/12\/home-hero-background.png\" \/>\n\t<meta property=\"og:image:width\" content=\"1024\" \/>\n\t<meta property=\"og:image:height\" content=\"667\" \/>\n\t<meta property=\"og:image:type\" content=\"image\/png\" \/>\n<meta name=\"twitter:card\" content=\"summary_large_image\" \/>\n<meta name=\"twitter:label1\" content=\"Dur\u00e9e de lecture estim\u00e9e\" \/>\n\t<meta name=\"twitter:data1\" content=\"1 minute\" \/>\n<script type=\"application\/ld+json\" class=\"yoast-schema-graph\">{\"@context\":\"https:\/\/schema.org\",\"@graph\":[{\"@type\":\"WebPage\",\"@id\":\"https:\/\/www.projuice-learning.com\/fr\/\",\"url\":\"https:\/\/www.projuice-learning.com\/fr\/\",\"name\":\"Professionnalisez vos formations internes | Projuice learning\",\"isPartOf\":{\"@id\":\"https:\/\/www.projuice-learning.com\/#website\"},\"datePublished\":\"2021-03-16T16:22:57+00:00\",\"dateModified\":\"2021-05-12T13:42:12+00:00\",\"description\":\"Cr\u00e9ez votre acad\u00e9mie avec Projuice. D\u00e9couvrez notre logiciel de formation convivial qui contient notamment une matrice des comp\u00e9tences et un outil de planification.\",\"breadcrumb\":{\"@id\":\"https:\/\/www.projuice-learning.com\/fr\/#breadcrumb\"},\"inLanguage\":\"fr-FR\",\"potentialAction\":[{\"@type\":\"ReadAction\",\"target\":[\"https:\/\/www.projuice-learning.com\/fr\/\"]}]},{\"@type\":\"BreadcrumbList\",\"@id\":\"https:\/\/www.projuice-learning.com\/fr\/#breadcrumb\",\"itemListElement\":[{\"@type\":\"ListItem\",\"position\":1,\"name\":\"Home\",\"item\":\"https:\/\/www.projuice-learning.com\/fr\/\"},{\"@type\":\"ListItem\",\"position\":2,\"name\":\"Page d&rsquo;accueil\"}]},{\"@type\":\"WebSite\",\"@id\":\"https:\/\/www.projuice-learning.com\/#website\",\"url\":\"https:\/\/www.projuice-learning.com\/\",\"name\":\"Projuice learning\",\"description\":\"\",\"potentialAction\":[{\"@type\":\"SearchAction\",\"target\":{\"@type\":\"EntryPoint\",\"urlTemplate\":\"https:\/\/www.projuice-learning.com\/?s={search_term_string}\"},\"query-input\":\"required name=search_term_string\"}],\"inLanguage\":\"fr-FR\"}]}<\/script>\n<!-- \/ Yoast SEO plugin. -->","yoast_head_json":{"title":"Professionnalisez vos formations internes | Projuice learning","description":"Cr\u00e9ez votre acad\u00e9mie avec Projuice. D\u00e9couvrez notre logiciel de formation convivial qui contient notamment une matrice des comp\u00e9tences et un outil de planification.","robots":{"index":"index","follow":"follow","max-snippet":"max-snippet:-1","max-image-preview":"max-image-preview:large","max-video-preview":"max-video-preview:-1"},"canonical":"https:\/\/www.projuice-learning.com\/fr\/","og_locale":"fr_FR","og_type":"article","og_title":"Professionnalisez vos formations internes | Projuice learning","og_description":"Cr\u00e9ez votre acad\u00e9mie avec Projuice. D\u00e9couvrez notre logiciel de formation convivial qui contient notamment une matrice des comp\u00e9tences et un outil de planification.","og_url":"https:\/\/www.projuice-learning.com\/fr\/","og_site_name":"Projuice learning","article_modified_time":"2021-05-12T13:42:12+00:00","og_image":[{"url":"https:\/\/www.projuice-learning.com\/wp-content\/uploads\/2020\/12\/home-hero-background.png","width":1024,"height":667,"type":"image\/png"}],"twitter_card":"summary_large_image","twitter_misc":{"Dur\u00e9e de lecture estim\u00e9e":"1 minute"},"schema":{"@context":"https:\/\/schema.org","@graph":[{"@type":"WebPage","@id":"https:\/\/www.projuice-learning.com\/fr\/","url":"https:\/\/www.projuice-learning.com\/fr\/","name":"Professionnalisez vos formations internes | Projuice learning","isPartOf":{"@id":"https:\/\/www.projuice-learning.com\/#website"},"datePublished":"2021-03-16T16:22:57+00:00","dateModified":"2021-05-12T13:42:12+00:00","description":"Cr\u00e9ez votre acad\u00e9mie avec Projuice. D\u00e9couvrez notre logiciel de formation convivial qui contient notamment une matrice des comp\u00e9tences et un outil de planification.","breadcrumb":{"@id":"https:\/\/www.projuice-learning.com\/fr\/#breadcrumb"},"inLanguage":"fr-FR","potentialAction":[{"@type":"ReadAction","target":["https:\/\/www.projuice-learning.com\/fr\/"]}]},{"@type":"BreadcrumbList","@id":"https:\/\/www.projuice-learning.com\/fr\/#breadcrumb","itemListElement":[{"@type":"ListItem","position":1,"name":"Home","item":"https:\/\/www.projuice-learning.com\/fr\/"},{"@type":"ListItem","position":2,"name":"Page d&rsquo;accueil"}]},{"@type":"WebSite","@id":"https:\/\/www.projuice-learning.com\/#website","url":"https:\/\/www.projuice-learning.com\/","name":"Projuice learning","description":"","potentialAction":[{"@type":"SearchAction","target":{"@type":"EntryPoint","urlTemplate":"https:\/\/www.projuice-learning.com\/?s={search_term_string}"},"query-input":"required name=search_term_string"}],"inLanguage":"fr-FR"}]}},"_links":{"self":[{"href":"https:\/\/www.projuice-learning.com\/fr\/wp-json\/wp\/v2\/pages\/1638"}],"collection":[{"href":"https:\/\/www.projuice-learning.com\/fr\/wp-json\/wp\/v2\/pages"}],"about":[{"href":"https:\/\/www.projuice-learning.com\/fr\/wp-json\/wp\/v2\/types\/page"}],"author":[{"embeddable":true,"href":"https:\/\/www.projuice-learning.com\/fr\/wp-json\/wp\/v2\/users\/1"}],"replies":[{"embeddable":true,"href":"https:\/\/www.projuice-learning.com\/fr\/wp-json\/wp\/v2\/comments?post=1638"}],"version-history":[{"count":9,"href":"https:\/\/www.projuice-learning.com\/fr\/wp-json\/wp\/v2\/pages\/1638\/revisions"}],"predecessor-version":[{"id":2284,"href":"https:\/\/www.projuice-learning.com\/fr\/wp-json\/wp\/v2\/pages\/1638\/revisions\/2284"}],"wp:featuredmedia":[{"embeddable":true,"href":"https:\/\/www.projuice-learning.com\/fr\/wp-json\/wp\/v2\/media\/1649"}],"wp:attachment":[{"href":"https:\/\/www.projuice-learning.com\/fr\/wp-json\/wp\/v2\/media?parent=1638"}],"curies":[{"name":"wp","href":"https:\/\/api.w.org\/{rel}","templated":true}]}}