{"id":1626,"date":"2021-03-16T17:03:55","date_gmt":"2021-03-16T16:03:55","guid":{"rendered":"https:\/\/www.projuice-learning.com\/logiciel-de-formation\/"},"modified":"2021-05-25T13:50:03","modified_gmt":"2021-05-25T11:50:03","slug":"logiciel-de-formation","status":"publish","type":"page","link":"https:\/\/www.projuice-learning.com\/fr\/logiciel-de-formation\/","title":{"rendered":"Logiciel de formation"},"content":{"rendered":"\n<h1 class=\"wp-block-heading\">Logiciel de formation Projuice<\/h1>\n\n\n\n<p>Les performances de vos collaborateurs d\u00e9terminent le succ\u00e8s de votre organisation. L&rsquo;utilisation des outils de Projuice garantit une am\u00e9lioration sans pr\u00e9c\u00e9dent des performances. Et : Projuice rend l&rsquo;apprentissage amusant ! De quels outils s&rsquo;agit-il ? Lisez cette page pour en savoir plus et <a href=\"https:\/\/www.projuice-learning.com\/fr\/contact\/\">contactez-nous<\/a>.<\/p>\n","protected":false},"excerpt":{"rendered":"<p>Logiciel de formation Projuice Les performances de vos collaborateurs d\u00e9terminent le succ\u00e8s de votre organisation. L&rsquo;utilisation des outils de Projuice &hellip;<\/p>\n","protected":false},"author":1,"featured_media":1636,"parent":0,"menu_order":0,"comment_status":"closed","ping_status":"closed","template":"tl-software.php","meta":{"footnotes":""},"acf":[],"yoast_head":"<!-- This site is optimized with the Yoast SEO plugin v21.6 - https:\/\/yoast.com\/wordpress\/plugins\/seo\/ -->\n<title>Logiciel de formation - Projuice learning<\/title>\n<meta name=\"robots\" content=\"index, follow, max-snippet:-1, max-image-preview:large, max-video-preview:-1\" \/>\n<link rel=\"canonical\" href=\"https:\/\/www.projuice-learning.com\/fr\/logiciel-de-formation\/\" \/>\n<meta property=\"og:locale\" content=\"fr_FR\" \/>\n<meta property=\"og:type\" content=\"article\" \/>\n<meta property=\"og:title\" content=\"Logiciel de formation - Projuice learning\" \/>\n<meta property=\"og:description\" content=\"Logiciel de formation Projuice Les performances de vos collaborateurs d\u00e9terminent le succ\u00e8s de votre organisation. L&rsquo;utilisation des outils de Projuice &hellip;\" \/>\n<meta property=\"og:url\" content=\"https:\/\/www.projuice-learning.com\/fr\/logiciel-de-formation\/\" \/>\n<meta property=\"og:site_name\" content=\"Projuice learning\" \/>\n<meta property=\"article:modified_time\" content=\"2021-05-25T11:50:03+00:00\" \/>\n<meta property=\"og:image\" content=\"https:\/\/www.projuice-learning.com\/wp-content\/uploads\/2021\/01\/software-hero-background.jpg\" \/>\n\t<meta property=\"og:image:width\" content=\"1920\" \/>\n\t<meta property=\"og:image:height\" content=\"642\" \/>\n\t<meta property=\"og:image:type\" content=\"image\/jpeg\" \/>\n<meta name=\"twitter:card\" content=\"summary_large_image\" \/>\n<meta name=\"twitter:label1\" content=\"Dur\u00e9e de lecture estim\u00e9e\" \/>\n\t<meta name=\"twitter:data1\" content=\"1 minute\" \/>\n<script type=\"application\/ld+json\" class=\"yoast-schema-graph\">{\"@context\":\"https:\/\/schema.org\",\"@graph\":[{\"@type\":\"WebPage\",\"@id\":\"https:\/\/www.projuice-learning.com\/fr\/logiciel-de-formation\/\",\"url\":\"https:\/\/www.projuice-learning.com\/fr\/logiciel-de-formation\/\",\"name\":\"Logiciel de formation - Projuice learning\",\"isPartOf\":{\"@id\":\"https:\/\/www.projuice-learning.com\/#website\"},\"datePublished\":\"2021-03-16T16:03:55+00:00\",\"dateModified\":\"2021-05-25T11:50:03+00:00\",\"breadcrumb\":{\"@id\":\"https:\/\/www.projuice-learning.com\/fr\/logiciel-de-formation\/#breadcrumb\"},\"inLanguage\":\"fr-FR\",\"potentialAction\":[{\"@type\":\"ReadAction\",\"target\":[\"https:\/\/www.projuice-learning.com\/fr\/logiciel-de-formation\/\"]}]},{\"@type\":\"BreadcrumbList\",\"@id\":\"https:\/\/www.projuice-learning.com\/fr\/logiciel-de-formation\/#breadcrumb\",\"itemListElement\":[{\"@type\":\"ListItem\",\"position\":1,\"name\":\"Home\",\"item\":\"https:\/\/www.projuice-learning.com\/fr\/\"},{\"@type\":\"ListItem\",\"position\":2,\"name\":\"Logiciel de formation\"}]},{\"@type\":\"WebSite\",\"@id\":\"https:\/\/www.projuice-learning.com\/#website\",\"url\":\"https:\/\/www.projuice-learning.com\/\",\"name\":\"Projuice learning\",\"description\":\"\",\"potentialAction\":[{\"@type\":\"SearchAction\",\"target\":{\"@type\":\"EntryPoint\",\"urlTemplate\":\"https:\/\/www.projuice-learning.com\/?s={search_term_string}\"},\"query-input\":\"required name=search_term_string\"}],\"inLanguage\":\"fr-FR\"}]}<\/script>\n<!-- \/ Yoast SEO plugin. -->","yoast_head_json":{"title":"Logiciel de formation - Projuice learning","robots":{"index":"index","follow":"follow","max-snippet":"max-snippet:-1","max-image-preview":"max-image-preview:large","max-video-preview":"max-video-preview:-1"},"canonical":"https:\/\/www.projuice-learning.com\/fr\/logiciel-de-formation\/","og_locale":"fr_FR","og_type":"article","og_title":"Logiciel de formation - Projuice learning","og_description":"Logiciel de formation Projuice Les performances de vos collaborateurs d\u00e9terminent le succ\u00e8s de votre organisation. L&rsquo;utilisation des outils de Projuice &hellip;","og_url":"https:\/\/www.projuice-learning.com\/fr\/logiciel-de-formation\/","og_site_name":"Projuice learning","article_modified_time":"2021-05-25T11:50:03+00:00","og_image":[{"width":1920,"height":642,"url":"https:\/\/www.projuice-learning.com\/wp-content\/uploads\/2021\/01\/software-hero-background.jpg","type":"image\/jpeg"}],"twitter_card":"summary_large_image","twitter_misc":{"Dur\u00e9e de lecture estim\u00e9e":"1 minute"},"schema":{"@context":"https:\/\/schema.org","@graph":[{"@type":"WebPage","@id":"https:\/\/www.projuice-learning.com\/fr\/logiciel-de-formation\/","url":"https:\/\/www.projuice-learning.com\/fr\/logiciel-de-formation\/","name":"Logiciel de formation - Projuice learning","isPartOf":{"@id":"https:\/\/www.projuice-learning.com\/#website"},"datePublished":"2021-03-16T16:03:55+00:00","dateModified":"2021-05-25T11:50:03+00:00","breadcrumb":{"@id":"https:\/\/www.projuice-learning.com\/fr\/logiciel-de-formation\/#breadcrumb"},"inLanguage":"fr-FR","potentialAction":[{"@type":"ReadAction","target":["https:\/\/www.projuice-learning.com\/fr\/logiciel-de-formation\/"]}]},{"@type":"BreadcrumbList","@id":"https:\/\/www.projuice-learning.com\/fr\/logiciel-de-formation\/#breadcrumb","itemListElement":[{"@type":"ListItem","position":1,"name":"Home","item":"https:\/\/www.projuice-learning.com\/fr\/"},{"@type":"ListItem","position":2,"name":"Logiciel de formation"}]},{"@type":"WebSite","@id":"https:\/\/www.projuice-learning.com\/#website","url":"https:\/\/www.projuice-learning.com\/","name":"Projuice learning","description":"","potentialAction":[{"@type":"SearchAction","target":{"@type":"EntryPoint","urlTemplate":"https:\/\/www.projuice-learning.com\/?s={search_term_string}"},"query-input":"required name=search_term_string"}],"inLanguage":"fr-FR"}]}},"_links":{"self":[{"href":"https:\/\/www.projuice-learning.com\/fr\/wp-json\/wp\/v2\/pages\/1626"}],"collection":[{"href":"https:\/\/www.projuice-learning.com\/fr\/wp-json\/wp\/v2\/pages"}],"about":[{"href":"https:\/\/www.projuice-learning.com\/fr\/wp-json\/wp\/v2\/types\/page"}],"author":[{"embeddable":true,"href":"https:\/\/www.projuice-learning.com\/fr\/wp-json\/wp\/v2\/users\/1"}],"replies":[{"embeddable":true,"href":"https:\/\/www.projuice-learning.com\/fr\/wp-json\/wp\/v2\/comments?post=1626"}],"version-history":[{"count":9,"href":"https:\/\/www.projuice-learning.com\/fr\/wp-json\/wp\/v2\/pages\/1626\/revisions"}],"predecessor-version":[{"id":2291,"href":"https:\/\/www.projuice-learning.com\/fr\/wp-json\/wp\/v2\/pages\/1626\/revisions\/2291"}],"wp:featuredmedia":[{"embeddable":true,"href":"https:\/\/www.projuice-learning.com\/fr\/wp-json\/wp\/v2\/media\/1636"}],"wp:attachment":[{"href":"https:\/\/www.projuice-learning.com\/fr\/wp-json\/wp\/v2\/media?parent=1626"}],"curies":[{"name":"wp","href":"https:\/\/api.w.org\/{rel}","templated":true}]}}