{"id":1610,"date":"2021-03-16T15:49:36","date_gmt":"2021-03-16T14:49:36","guid":{"rendered":"https:\/\/www.projuice-learning.com\/a-propos-de-nous\/"},"modified":"2021-03-16T15:49:36","modified_gmt":"2021-03-16T14:49:36","slug":"a-propos-de-nous","status":"publish","type":"page","link":"https:\/\/www.projuice-learning.com\/fr\/a-propos-de-nous\/","title":{"rendered":"\u00c0 propos de nous"},"content":{"rendered":"\n<div class=\"wp-block-columns is-layout-flex wp-container-core-columns-layout-1 wp-block-columns-is-layout-flex\">\n<div class=\"wp-block-column is-layout-flow wp-block-column-is-layout-flow\" style=\"flex-basis:50%\">\n<h2 class=\"wp-block-heading\">L&rsquo;id\u00e9e de Projuice a germ\u00e9 dans l&rsquo;industrie alimentaire.<\/h2>\n\n\n\n<p>Chez un producteur de boissons fruit\u00e9es pour \u00eatre pr\u00e9cis &#8211; d&rsquo;o\u00f9 le nom \u00ab\u00a0Projuice\u00a0\u00bb. Nous avons d\u00e9couvert \u00e0 quel point les performances des employ\u00e9s sont d\u00e9cisives pour la s\u00e9curit\u00e9 au travail ainsi que pour la qualit\u00e9 et l&rsquo;avancement de la production. Et combien il peut \u00eatre difficile de maintenir et d&rsquo;am\u00e9liorer ces performances de mani\u00e8re structur\u00e9e.<\/p>\n<\/div>\n\n\n\n<div class=\"wp-block-column col-image is-layout-flow wp-block-column-is-layout-flow\" style=\"flex-basis:50%\" id=\"col-image\">\n<figure class=\"wp-block-image size-large\"><img loading=\"lazy\" decoding=\"async\" width=\"1024\" height=\"680\" src=\"https:\/\/www.projuice-learning.com\/wp-content\/uploads\/2021\/01\/about-00.jpg\" alt=\"\" class=\"wp-image-931\" \/><\/figure><\/div>\n<\/div>\n\n<div class=\"wp-block-columns is-layout-flex wp-container-core-columns-layout-2 wp-block-columns-is-layout-flex\">\n<div class=\"wp-block-column is-layout-flow wp-block-column-is-layout-flow\">\n<figure class=\"wp-block-image size-large\"><img loading=\"lazy\" decoding=\"async\" width=\"1280\" height=\"853\" src=\"https:\/\/www.projuice-learning.com\/wp-content\/uploads\/2021\/01\/about-01.jpg\" alt=\"\" class=\"wp-image-884\" \/><\/figure><\/div>\n\n\n\n<div class=\"wp-block-column is-layout-flow wp-block-column-is-layout-flow\">\n<h3 class=\"wp-block-heading\">La solution : un syst\u00e8me de formation intelligent<\/h3>\n\n\n\n<p>C&rsquo;est pourquoi nous avons d\u00e9velopp\u00e9 le syst\u00e8me de formation Projuice en collaboration \u00e9troite avec des partenaires de l&rsquo;industrie et d&rsquo;autres secteurs. Une solution intelligente qui fournit automatiquement un aper\u00e7u des comp\u00e9tences requises et actuelles des employ\u00e9s, pour chaque poste de travail. Et qui d\u00e9termine imm\u00e9diatement les besoins pour combler certaines lacunes. Le d\u00e9veloppement de Projuice en soi fait \u00e9galement l&rsquo;objet de notre attention constante.<\/p>\n<\/div>\n<\/div>\n\n<div class=\"wp-block-columns is-layout-flex wp-container-core-columns-layout-3 wp-block-columns-is-layout-flex\">\n<div class=\"wp-block-column is-layout-flow wp-block-column-is-layout-flow\">\n<h3 class=\"wp-block-heading\">Ce qui rend \u00e9galement Projuice unique<\/h3>\n\n\n\n<ul><li>Apprentissage professionnel sur le site et examens<\/li><li>Bas\u00e9 sur des normes de qualit\u00e9 internes actuelles<\/li><li>Les r\u00e9sultats sont disponibles en temps r\u00e9el<\/li><li>Les comp\u00e9tences sont automatiquement et en permanence mises \u00e0 jour, pour tous les aper\u00e7us de postes de travail d&rsquo;application.<\/li><\/ul><\/div>\n\n\n\n<div class=\"wp-block-column col-image is-layout-flow wp-block-column-is-layout-flow\">\n<figure class=\"wp-block-image size-large\"><img loading=\"lazy\" decoding=\"async\" width=\"1280\" height=\"819\" src=\"https:\/\/www.projuice-learning.com\/wp-content\/uploads\/2021\/01\/about-02.jpg\" alt=\"\" class=\"wp-image-886\" \/><\/figure><\/div>\n<\/div>\n\n<div class=\"wp-block-columns is-layout-flex wp-container-core-columns-layout-5 wp-block-columns-is-layout-flex\">\n<div class=\"wp-block-column is-layout-flow wp-block-column-is-layout-flow\">\n<figure class=\"wp-block-image size-large\"><img loading=\"lazy\" decoding=\"async\" width=\"1280\" height=\"960\" src=\"https:\/\/www.projuice-learning.com\/wp-content\/uploads\/2021\/01\/about-03.jpg\" alt=\"\" class=\"wp-image-888\" \/><\/figure><\/div>\n\n\n\n<div class=\"wp-block-column is-layout-flow wp-block-column-is-layout-flow\">\n<h3 class=\"wp-block-heading\">Qu&rsquo;est-ce que cela rapporte<\/h3>\n\n\n\n<p>Aujourd&rsquo;hui, Projuice est devenu un nom familier pour de nombreuses organisations et leurs collaborateurs. Ils ont exp\u00e9riment\u00e9 que la formation professionnelle ne doit vraiment pas \u00eatre compliqu\u00e9e. Il faut trois mois pour impl\u00e9menter Projuice et pour que les premiers r\u00e9sultats soient visibles :<\/p>\n\n\n\n<ul><li>Une organisation qui fournit une r\u00e9ponse professionnelle \u00e0 toutes les questions de formation.<\/li><li>Augmentation de l&rsquo;efficacit\u00e9 de toutes les ressources mobilisables<\/li><li>Excellent score dans les audits<\/li><\/ul>\n\n\n<div class=\"wp-block-columns is-layout-flex wp-container-core-columns-layout-4 wp-block-columns-is-layout-flex\">\n<div class=\"wp-block-column is-layout-flow wp-block-column-is-layout-flow\"><\/div>\n<\/div>\n<\/div>\n<\/div>\n\n<div class=\"wp-block-columns is-layout-flex wp-container-core-columns-layout-6 wp-block-columns-is-layout-flex\">\n<div class=\"wp-block-column is-layout-flow wp-block-column-is-layout-flow\">\n<h2 class=\"wp-block-heading\">Notre approche<\/h2>\n\n\n\n<p>Le d\u00e9veloppement de nos logiciels et services de formation fait l&rsquo;objet de notre attention constante. Nous nous basons \u00e0 cet effet sur cinq domaines d&rsquo;expertise.<\/p>\n<\/div>\n\n\n\n<div class=\"wp-block-column is-layout-flow wp-block-column-is-layout-flow\"><\/div>\n<\/div>\n\n<div class=\"wp-block-columns is-layout-flex wp-container-core-columns-layout-7 wp-block-columns-is-layout-flex\">\n<div class=\"wp-block-column is-layout-flow wp-block-column-is-layout-flow\">\n<figure class=\"wp-block-image size-large\"><img loading=\"lazy\" decoding=\"async\" width=\"120\" height=\"120\" src=\"https:\/\/www.projuice-learning.com\/wp-content\/uploads\/2021\/01\/about-icon-1.jpg\" alt=\"\" class=\"wp-image-897\" \/><\/figure>\n\n\n<h4 class=\"wp-block-heading\">Votre pratique<\/h4>\n\n\n\n<p>Il n&rsquo;est pas n\u00e9cessaire de trop \u00e9laborer ce sujet : lors du d\u00e9veloppement de Projuice, nous r\u00e9pondons aux besoins de nos clients. Pour conna\u00eetre ces besoins, nous discutons beaucoup avec des experts en mati\u00e8re de contenu sur le lieu de travail.<\/p>\n<\/div>\n\n\n\n<div class=\"wp-block-column is-layout-flow wp-block-column-is-layout-flow\">\n<figure class=\"wp-block-image size-large\"><img loading=\"lazy\" decoding=\"async\" width=\"120\" height=\"120\" src=\"https:\/\/www.projuice-learning.com\/wp-content\/uploads\/2021\/01\/about-icon-2.jpg\" alt=\"\" class=\"wp-image-901\" \/><\/figure>\n\n\n<h4 class=\"wp-block-heading\">P\u00e9dagogie<\/h4>\n\n\n\n<p>Chez Projuice Learning, nous disposons d&rsquo;une expertise p\u00e9dagogique en interne. Il en r\u00e9sulte des outils de formation tr\u00e8s efficaces, bas\u00e9s sur les derni\u00e8res connaissances p\u00e9dagogiques. En outre, nous offrons un soutien et un accompagnement appropri\u00e9s afin de professionnaliser davantage votre organisme de formation et vos formations.<\/p>\n<\/div>\n\n\n\n<div class=\"wp-block-column is-layout-flow wp-block-column-is-layout-flow\">\n<figure class=\"wp-block-image size-large\"><img loading=\"lazy\" decoding=\"async\" width=\"120\" height=\"120\" src=\"https:\/\/www.projuice-learning.com\/wp-content\/uploads\/2021\/01\/about-icon-3.jpg\" alt=\"\" class=\"wp-image-903\" \/><\/figure>\n\n\n<h4 class=\"wp-block-heading\">Conception des interfaces<\/h4>\n\n\n\n<p>Un syst\u00e8me de formation professionnel doit offrir une exp\u00e9rience utilisateur optimale. Gr\u00e2ce \u00e0 nos propres concepteurs d&rsquo;interaction, vous pouvez compter sur le syst\u00e8me le plus convivial qui soit.<\/p>\n<\/div>\n<\/div>\n\n<div class=\"wp-block-columns is-layout-flex wp-container-core-columns-layout-8 wp-block-columns-is-layout-flex\">\n<div class=\"wp-block-column is-layout-flow wp-block-column-is-layout-flow\">\n<figure class=\"wp-block-image size-large\"><img loading=\"lazy\" decoding=\"async\" width=\"120\" height=\"120\" src=\"https:\/\/www.projuice-learning.com\/wp-content\/uploads\/2021\/01\/about-icon-4.jpg\" alt=\"\" class=\"wp-image-905\" \/><\/figure>\n\n\n<h4 class=\"wp-block-heading\">Architecture logicielle<\/h4>\n\n\n\n<p>Aucune concession \u00e0 ce niveau, nous nous basons toujours sur une architecture intelligente. Ainsi, nous disposons d&rsquo;une base solide pour poursuivre le d\u00e9veloppement du logiciel en interne, ce qui garantit la stabilit\u00e9, la rapidit\u00e9 et la pr\u00e9cision.<\/p>\n<\/div>\n\n\n\n<div class=\"wp-block-column is-layout-flow wp-block-column-is-layout-flow\">\n<figure class=\"wp-block-image size-large\"><img loading=\"lazy\" decoding=\"async\" width=\"120\" height=\"120\" src=\"https:\/\/www.projuice-learning.com\/wp-content\/uploads\/2021\/01\/about-icon-5.jpg\" alt=\"\" class=\"wp-image-907\" \/><\/figure>\n\n\n<h4 class=\"wp-block-heading\">S\u00e9curit\u00e9<\/h4>\n\n\n\n<p>Le logiciel Projuice est s\u00fbr. Le d\u00e9veloppement de logiciels vigilants de la s\u00e9curit\u00e9 est un processus continu chez Projuice, vous garantissant de disposer d&rsquo;un syst\u00e8me fiable et int\u00e8gre o\u00f9 vos donn\u00e9es sont prot\u00e9g\u00e9es.<\/p>\n<\/div>\n\n\n\n<div class=\"wp-block-column is-layout-flow wp-block-column-is-layout-flow\"><\/div>\n<\/div>\n\n<div style=\"height:60px\" aria-hidden=\"true\" class=\"wp-block-spacer\"><\/div>\n\n<div class=\"wp-block-columns is-layout-flex wp-container-core-columns-layout-9 wp-block-columns-is-layout-flex\">\n<div class=\"wp-block-column is-layout-flow wp-block-column-is-layout-flow\">\n<h3 class=\"wp-block-heading\">Travailler chez<\/h3>\n\n\n\n<p>Avez-vous une exp\u00e9rience en tant que p\u00e9dagogue ou d\u00e9veloppeur de logiciels ? Faites-vous preuve d&rsquo;esprit d&rsquo;entreprise, d\u00e9tenez-vous de bonnes comp\u00e9tences en communication et avez-vous d\u00e9velopp\u00e9 des comp\u00e9tences en conseil ? \u00cates-vous passionn\u00e9 par l&rsquo;apprentissage et le d\u00e9veloppement et\/ou les logiciels conviviaux et voulez-vous apporter la meilleure solution pour nos clients ? M\u00eame si nous n&rsquo;avons aucun poste vacant en ce moment, nous souhaiterions tout de m\u00eame faire votre connaissance !<\/p>\n<\/div>\n\n\n\n<div class=\"wp-block-column is-layout-flow wp-block-column-is-layout-flow\"><\/div>\n<\/div>\n","protected":false},"excerpt":{"rendered":"<p>L&rsquo;id\u00e9e de Projuice a germ\u00e9 dans l&rsquo;industrie alimentaire. Chez un producteur de boissons fruit\u00e9es pour \u00eatre pr\u00e9cis &#8211; d&rsquo;o\u00f9 le &hellip;<\/p>\n","protected":false},"author":1,"featured_media":1612,"parent":0,"menu_order":0,"comment_status":"closed","ping_status":"closed","template":"","meta":{"footnotes":""},"acf":[],"yoast_head":"<!-- This site is optimized with the Yoast SEO plugin v21.6 - https:\/\/yoast.com\/wordpress\/plugins\/seo\/ -->\n<title>Former les collaborateurs de fa\u00e7on professionnelle - Projuice learning<\/title>\n<meta name=\"description\" content=\"Gr\u00e2ce aux outils de formation intelligents et au logiciel de formation de Projuice, la formation interne est plus facile que jamais. De fa\u00e7on num\u00e9rique et sur le terrain.\" \/>\n<meta name=\"robots\" content=\"index, follow, max-snippet:-1, max-image-preview:large, max-video-preview:-1\" \/>\n<link rel=\"canonical\" href=\"https:\/\/www.projuice-learning.com\/fr\/a-propos-de-nous\/\" \/>\n<meta property=\"og:locale\" content=\"fr_FR\" \/>\n<meta property=\"og:type\" content=\"article\" \/>\n<meta property=\"og:title\" content=\"Former les collaborateurs de fa\u00e7on professionnelle - Projuice learning\" \/>\n<meta property=\"og:description\" content=\"Gr\u00e2ce aux outils de formation intelligents et au logiciel de formation de Projuice, la formation interne est plus facile que jamais. De fa\u00e7on num\u00e9rique et sur le terrain.\" \/>\n<meta property=\"og:url\" content=\"https:\/\/www.projuice-learning.com\/fr\/a-propos-de-nous\/\" \/>\n<meta property=\"og:site_name\" content=\"Projuice learning\" \/>\n<meta property=\"og:image\" content=\"https:\/\/www.projuice-learning.com\/wp-content\/uploads\/2020\/12\/about-hero-background.png\" \/>\n\t<meta property=\"og:image:width\" content=\"1920\" \/>\n\t<meta property=\"og:image:height\" content=\"1282\" \/>\n\t<meta property=\"og:image:type\" content=\"image\/png\" \/>\n<meta name=\"twitter:card\" content=\"summary_large_image\" \/>\n<meta name=\"twitter:label1\" content=\"Dur\u00e9e de lecture estim\u00e9e\" \/>\n\t<meta name=\"twitter:data1\" content=\"3 minutes\" \/>\n<script type=\"application\/ld+json\" class=\"yoast-schema-graph\">{\"@context\":\"https:\/\/schema.org\",\"@graph\":[{\"@type\":\"WebPage\",\"@id\":\"https:\/\/www.projuice-learning.com\/fr\/a-propos-de-nous\/\",\"url\":\"https:\/\/www.projuice-learning.com\/fr\/a-propos-de-nous\/\",\"name\":\"Former les collaborateurs de fa\u00e7on professionnelle - Projuice learning\",\"isPartOf\":{\"@id\":\"https:\/\/www.projuice-learning.com\/#website\"},\"datePublished\":\"2021-03-16T14:49:36+00:00\",\"dateModified\":\"2021-03-16T14:49:36+00:00\",\"description\":\"Gr\u00e2ce aux outils de formation intelligents et au logiciel de formation de Projuice, la formation interne est plus facile que jamais. De fa\u00e7on num\u00e9rique et sur le terrain.\",\"breadcrumb\":{\"@id\":\"https:\/\/www.projuice-learning.com\/fr\/a-propos-de-nous\/#breadcrumb\"},\"inLanguage\":\"fr-FR\",\"potentialAction\":[{\"@type\":\"ReadAction\",\"target\":[\"https:\/\/www.projuice-learning.com\/fr\/a-propos-de-nous\/\"]}]},{\"@type\":\"BreadcrumbList\",\"@id\":\"https:\/\/www.projuice-learning.com\/fr\/a-propos-de-nous\/#breadcrumb\",\"itemListElement\":[{\"@type\":\"ListItem\",\"position\":1,\"name\":\"Home\",\"item\":\"https:\/\/www.projuice-learning.com\/fr\/\"},{\"@type\":\"ListItem\",\"position\":2,\"name\":\"\u00c0 propos de nous\"}]},{\"@type\":\"WebSite\",\"@id\":\"https:\/\/www.projuice-learning.com\/#website\",\"url\":\"https:\/\/www.projuice-learning.com\/\",\"name\":\"Projuice learning\",\"description\":\"\",\"potentialAction\":[{\"@type\":\"SearchAction\",\"target\":{\"@type\":\"EntryPoint\",\"urlTemplate\":\"https:\/\/www.projuice-learning.com\/?s={search_term_string}\"},\"query-input\":\"required name=search_term_string\"}],\"inLanguage\":\"fr-FR\"}]}<\/script>\n<!-- \/ Yoast SEO plugin. -->","yoast_head_json":{"title":"Former les collaborateurs de fa\u00e7on professionnelle - Projuice learning","description":"Gr\u00e2ce aux outils de formation intelligents et au logiciel de formation de Projuice, la formation interne est plus facile que jamais. De fa\u00e7on num\u00e9rique et sur le terrain.","robots":{"index":"index","follow":"follow","max-snippet":"max-snippet:-1","max-image-preview":"max-image-preview:large","max-video-preview":"max-video-preview:-1"},"canonical":"https:\/\/www.projuice-learning.com\/fr\/a-propos-de-nous\/","og_locale":"fr_FR","og_type":"article","og_title":"Former les collaborateurs de fa\u00e7on professionnelle - Projuice learning","og_description":"Gr\u00e2ce aux outils de formation intelligents et au logiciel de formation de Projuice, la formation interne est plus facile que jamais. De fa\u00e7on num\u00e9rique et sur le terrain.","og_url":"https:\/\/www.projuice-learning.com\/fr\/a-propos-de-nous\/","og_site_name":"Projuice learning","og_image":[{"width":1920,"height":1282,"url":"https:\/\/www.projuice-learning.com\/wp-content\/uploads\/2020\/12\/about-hero-background.png","type":"image\/png"}],"twitter_card":"summary_large_image","twitter_misc":{"Dur\u00e9e de lecture estim\u00e9e":"3 minutes"},"schema":{"@context":"https:\/\/schema.org","@graph":[{"@type":"WebPage","@id":"https:\/\/www.projuice-learning.com\/fr\/a-propos-de-nous\/","url":"https:\/\/www.projuice-learning.com\/fr\/a-propos-de-nous\/","name":"Former les collaborateurs de fa\u00e7on professionnelle - Projuice learning","isPartOf":{"@id":"https:\/\/www.projuice-learning.com\/#website"},"datePublished":"2021-03-16T14:49:36+00:00","dateModified":"2021-03-16T14:49:36+00:00","description":"Gr\u00e2ce aux outils de formation intelligents et au logiciel de formation de Projuice, la formation interne est plus facile que jamais. De fa\u00e7on num\u00e9rique et sur le terrain.","breadcrumb":{"@id":"https:\/\/www.projuice-learning.com\/fr\/a-propos-de-nous\/#breadcrumb"},"inLanguage":"fr-FR","potentialAction":[{"@type":"ReadAction","target":["https:\/\/www.projuice-learning.com\/fr\/a-propos-de-nous\/"]}]},{"@type":"BreadcrumbList","@id":"https:\/\/www.projuice-learning.com\/fr\/a-propos-de-nous\/#breadcrumb","itemListElement":[{"@type":"ListItem","position":1,"name":"Home","item":"https:\/\/www.projuice-learning.com\/fr\/"},{"@type":"ListItem","position":2,"name":"\u00c0 propos de nous"}]},{"@type":"WebSite","@id":"https:\/\/www.projuice-learning.com\/#website","url":"https:\/\/www.projuice-learning.com\/","name":"Projuice learning","description":"","potentialAction":[{"@type":"SearchAction","target":{"@type":"EntryPoint","urlTemplate":"https:\/\/www.projuice-learning.com\/?s={search_term_string}"},"query-input":"required name=search_term_string"}],"inLanguage":"fr-FR"}]}},"_links":{"self":[{"href":"https:\/\/www.projuice-learning.com\/fr\/wp-json\/wp\/v2\/pages\/1610"}],"collection":[{"href":"https:\/\/www.projuice-learning.com\/fr\/wp-json\/wp\/v2\/pages"}],"about":[{"href":"https:\/\/www.projuice-learning.com\/fr\/wp-json\/wp\/v2\/types\/page"}],"author":[{"embeddable":true,"href":"https:\/\/www.projuice-learning.com\/fr\/wp-json\/wp\/v2\/users\/1"}],"replies":[{"embeddable":true,"href":"https:\/\/www.projuice-learning.com\/fr\/wp-json\/wp\/v2\/comments?post=1610"}],"version-history":[{"count":1,"href":"https:\/\/www.projuice-learning.com\/fr\/wp-json\/wp\/v2\/pages\/1610\/revisions"}],"predecessor-version":[{"id":1622,"href":"https:\/\/www.projuice-learning.com\/fr\/wp-json\/wp\/v2\/pages\/1610\/revisions\/1622"}],"wp:featuredmedia":[{"embeddable":true,"href":"https:\/\/www.projuice-learning.com\/fr\/wp-json\/wp\/v2\/media\/1612"}],"wp:attachment":[{"href":"https:\/\/www.projuice-learning.com\/fr\/wp-json\/wp\/v2\/media?parent=1610"}],"curies":[{"name":"wp","href":"https:\/\/api.w.org\/{rel}","templated":true}]}}