{"id":1602,"date":"2021-03-16T14:57:11","date_gmt":"2021-03-16T13:57:11","guid":{"rendered":"https:\/\/www.projuice-learning.com\/former-les-collaborateurs\/"},"modified":"2021-03-24T11:21:38","modified_gmt":"2021-03-24T10:21:38","slug":"former-les-collaborateurs","status":"publish","type":"page","link":"https:\/\/www.projuice-learning.com\/fr\/former-les-collaborateurs\/","title":{"rendered":"Former les collaborateurs"},"content":{"rendered":"\n<div class=\"wp-block-columns is-layout-flex wp-container-core-columns-layout-1 wp-block-columns-is-layout-flex\">\n<div class=\"wp-block-column is-layout-flow wp-block-column-is-layout-flow\" style=\"flex-basis:50%\">\n<h2 class=\"wp-block-heading\">Former les collaborateurs avec Projuice<\/h2>\n\n\n\n<p>Se rendre compte qu&rsquo;il est opportun de revoir son organisme de formation, c&rsquo;est la premi\u00e8re \u00e9tape. Mais par o\u00f9 commencer ? Qu&rsquo;est-ce qui fonctionne pour votre organisation et qu&rsquo;est-ce qui ne fonctionne pas ? Et comment le mettre en pratique ? Projuice vous montre comment faire et posera avec vous les bases d&rsquo;une plateforme de formation \u00e0 l&rsquo;\u00e9preuve du temps.\r\n<\/p>\n<\/div>\n\n\n\n<div class=\"wp-block-column is-layout-flow wp-block-column-is-layout-flow\" style=\"flex-basis:33.33%\"><\/div>\n<\/div>\n\n\n\n<div class=\"wp-block-columns is-layout-flex wp-container-core-columns-layout-2 wp-block-columns-is-layout-flex\">\n<div class=\"wp-block-column is-layout-flow wp-block-column-is-layout-flow\">\n<figure class=\"wp-block-image size-large\"><img loading=\"lazy\" decoding=\"async\" width=\"1024\" height=\"680\" src=\"https:\/\/www.projuice-learning.com\/wp-content\/uploads\/2021\/01\/training-employees-01.jpg\" alt=\"\" class=\"wp-image-655\"\/><\/figure>\n<\/div>\n\n\n\n<div class=\"wp-block-column is-layout-flow wp-block-column-is-layout-flow\">\n<h3 class=\"wp-block-heading\">Conseils sur la formation en entreprise<\/h3>\n\n\n\n<p>Vous pouvez nous contacter pour des conseils sur la formation en entreprise et tout ce que cela implique. Comme par exemple :<\/p>\n\n\n\n<ul><li>Mise en place de l&rsquo;organisme de formation avec tous ses r\u00f4les et t\u00e2ches<\/li><li>Formation des employ\u00e9s \u00e0 l&rsquo;ex\u00e9cution de leurs nouvelles t\u00e2ches de formation<\/li><li>\u00c9laboration d&rsquo;une matrice des comp\u00e9tences<\/li><li>D\u00e9veloppement de formations internes<\/li><li>Optimisation des protocoles, proc\u00e9dures et instructions de travail (et leur utilisation)<\/li><\/ul>\n<\/div>\n<\/div>\n\n\n\n<div class=\"wp-block-columns is-layout-flex wp-container-core-columns-layout-3 wp-block-columns-is-layout-flex\">\n<div class=\"wp-block-column is-layout-flow wp-block-column-is-layout-flow\">\n<h3 class=\"wp-block-heading\">Premiers r\u00e9sultats visibles dans les trois mois<\/h3>\n\n\n\n<p>Votre organisation va-t-elle utiliser notre syst\u00e8me de formation pour la premi\u00e8re fois ? Dans ce cas, nous superviserons l&rsquo;impl\u00e9mentation de A \u00e0 Z. Dans un d\u00e9lai de trois mois, les bases du syst\u00e8me seront mises en place, les employ\u00e9s seront en mesure d&rsquo;ex\u00e9cuter leurs r\u00f4les et leurs t\u00e2ches de formation, les premi\u00e8res formations seront organis\u00e9es et les premiers r\u00e9sultats seront repris dans la matrice des comp\u00e9tences.<\/p>\n<\/div>\n\n\n\n<div class=\"wp-block-column col-image is-layout-flow wp-block-column-is-layout-flow\">\n<figure class=\"wp-block-image size-large\"><img loading=\"lazy\" decoding=\"async\" width=\"1280\" height=\"980\" src=\"https:\/\/www.projuice-learning.com\/wp-content\/uploads\/2021\/01\/training-employees-02.jpg\" alt=\"\" class=\"wp-image-748\"\/><\/figure>\n<\/div>\n<\/div>\n\n\n\n<div class=\"wp-block-columns is-layout-flex wp-container-core-columns-layout-4 wp-block-columns-is-layout-flex\">\n<div class=\"wp-block-column is-layout-flow wp-block-column-is-layout-flow\">\n<figure class=\"wp-block-image size-large\"><img loading=\"lazy\" decoding=\"async\" width=\"1280\" height=\"960\" src=\"https:\/\/www.projuice-learning.com\/wp-content\/uploads\/2021\/01\/training-employees-03.jpg\" alt=\"\" class=\"wp-image-750\"\/><\/figure>\n<\/div>\n\n\n\n<div class=\"wp-block-column is-layout-flow wp-block-column-is-layout-flow\">\n<h3 class=\"wp-block-heading\">Formation \u00e0 l&rsquo;utilisation des outils de formation<\/h3>\n\n\n\n<p>Si vous d\u00e9cidez d&rsquo;acqu\u00e9rir nos <a href=\"https:\/\/www.projuice-learning.com\/fr\/logiciel-de-formation\/\">outils de formation<\/a>, nous veillerons \u00e0 ce que vos employ\u00e9s puissent les utiliser correctement. Lors de workshops sur place, tous les d\u00e9tails des outils seront pr\u00e9sent\u00e9s aux coordinateurs. Les managers, formateurs et participants d\u00e9couvriront les outils lors d&rsquo;une courte session en ligne.<\/p>\n<\/div>\n<\/div>\n\n\n\n<div class=\"wp-block-columns is-layout-flex wp-container-core-columns-layout-5 wp-block-columns-is-layout-flex\">\n<div class=\"wp-block-column is-layout-flow wp-block-column-is-layout-flow\">\n<h3 class=\"wp-block-heading\">D\u00e9velopper la formation en entreprise<\/h3>\n\n\n\n<p>Le logiciel de Projuice vous permet de d\u00e9velopper tous vos e-learnings et formations au travail\u00a0en interne. Gr\u00e2ce \u00e0 la grande facilit\u00e9 d&rsquo;utilisation, le temps d&rsquo;\u00e9laboration d&rsquo;une formation est 80 % (!) plus court qu&rsquo;avec d&rsquo;autres syst\u00e8mes. Pr\u00e9f\u00e9rez-vous ne rien faire ? Dans ce cas, nos sp\u00e9cialistes exp\u00e9riment\u00e9s se feront un plaisir de prendre en charge l&rsquo;\u00e9laboration de vos formations.<\/p>\n<\/div>\n\n\n\n<div class=\"wp-block-column col-image is-layout-flow wp-block-column-is-layout-flow\">\n<figure class=\"wp-block-image size-large\"><img loading=\"lazy\" decoding=\"async\" width=\"1280\" height=\"980\" src=\"https:\/\/www.projuice-learning.com\/wp-content\/uploads\/2021\/01\/training-employees-04.jpg\" alt=\"\" class=\"wp-image-860\"\/><\/figure>\n<\/div>\n<\/div>\n","protected":false},"excerpt":{"rendered":"<p>Former les collaborateurs avec Projuice Se rendre compte qu&rsquo;il est opportun de revoir son organisme de formation, c&rsquo;est la premi\u00e8re &hellip;<\/p>\n","protected":false},"author":1,"featured_media":1604,"parent":0,"menu_order":0,"comment_status":"closed","ping_status":"closed","template":"","meta":{"footnotes":""},"acf":[],"yoast_head":"<!-- This site is optimized with the Yoast SEO plugin v21.6 - https:\/\/yoast.com\/wordpress\/plugins\/seo\/ -->\n<title>Formez vos collaborateurs de fa\u00e7on professionnelle sur - Projuice learning<\/title>\n<meta name=\"description\" content=\"La formation de vos collaborateurs n&#039;a jamais \u00e9t\u00e9 aussi facile. D\u00e9couvrez les outils et l&#039;expertise de Projuice et devenez un pro de la formation.\" \/>\n<meta name=\"robots\" content=\"index, follow, max-snippet:-1, max-image-preview:large, max-video-preview:-1\" \/>\n<link rel=\"canonical\" href=\"https:\/\/www.projuice-learning.com\/fr\/former-les-collaborateurs\/\" \/>\n<meta property=\"og:locale\" content=\"fr_FR\" \/>\n<meta property=\"og:type\" content=\"article\" \/>\n<meta property=\"og:title\" content=\"Formez vos collaborateurs de fa\u00e7on professionnelle sur - Projuice learning\" \/>\n<meta property=\"og:description\" content=\"La formation de vos collaborateurs n&#039;a jamais \u00e9t\u00e9 aussi facile. D\u00e9couvrez les outils et l&#039;expertise de Projuice et devenez un pro de la formation.\" \/>\n<meta property=\"og:url\" content=\"https:\/\/www.projuice-learning.com\/fr\/former-les-collaborateurs\/\" \/>\n<meta property=\"og:site_name\" content=\"Projuice learning\" \/>\n<meta property=\"article:modified_time\" content=\"2021-03-24T10:21:38+00:00\" \/>\n<meta property=\"og:image\" content=\"https:\/\/www.projuice-learning.com\/wp-content\/uploads\/2021\/01\/training-employees-hero-background.jpg\" \/>\n\t<meta property=\"og:image:width\" content=\"1920\" \/>\n\t<meta property=\"og:image:height\" content=\"920\" \/>\n\t<meta property=\"og:image:type\" content=\"image\/jpeg\" \/>\n<meta name=\"twitter:card\" content=\"summary_large_image\" \/>\n<meta name=\"twitter:label1\" content=\"Dur\u00e9e de lecture estim\u00e9e\" \/>\n\t<meta name=\"twitter:data1\" content=\"3 minutes\" \/>\n<script type=\"application\/ld+json\" class=\"yoast-schema-graph\">{\"@context\":\"https:\/\/schema.org\",\"@graph\":[{\"@type\":\"WebPage\",\"@id\":\"https:\/\/www.projuice-learning.com\/fr\/former-les-collaborateurs\/\",\"url\":\"https:\/\/www.projuice-learning.com\/fr\/former-les-collaborateurs\/\",\"name\":\"Formez vos collaborateurs de fa\u00e7on professionnelle sur - Projuice learning\",\"isPartOf\":{\"@id\":\"https:\/\/www.projuice-learning.com\/#website\"},\"datePublished\":\"2021-03-16T13:57:11+00:00\",\"dateModified\":\"2021-03-24T10:21:38+00:00\",\"description\":\"La formation de vos collaborateurs n'a jamais \u00e9t\u00e9 aussi facile. D\u00e9couvrez les outils et l'expertise de Projuice et devenez un pro de la formation.\",\"breadcrumb\":{\"@id\":\"https:\/\/www.projuice-learning.com\/fr\/former-les-collaborateurs\/#breadcrumb\"},\"inLanguage\":\"fr-FR\",\"potentialAction\":[{\"@type\":\"ReadAction\",\"target\":[\"https:\/\/www.projuice-learning.com\/fr\/former-les-collaborateurs\/\"]}]},{\"@type\":\"BreadcrumbList\",\"@id\":\"https:\/\/www.projuice-learning.com\/fr\/former-les-collaborateurs\/#breadcrumb\",\"itemListElement\":[{\"@type\":\"ListItem\",\"position\":1,\"name\":\"Home\",\"item\":\"https:\/\/www.projuice-learning.com\/fr\/\"},{\"@type\":\"ListItem\",\"position\":2,\"name\":\"Former les collaborateurs\"}]},{\"@type\":\"WebSite\",\"@id\":\"https:\/\/www.projuice-learning.com\/#website\",\"url\":\"https:\/\/www.projuice-learning.com\/\",\"name\":\"Projuice learning\",\"description\":\"\",\"potentialAction\":[{\"@type\":\"SearchAction\",\"target\":{\"@type\":\"EntryPoint\",\"urlTemplate\":\"https:\/\/www.projuice-learning.com\/?s={search_term_string}\"},\"query-input\":\"required name=search_term_string\"}],\"inLanguage\":\"fr-FR\"}]}<\/script>\n<!-- \/ Yoast SEO plugin. -->","yoast_head_json":{"title":"Formez vos collaborateurs de fa\u00e7on professionnelle sur - Projuice learning","description":"La formation de vos collaborateurs n'a jamais \u00e9t\u00e9 aussi facile. D\u00e9couvrez les outils et l'expertise de Projuice et devenez un pro de la formation.","robots":{"index":"index","follow":"follow","max-snippet":"max-snippet:-1","max-image-preview":"max-image-preview:large","max-video-preview":"max-video-preview:-1"},"canonical":"https:\/\/www.projuice-learning.com\/fr\/former-les-collaborateurs\/","og_locale":"fr_FR","og_type":"article","og_title":"Formez vos collaborateurs de fa\u00e7on professionnelle sur - Projuice learning","og_description":"La formation de vos collaborateurs n'a jamais \u00e9t\u00e9 aussi facile. D\u00e9couvrez les outils et l'expertise de Projuice et devenez un pro de la formation.","og_url":"https:\/\/www.projuice-learning.com\/fr\/former-les-collaborateurs\/","og_site_name":"Projuice learning","article_modified_time":"2021-03-24T10:21:38+00:00","og_image":[{"width":1920,"height":920,"url":"https:\/\/www.projuice-learning.com\/wp-content\/uploads\/2021\/01\/training-employees-hero-background.jpg","type":"image\/jpeg"}],"twitter_card":"summary_large_image","twitter_misc":{"Dur\u00e9e de lecture estim\u00e9e":"3 minutes"},"schema":{"@context":"https:\/\/schema.org","@graph":[{"@type":"WebPage","@id":"https:\/\/www.projuice-learning.com\/fr\/former-les-collaborateurs\/","url":"https:\/\/www.projuice-learning.com\/fr\/former-les-collaborateurs\/","name":"Formez vos collaborateurs de fa\u00e7on professionnelle sur - Projuice learning","isPartOf":{"@id":"https:\/\/www.projuice-learning.com\/#website"},"datePublished":"2021-03-16T13:57:11+00:00","dateModified":"2021-03-24T10:21:38+00:00","description":"La formation de vos collaborateurs n'a jamais \u00e9t\u00e9 aussi facile. D\u00e9couvrez les outils et l'expertise de Projuice et devenez un pro de la formation.","breadcrumb":{"@id":"https:\/\/www.projuice-learning.com\/fr\/former-les-collaborateurs\/#breadcrumb"},"inLanguage":"fr-FR","potentialAction":[{"@type":"ReadAction","target":["https:\/\/www.projuice-learning.com\/fr\/former-les-collaborateurs\/"]}]},{"@type":"BreadcrumbList","@id":"https:\/\/www.projuice-learning.com\/fr\/former-les-collaborateurs\/#breadcrumb","itemListElement":[{"@type":"ListItem","position":1,"name":"Home","item":"https:\/\/www.projuice-learning.com\/fr\/"},{"@type":"ListItem","position":2,"name":"Former les collaborateurs"}]},{"@type":"WebSite","@id":"https:\/\/www.projuice-learning.com\/#website","url":"https:\/\/www.projuice-learning.com\/","name":"Projuice learning","description":"","potentialAction":[{"@type":"SearchAction","target":{"@type":"EntryPoint","urlTemplate":"https:\/\/www.projuice-learning.com\/?s={search_term_string}"},"query-input":"required name=search_term_string"}],"inLanguage":"fr-FR"}]}},"_links":{"self":[{"href":"https:\/\/www.projuice-learning.com\/fr\/wp-json\/wp\/v2\/pages\/1602"}],"collection":[{"href":"https:\/\/www.projuice-learning.com\/fr\/wp-json\/wp\/v2\/pages"}],"about":[{"href":"https:\/\/www.projuice-learning.com\/fr\/wp-json\/wp\/v2\/types\/page"}],"author":[{"embeddable":true,"href":"https:\/\/www.projuice-learning.com\/fr\/wp-json\/wp\/v2\/users\/1"}],"replies":[{"embeddable":true,"href":"https:\/\/www.projuice-learning.com\/fr\/wp-json\/wp\/v2\/comments?post=1602"}],"version-history":[{"count":4,"href":"https:\/\/www.projuice-learning.com\/fr\/wp-json\/wp\/v2\/pages\/1602\/revisions"}],"predecessor-version":[{"id":1840,"href":"https:\/\/www.projuice-learning.com\/fr\/wp-json\/wp\/v2\/pages\/1602\/revisions\/1840"}],"wp:featuredmedia":[{"embeddable":true,"href":"https:\/\/www.projuice-learning.com\/fr\/wp-json\/wp\/v2\/media\/1604"}],"wp:attachment":[{"href":"https:\/\/www.projuice-learning.com\/fr\/wp-json\/wp\/v2\/media?parent=1602"}],"curies":[{"name":"wp","href":"https:\/\/api.w.org\/{rel}","templated":true}]}}