{"id":1420,"date":"2021-03-14T18:19:08","date_gmt":"2021-03-14T17:19:08","guid":{"rendered":"https:\/\/www.projuice-learning.com\/quienes-somos\/"},"modified":"2021-03-14T18:19:08","modified_gmt":"2021-03-14T17:19:08","slug":"quienes-somos","status":"publish","type":"page","link":"https:\/\/www.projuice-learning.com\/es\/quienes-somos\/","title":{"rendered":"Qui\u00e9nes somos"},"content":{"rendered":"\n<div class=\"wp-block-columns is-layout-flex wp-container-core-columns-layout-1 wp-block-columns-is-layout-flex\">\n<div class=\"wp-block-column is-layout-flow wp-block-column-is-layout-flow\" style=\"flex-basis:50%\">\n<h2 class=\"wp-block-heading\">La idea de Projuice se origin\u00f3 en la industria alimenticia<\/h2>\n\n\n\n<p>En la empresa de un fabricante de bebidas de frutas, para ser exactos. De ah\u00ed el nombre de \u00abProjuice\u00bb. Aqu\u00ed descubrimos hasta qu\u00e9 punto es decisivo el rendimiento de los trabajadores para un espacio de trabajo seguro, la calidad y el progreso de la producci\u00f3n. Y lo dif\u00edcil que puede ser mantener y continuar mejorando este rendimiento de forma estructurada.<\/p>\n<\/div>\n\n\n\n<div class=\"wp-block-column col-image is-layout-flow wp-block-column-is-layout-flow\" style=\"flex-basis:50%\" id=\"col-image\">\n<figure class=\"wp-block-image size-large\"><img loading=\"lazy\" decoding=\"async\" width=\"1024\" height=\"680\" src=\"https:\/\/www.projuice-learning.com\/wp-content\/uploads\/2021\/01\/about-00.jpg\" alt=\"\" class=\"wp-image-931\" \/><\/figure><\/div>\n<\/div>\n\n<div class=\"wp-block-columns is-layout-flex wp-container-core-columns-layout-2 wp-block-columns-is-layout-flex\">\n<div class=\"wp-block-column is-layout-flow wp-block-column-is-layout-flow\">\n<figure class=\"wp-block-image size-large\"><img loading=\"lazy\" decoding=\"async\" width=\"1280\" height=\"853\" src=\"https:\/\/www.projuice-learning.com\/wp-content\/uploads\/2021\/01\/about-01.jpg\" alt=\"\" class=\"wp-image-884\" \/><\/figure><\/div>\n\n\n\n<div class=\"wp-block-column is-layout-flow wp-block-column-is-layout-flow\">\n<h3 class=\"wp-block-heading\">La soluci\u00f3n: un sistema de formaci\u00f3n inteligente<\/h3>\n\n\n\n<p>En estrecha colaboraci\u00f3n con socios del sector y de otros ramos, hemos desarrollado el sistema de formaci\u00f3n Projuice. Una soluci\u00f3n inteligente que ofrece informaci\u00f3n automatizada sobre las competencias necesarias y actuales de los empleados seg\u00fan cada puesto de trabajo. Y tambi\u00e9n determina de inmediato qu\u00e9 se necesita para cubrir lagunas de conocimientos. El desarrollo de Projuice en s\u00ed mismo tambi\u00e9n cuenta con nuestra atenci\u00f3n continua.<\/p>\n<\/div>\n<\/div>\n\n<div class=\"wp-block-columns is-layout-flex wp-container-core-columns-layout-3 wp-block-columns-is-layout-flex\">\n<div class=\"wp-block-column is-layout-flow wp-block-column-is-layout-flow\">\n<h3 class=\"wp-block-heading\">Lo que hace \u00fanico a Projuice<\/h3>\n\n\n\n<ul><li>Pruebas y aprendizaje profesional en el puesto de trabajo<\/li><li>Basado en las normas internas de calidad vigentes<\/li><li>Resultados visibles en tiempo real<\/li><li>Competencias constantemente actualizadas de forma autom\u00e1tica, en todos los escenarios aplicables del lugar de trabajo<\/li><\/ul><\/div>\n\n\n\n<div class=\"wp-block-column col-image is-layout-flow wp-block-column-is-layout-flow\">\n<figure class=\"wp-block-image size-large\"><img loading=\"lazy\" decoding=\"async\" width=\"1280\" height=\"819\" src=\"https:\/\/www.projuice-learning.com\/wp-content\/uploads\/2021\/01\/about-02.jpg\" alt=\"\" class=\"wp-image-886\" \/><\/figure><\/div>\n<\/div>\n\n<div class=\"wp-block-columns is-layout-flex wp-container-core-columns-layout-5 wp-block-columns-is-layout-flex\">\n<div class=\"wp-block-column is-layout-flow wp-block-column-is-layout-flow\">\n<figure class=\"wp-block-image size-large\"><img loading=\"lazy\" decoding=\"async\" width=\"1280\" height=\"960\" src=\"https:\/\/www.projuice-learning.com\/wp-content\/uploads\/2021\/01\/about-03.jpg\" alt=\"\" class=\"wp-image-888\" \/><\/figure><\/div>\n\n\n\n<div class=\"wp-block-column is-layout-flow wp-block-column-is-layout-flow\">\n<h3 class=\"wp-block-heading\">Lo que aporta<\/h3>\n\n\n\n<p>Con el tiempo, Projuice se ha convertido en un concepto para numerosas organizaciones y sus empleados. Todos ellos han visto por experiencia que la formaci\u00f3n profesional no tiene por qu\u00e9 ser complicada. Projuice se implanta en un plazo de tres meses y ya son visibles los primeros resultados:<\/p>\n\n\n\n<ul><li>Una organizaci\u00f3n que responde profesionalmente a todas las cuestiones de formaci\u00f3n<\/li><li>Aumento de la eficiencia de todos los recursos disponibles<\/li><li>Excelente puntuaci\u00f3n en las auditor\u00edas<\/li><\/ul>\n\n\n<div class=\"wp-block-columns is-layout-flex wp-container-core-columns-layout-4 wp-block-columns-is-layout-flex\">\n<div class=\"wp-block-column is-layout-flow wp-block-column-is-layout-flow\"><\/div>\n<\/div>\n<\/div>\n<\/div>\n\n<div class=\"wp-block-columns is-layout-flex wp-container-core-columns-layout-6 wp-block-columns-is-layout-flex\">\n<div class=\"wp-block-column is-layout-flow wp-block-column-is-layout-flow\">\n<h2 class=\"wp-block-heading\">Nuestro m\u00e9todo de trabajo<\/h2>\n\n\n\n<p>Dedicamos una atenci\u00f3n constante al desarrollo continuo de nuestro software de formaci\u00f3n y nuestros servicios. Trabajamos enfoc\u00e1ndonos en cinco \u00e1reas de especializaci\u00f3n.<\/p>\n<\/div>\n\n\n\n<div class=\"wp-block-column is-layout-flow wp-block-column-is-layout-flow\"><\/div>\n<\/div>\n\n<div class=\"wp-block-columns is-layout-flex wp-container-core-columns-layout-7 wp-block-columns-is-layout-flex\">\n<div class=\"wp-block-column is-layout-flow wp-block-column-is-layout-flow\">\n<figure class=\"wp-block-image size-large\"><img loading=\"lazy\" decoding=\"async\" width=\"120\" height=\"120\" src=\"https:\/\/www.projuice-learning.com\/wp-content\/uploads\/2021\/01\/about-icon-1.jpg\" alt=\"\" class=\"wp-image-897\" \/><\/figure>\n\n\n<h4 class=\"wp-block-heading\">Tu empresa<\/h4>\n\n\n\n<p>Podemos ser breves al respecto: mediante el desarrollo continuo de Projuice, nos conectamos con las necesidades de nuestros clientes. Para saber cu\u00e1les son esas necesidades, mantenemos una comunicaci\u00f3n constante con los expertos en contenidos en el lugar de trabajo.<\/p>\n<\/div>\n\n\n\n<div class=\"wp-block-column is-layout-flow wp-block-column-is-layout-flow\">\n<figure class=\"wp-block-image size-large\"><img loading=\"lazy\" decoding=\"async\" width=\"120\" height=\"120\" src=\"https:\/\/www.projuice-learning.com\/wp-content\/uploads\/2021\/01\/about-icon-2.jpg\" alt=\"\" class=\"wp-image-901\" \/><\/figure>\n\n\n<h4 class=\"wp-block-heading\">Experiencia educativa<\/h4>\n\n\n\n<p>En Projuice Learning contamos con expertos en educaci\u00f3n. Con ello conseguimos herramientas de formaci\u00f3n altamente eficaces, basadas en los conocimientos educativos m\u00e1s actuales. Adem\u00e1s, ofrecemos el apoyo y la orientaci\u00f3n adecuados para seguir profesionalizando tu organizaci\u00f3n y tus cursos de formaci\u00f3n.<\/p>\n<\/div>\n\n\n\n<div class=\"wp-block-column is-layout-flow wp-block-column-is-layout-flow\">\n<figure class=\"wp-block-image size-large\"><img loading=\"lazy\" decoding=\"async\" width=\"120\" height=\"120\" src=\"https:\/\/www.projuice-learning.com\/wp-content\/uploads\/2021\/01\/about-icon-3.jpg\" alt=\"\" class=\"wp-image-903\" \/><\/figure>\n\n\n<h4 class=\"wp-block-heading\">Dise\u00f1o de la interfaz<\/h4>\n\n\n\n<p>Un sistema formativo profesional necesita una experiencia de usuario \u00f3ptima. Gracias a que contamos con nuestros propios dise\u00f1adores de interacci\u00f3n, cuentas con el sistema m\u00e1s f\u00e1cil de usar.<\/p>\n<\/div>\n<\/div>\n\n<div class=\"wp-block-columns is-layout-flex wp-container-core-columns-layout-8 wp-block-columns-is-layout-flex\">\n<div class=\"wp-block-column is-layout-flow wp-block-column-is-layout-flow\">\n<figure class=\"wp-block-image size-large\"><img loading=\"lazy\" decoding=\"async\" width=\"120\" height=\"120\" src=\"https:\/\/www.projuice-learning.com\/wp-content\/uploads\/2021\/01\/about-icon-4.jpg\" alt=\"\" class=\"wp-image-905\" \/><\/figure>\n\n\n<h4 class=\"wp-block-heading\">Arquitectura de software<\/h4>\n\n\n\n<p>Sin concesiones: una arquitectura inteligente es siempre nuestro punto de partida. Esto nos aporta una base s\u00f3lida para seguir desarrollando el software internamente, lo que garantiza la estabilidad, la velocidad y la precisi\u00f3n.<\/p>\n<\/div>\n\n\n\n<div class=\"wp-block-column is-layout-flow wp-block-column-is-layout-flow\">\n<figure class=\"wp-block-image size-large\"><img loading=\"lazy\" decoding=\"async\" width=\"120\" height=\"120\" src=\"https:\/\/www.projuice-learning.com\/wp-content\/uploads\/2021\/01\/about-icon-5.jpg\" alt=\"\" class=\"wp-image-907\" \/><\/figure>\n\n\n<h4 class=\"wp-block-heading\">Seguridad<\/h4>\n\n\n\n<p>El software Projuice es seguro. El desarrollo de un software conscientemente seguro constituye un proceso continuo en Projuice. As\u00ed podemos garantizarte un sistema fiable en el que tus datos se mantienen seguros.<\/p>\n<\/div>\n\n\n\n<div class=\"wp-block-column is-layout-flow wp-block-column-is-layout-flow\"><\/div>\n<\/div>\n\n<div style=\"height:60px\" aria-hidden=\"true\" class=\"wp-block-spacer\"><\/div>\n\n<div class=\"wp-block-columns is-layout-flex wp-container-core-columns-layout-9 wp-block-columns-is-layout-flex\">\n<div class=\"wp-block-column is-layout-flow wp-block-column-is-layout-flow\">\n<h3 class=\"wp-block-heading\">Trabaja con nosotros<\/h3>\n\n\n\n<p>\u00bfTienes experiencia como educador o desarrollador de software, eres emprendedor, tienes buenas habilidades de comunicaci\u00f3n y has desarrollado habilidades de consultor\u00eda? \u00bfTe apasionan el aprendizaje y el desarrollo y\/o el desarrollo de software f\u00e1cil de usar y quieres ayudar a crear la mejor soluci\u00f3n para nuestros clientes? Aunque no tengamos ninguna vacante en este momento, nos gustar\u00eda conocerte.<\/p>\n<\/div>\n\n\n\n<div class=\"wp-block-column is-layout-flow wp-block-column-is-layout-flow\"><\/div>\n<\/div>\n","protected":false},"excerpt":{"rendered":"<p>La idea de Projuice se origin\u00f3 en la industria alimenticia En la empresa de un fabricante de bebidas de frutas, &hellip;<\/p>\n","protected":false},"author":1,"featured_media":1422,"parent":0,"menu_order":0,"comment_status":"closed","ping_status":"closed","template":"","meta":{"footnotes":""},"acf":[],"yoast_head":"<!-- This site is optimized with the Yoast SEO plugin v21.6 - https:\/\/yoast.com\/wordpress\/plugins\/seo\/ -->\n<title>Formaci\u00f3n profesional para empleados - Projuice learning<\/title>\n<meta name=\"description\" content=\"Gracias a las herramientas educativas inteligentes y al software de formaci\u00f3n de Projuice, la formaci\u00f3n interna es m\u00e1s f\u00e1cil que nunca. Digitalmente y en el lugar de trabajo.\" \/>\n<meta name=\"robots\" content=\"index, follow, max-snippet:-1, max-image-preview:large, max-video-preview:-1\" \/>\n<link rel=\"canonical\" href=\"https:\/\/www.projuice-learning.com\/es\/quienes-somos\/\" \/>\n<meta property=\"og:locale\" content=\"es_ES\" \/>\n<meta property=\"og:type\" content=\"article\" \/>\n<meta property=\"og:title\" content=\"Formaci\u00f3n profesional para empleados - Projuice learning\" \/>\n<meta property=\"og:description\" content=\"Gracias a las herramientas educativas inteligentes y al software de formaci\u00f3n de Projuice, la formaci\u00f3n interna es m\u00e1s f\u00e1cil que nunca. Digitalmente y en el lugar de trabajo.\" \/>\n<meta property=\"og:url\" content=\"https:\/\/www.projuice-learning.com\/es\/quienes-somos\/\" \/>\n<meta property=\"og:site_name\" content=\"Projuice learning\" \/>\n<meta property=\"og:image\" content=\"https:\/\/www.projuice-learning.com\/wp-content\/uploads\/2020\/12\/about-hero-background.png\" \/>\n\t<meta property=\"og:image:width\" content=\"1920\" \/>\n\t<meta property=\"og:image:height\" content=\"1282\" \/>\n\t<meta property=\"og:image:type\" content=\"image\/png\" \/>\n<meta name=\"twitter:card\" content=\"summary_large_image\" \/>\n<meta name=\"twitter:label1\" content=\"Tiempo de lectura\" \/>\n\t<meta name=\"twitter:data1\" content=\"3 minutos\" \/>\n<script type=\"application\/ld+json\" class=\"yoast-schema-graph\">{\"@context\":\"https:\/\/schema.org\",\"@graph\":[{\"@type\":\"WebPage\",\"@id\":\"https:\/\/www.projuice-learning.com\/es\/quienes-somos\/\",\"url\":\"https:\/\/www.projuice-learning.com\/es\/quienes-somos\/\",\"name\":\"Formaci\u00f3n profesional para empleados - Projuice learning\",\"isPartOf\":{\"@id\":\"https:\/\/www.projuice-learning.com\/#website\"},\"datePublished\":\"2021-03-14T17:19:08+00:00\",\"dateModified\":\"2021-03-14T17:19:08+00:00\",\"description\":\"Gracias a las herramientas educativas inteligentes y al software de formaci\u00f3n de Projuice, la formaci\u00f3n interna es m\u00e1s f\u00e1cil que nunca. Digitalmente y en el lugar de trabajo.\",\"breadcrumb\":{\"@id\":\"https:\/\/www.projuice-learning.com\/es\/quienes-somos\/#breadcrumb\"},\"inLanguage\":\"es\",\"potentialAction\":[{\"@type\":\"ReadAction\",\"target\":[\"https:\/\/www.projuice-learning.com\/es\/quienes-somos\/\"]}]},{\"@type\":\"BreadcrumbList\",\"@id\":\"https:\/\/www.projuice-learning.com\/es\/quienes-somos\/#breadcrumb\",\"itemListElement\":[{\"@type\":\"ListItem\",\"position\":1,\"name\":\"Home\",\"item\":\"https:\/\/www.projuice-learning.com\/es\/inicio\/\"},{\"@type\":\"ListItem\",\"position\":2,\"name\":\"Qui\u00e9nes somos\"}]},{\"@type\":\"WebSite\",\"@id\":\"https:\/\/www.projuice-learning.com\/#website\",\"url\":\"https:\/\/www.projuice-learning.com\/\",\"name\":\"Projuice learning\",\"description\":\"\",\"potentialAction\":[{\"@type\":\"SearchAction\",\"target\":{\"@type\":\"EntryPoint\",\"urlTemplate\":\"https:\/\/www.projuice-learning.com\/?s={search_term_string}\"},\"query-input\":\"required name=search_term_string\"}],\"inLanguage\":\"es\"}]}<\/script>\n<!-- \/ Yoast SEO plugin. -->","yoast_head_json":{"title":"Formaci\u00f3n profesional para empleados - Projuice learning","description":"Gracias a las herramientas educativas inteligentes y al software de formaci\u00f3n de Projuice, la formaci\u00f3n interna es m\u00e1s f\u00e1cil que nunca. Digitalmente y en el lugar de trabajo.","robots":{"index":"index","follow":"follow","max-snippet":"max-snippet:-1","max-image-preview":"max-image-preview:large","max-video-preview":"max-video-preview:-1"},"canonical":"https:\/\/www.projuice-learning.com\/es\/quienes-somos\/","og_locale":"es_ES","og_type":"article","og_title":"Formaci\u00f3n profesional para empleados - Projuice learning","og_description":"Gracias a las herramientas educativas inteligentes y al software de formaci\u00f3n de Projuice, la formaci\u00f3n interna es m\u00e1s f\u00e1cil que nunca. Digitalmente y en el lugar de trabajo.","og_url":"https:\/\/www.projuice-learning.com\/es\/quienes-somos\/","og_site_name":"Projuice learning","og_image":[{"width":1920,"height":1282,"url":"https:\/\/www.projuice-learning.com\/wp-content\/uploads\/2020\/12\/about-hero-background.png","type":"image\/png"}],"twitter_card":"summary_large_image","twitter_misc":{"Tiempo de lectura":"3 minutos"},"schema":{"@context":"https:\/\/schema.org","@graph":[{"@type":"WebPage","@id":"https:\/\/www.projuice-learning.com\/es\/quienes-somos\/","url":"https:\/\/www.projuice-learning.com\/es\/quienes-somos\/","name":"Formaci\u00f3n profesional para empleados - Projuice learning","isPartOf":{"@id":"https:\/\/www.projuice-learning.com\/#website"},"datePublished":"2021-03-14T17:19:08+00:00","dateModified":"2021-03-14T17:19:08+00:00","description":"Gracias a las herramientas educativas inteligentes y al software de formaci\u00f3n de Projuice, la formaci\u00f3n interna es m\u00e1s f\u00e1cil que nunca. Digitalmente y en el lugar de trabajo.","breadcrumb":{"@id":"https:\/\/www.projuice-learning.com\/es\/quienes-somos\/#breadcrumb"},"inLanguage":"es","potentialAction":[{"@type":"ReadAction","target":["https:\/\/www.projuice-learning.com\/es\/quienes-somos\/"]}]},{"@type":"BreadcrumbList","@id":"https:\/\/www.projuice-learning.com\/es\/quienes-somos\/#breadcrumb","itemListElement":[{"@type":"ListItem","position":1,"name":"Home","item":"https:\/\/www.projuice-learning.com\/es\/inicio\/"},{"@type":"ListItem","position":2,"name":"Qui\u00e9nes somos"}]},{"@type":"WebSite","@id":"https:\/\/www.projuice-learning.com\/#website","url":"https:\/\/www.projuice-learning.com\/","name":"Projuice learning","description":"","potentialAction":[{"@type":"SearchAction","target":{"@type":"EntryPoint","urlTemplate":"https:\/\/www.projuice-learning.com\/?s={search_term_string}"},"query-input":"required name=search_term_string"}],"inLanguage":"es"}]}},"_links":{"self":[{"href":"https:\/\/www.projuice-learning.com\/es\/wp-json\/wp\/v2\/pages\/1420"}],"collection":[{"href":"https:\/\/www.projuice-learning.com\/es\/wp-json\/wp\/v2\/pages"}],"about":[{"href":"https:\/\/www.projuice-learning.com\/es\/wp-json\/wp\/v2\/types\/page"}],"author":[{"embeddable":true,"href":"https:\/\/www.projuice-learning.com\/es\/wp-json\/wp\/v2\/users\/1"}],"replies":[{"embeddable":true,"href":"https:\/\/www.projuice-learning.com\/es\/wp-json\/wp\/v2\/comments?post=1420"}],"version-history":[{"count":1,"href":"https:\/\/www.projuice-learning.com\/es\/wp-json\/wp\/v2\/pages\/1420\/revisions"}],"predecessor-version":[{"id":1432,"href":"https:\/\/www.projuice-learning.com\/es\/wp-json\/wp\/v2\/pages\/1420\/revisions\/1432"}],"wp:featuredmedia":[{"embeddable":true,"href":"https:\/\/www.projuice-learning.com\/es\/wp-json\/wp\/v2\/media\/1422"}],"wp:attachment":[{"href":"https:\/\/www.projuice-learning.com\/es\/wp-json\/wp\/v2\/media?parent=1420"}],"curies":[{"name":"wp","href":"https:\/\/api.w.org\/{rel}","templated":true}]}}