{"id":1412,"date":"2021-03-14T17:58:08","date_gmt":"2021-03-14T16:58:08","guid":{"rendered":"https:\/\/www.projuice-learning.com\/formacion-de-empleados\/"},"modified":"2021-03-24T11:38:32","modified_gmt":"2021-03-24T10:38:32","slug":"formacion-de-empleados","status":"publish","type":"page","link":"https:\/\/www.projuice-learning.com\/es\/formacion-de-empleados\/","title":{"rendered":"Formaci\u00f3n de empleados"},"content":{"rendered":"\n<div class=\"wp-block-columns is-layout-flex wp-container-core-columns-layout-1 wp-block-columns-is-layout-flex\">\n<div class=\"wp-block-column is-layout-flow wp-block-column-is-layout-flow\" style=\"flex-basis:50%\">\n<h2 class=\"wp-block-heading\">Formaci\u00f3n de empleados con Projuice<\/h2>\n\n\n\n<p>El primer paso es reconocer que es buena idea abordar las actividades de formaci\u00f3n en tu empresa. \u00bfPero por d\u00f3nde empezar? \u00bfQu\u00e9 funciona en tu organizaci\u00f3n y qu\u00e9 no? \u00bfY c\u00f3mo llevarlo a la pr\u00e1ctica? Projuice te muestra el camino y te ayuda a sentar las bases de una plataforma de formaci\u00f3n preparada para el futuro.<\/p>\n<\/div>\n\n\n\n<div class=\"wp-block-column is-layout-flow wp-block-column-is-layout-flow\" style=\"flex-basis:33.33%\"><\/div>\n<\/div>\n\n\n\n<div class=\"wp-block-columns is-layout-flex wp-container-core-columns-layout-2 wp-block-columns-is-layout-flex\">\n<div class=\"wp-block-column is-layout-flow wp-block-column-is-layout-flow\">\n<figure class=\"wp-block-image size-large\"><img loading=\"lazy\" decoding=\"async\" width=\"1024\" height=\"680\" src=\"https:\/\/www.projuice-learning.com\/wp-content\/uploads\/2021\/01\/training-employees-01.jpg\" alt=\"\" class=\"wp-image-655\"\/><\/figure>\n<\/div>\n\n\n\n<div class=\"wp-block-column is-layout-flow wp-block-column-is-layout-flow\">\n<h3 class=\"wp-block-heading\">Asesoramiento sobre formaci\u00f3n laboral<\/h3>\n\n\n\n<p>Puede ponerse en contacto con nosotros para que le asesoremos sobre la formaci\u00f3n en el lugar de trabajo y todo lo relacionado con ella. Estos son algunos ejemplos:<\/p>\n\n\n\n<ul><li>Organizaci\u00f3n del paquete formativo con todas sus funciones y tareas<\/li><li>Entrenamiento de empleados en la realizaci\u00f3n de sus nuevas tareas de formaci\u00f3n<\/li><li>Creaci\u00f3n de una matriz de competencias<\/li><li>Desarrollo de formaciones internas<\/li><li>Optimizaci\u00f3n de protocolos, procedimientos e instrucciones de trabajo (y la forma de utilizarlos)<\/li><\/ul>\n<\/div>\n<\/div>\n\n\n\n<div class=\"wp-block-columns is-layout-flex wp-container-core-columns-layout-3 wp-block-columns-is-layout-flex\">\n<div class=\"wp-block-column is-layout-flow wp-block-column-is-layout-flow\">\n<h3 class=\"wp-block-heading\">Resultados visibles en tres meses<\/h3>\n\n\n\n<p>\u00bfVa a utilizar tu empresa nuestro sistema de formaci\u00f3n por primera vez? En ese caso, nosotros supervisaremos la aplicaci\u00f3n de la A a la Z. En un plazo de tres meses se implantar\u00e1n las bases del sistema, los empleados podr\u00e1n desempe\u00f1ar sus funciones y tareas de formaci\u00f3n, se impartir\u00e1n los primeros cursos formativos y ya ver\u00e1s los primeros resultados en la matriz de competencias.<\/p>\n<\/div>\n\n\n\n<div class=\"wp-block-column col-image is-layout-flow wp-block-column-is-layout-flow\">\n<figure class=\"wp-block-image size-large\"><img loading=\"lazy\" decoding=\"async\" width=\"1280\" height=\"980\" src=\"https:\/\/www.projuice-learning.com\/wp-content\/uploads\/2021\/01\/training-employees-02.jpg\" alt=\"\" class=\"wp-image-748\"\/><\/figure>\n<\/div>\n<\/div>\n\n\n\n<div class=\"wp-block-columns is-layout-flex wp-container-core-columns-layout-4 wp-block-columns-is-layout-flex\">\n<div class=\"wp-block-column is-layout-flow wp-block-column-is-layout-flow\">\n<figure class=\"wp-block-image size-large\"><img loading=\"lazy\" decoding=\"async\" width=\"1280\" height=\"960\" src=\"https:\/\/www.projuice-learning.com\/wp-content\/uploads\/2021\/01\/training-employees-03.jpg\" alt=\"\" class=\"wp-image-750\"\/><\/figure>\n<\/div>\n\n\n\n<div class=\"wp-block-column is-layout-flow wp-block-column-is-layout-flow\">\n<h3 class=\"wp-block-heading\">Entrenamientos para la utilizaci\u00f3n de las herramientas de formaci\u00f3n<\/h3>\n\n\n\n<p>Si adquieres nuestras <a href=\"https:\/\/www.projuice-learning.com\/es\/software-de-formacion\/\">herramientas de formaci\u00f3n<\/a>, nos aseguraremos de que tus empleados sean capaces de utilizarlas. Los coordinadores aprender\u00e1n r\u00e1pidamente en los talleres presenciales todo lo que hay que saber sobre las herramientas. Los directivos, formadores y participantes las descubrir\u00e1n mediante un breve aprendizaje electr\u00f3nico.<\/p>\n<\/div>\n<\/div>\n\n\n\n<div class=\"wp-block-columns is-layout-flex wp-container-core-columns-layout-5 wp-block-columns-is-layout-flex\">\n<div class=\"wp-block-column is-layout-flow wp-block-column-is-layout-flow\">\n<h3 class=\"wp-block-heading\">Desarrollo de formaciones en el lugar de trabajo<\/h3>\n\n\n\n<p>El <em>software<\/em> de Projuice te permite desarrollar en la propia empresa todas tus formaciones digitales y entrenamientos en el lugar de trabajo. Gracias a su facilidad de uso, el tiempo de desarrollo de un curso es un 80 % menos que con otros sistemas. \u00bfPrefieres no tener que encargarte de hacerlo t\u00fa mismo? Entonces nuestros expertos especialistas estar\u00e1n encantados de encargarse del desarrollo de tus cursos de formaci\u00f3n.<\/p>\n<\/div>\n\n\n\n<div class=\"wp-block-column col-image is-layout-flow wp-block-column-is-layout-flow\">\n<figure class=\"wp-block-image size-large\"><img loading=\"lazy\" decoding=\"async\" width=\"1280\" height=\"980\" src=\"https:\/\/www.projuice-learning.com\/wp-content\/uploads\/2021\/01\/training-employees-04.jpg\" alt=\"\" class=\"wp-image-860\"\/><\/figure>\n<\/div>\n<\/div>\n","protected":false},"excerpt":{"rendered":"<p>Formaci\u00f3n de empleados con Projuice El primer paso es reconocer que es buena idea abordar las actividades de formaci\u00f3n en &hellip;<\/p>\n","protected":false},"author":1,"featured_media":1414,"parent":0,"menu_order":0,"comment_status":"closed","ping_status":"closed","template":"","meta":{"footnotes":""},"acf":[],"yoast_head":"<!-- This site is optimized with the Yoast SEO plugin v21.6 - https:\/\/yoast.com\/wordpress\/plugins\/seo\/ -->\n<title>Forma profesionalmente a tus empleados - Projuice learning<\/title>\n<meta name=\"description\" content=\"Formar a tus empleados nunca ha sido tan f\u00e1cil. Descubre las herramientas y conocimiento experto de Projuice y convi\u00e9rtete t\u00fa mismo en un profesional de la formaci\u00f3n.\" \/>\n<meta name=\"robots\" content=\"index, follow, max-snippet:-1, max-image-preview:large, max-video-preview:-1\" \/>\n<link rel=\"canonical\" href=\"https:\/\/www.projuice-learning.com\/es\/formacion-de-empleados\/\" \/>\n<meta property=\"og:locale\" content=\"es_ES\" \/>\n<meta property=\"og:type\" content=\"article\" \/>\n<meta property=\"og:title\" content=\"Forma profesionalmente a tus empleados - Projuice learning\" \/>\n<meta property=\"og:description\" content=\"Formar a tus empleados nunca ha sido tan f\u00e1cil. Descubre las herramientas y conocimiento experto de Projuice y convi\u00e9rtete t\u00fa mismo en un profesional de la formaci\u00f3n.\" \/>\n<meta property=\"og:url\" content=\"https:\/\/www.projuice-learning.com\/es\/formacion-de-empleados\/\" \/>\n<meta property=\"og:site_name\" content=\"Projuice learning\" \/>\n<meta property=\"article:modified_time\" content=\"2021-03-24T10:38:32+00:00\" \/>\n<meta property=\"og:image\" content=\"https:\/\/www.projuice-learning.com\/wp-content\/uploads\/2021\/01\/training-employees-hero-background.jpg\" \/>\n\t<meta property=\"og:image:width\" content=\"1920\" \/>\n\t<meta property=\"og:image:height\" content=\"920\" \/>\n\t<meta property=\"og:image:type\" content=\"image\/jpeg\" \/>\n<meta name=\"twitter:card\" content=\"summary_large_image\" \/>\n<meta name=\"twitter:label1\" content=\"Tiempo de lectura\" \/>\n\t<meta name=\"twitter:data1\" content=\"3 minutos\" \/>\n<script type=\"application\/ld+json\" class=\"yoast-schema-graph\">{\"@context\":\"https:\/\/schema.org\",\"@graph\":[{\"@type\":\"WebPage\",\"@id\":\"https:\/\/www.projuice-learning.com\/es\/formacion-de-empleados\/\",\"url\":\"https:\/\/www.projuice-learning.com\/es\/formacion-de-empleados\/\",\"name\":\"Forma profesionalmente a tus empleados - Projuice learning\",\"isPartOf\":{\"@id\":\"https:\/\/www.projuice-learning.com\/#website\"},\"datePublished\":\"2021-03-14T16:58:08+00:00\",\"dateModified\":\"2021-03-24T10:38:32+00:00\",\"description\":\"Formar a tus empleados nunca ha sido tan f\u00e1cil. Descubre las herramientas y conocimiento experto de Projuice y convi\u00e9rtete t\u00fa mismo en un profesional de la formaci\u00f3n.\",\"breadcrumb\":{\"@id\":\"https:\/\/www.projuice-learning.com\/es\/formacion-de-empleados\/#breadcrumb\"},\"inLanguage\":\"es\",\"potentialAction\":[{\"@type\":\"ReadAction\",\"target\":[\"https:\/\/www.projuice-learning.com\/es\/formacion-de-empleados\/\"]}]},{\"@type\":\"BreadcrumbList\",\"@id\":\"https:\/\/www.projuice-learning.com\/es\/formacion-de-empleados\/#breadcrumb\",\"itemListElement\":[{\"@type\":\"ListItem\",\"position\":1,\"name\":\"Home\",\"item\":\"https:\/\/www.projuice-learning.com\/es\/inicio\/\"},{\"@type\":\"ListItem\",\"position\":2,\"name\":\"Formaci\u00f3n de empleados\"}]},{\"@type\":\"WebSite\",\"@id\":\"https:\/\/www.projuice-learning.com\/#website\",\"url\":\"https:\/\/www.projuice-learning.com\/\",\"name\":\"Projuice learning\",\"description\":\"\",\"potentialAction\":[{\"@type\":\"SearchAction\",\"target\":{\"@type\":\"EntryPoint\",\"urlTemplate\":\"https:\/\/www.projuice-learning.com\/?s={search_term_string}\"},\"query-input\":\"required name=search_term_string\"}],\"inLanguage\":\"es\"}]}<\/script>\n<!-- \/ Yoast SEO plugin. -->","yoast_head_json":{"title":"Forma profesionalmente a tus empleados - Projuice learning","description":"Formar a tus empleados nunca ha sido tan f\u00e1cil. Descubre las herramientas y conocimiento experto de Projuice y convi\u00e9rtete t\u00fa mismo en un profesional de la formaci\u00f3n.","robots":{"index":"index","follow":"follow","max-snippet":"max-snippet:-1","max-image-preview":"max-image-preview:large","max-video-preview":"max-video-preview:-1"},"canonical":"https:\/\/www.projuice-learning.com\/es\/formacion-de-empleados\/","og_locale":"es_ES","og_type":"article","og_title":"Forma profesionalmente a tus empleados - Projuice learning","og_description":"Formar a tus empleados nunca ha sido tan f\u00e1cil. Descubre las herramientas y conocimiento experto de Projuice y convi\u00e9rtete t\u00fa mismo en un profesional de la formaci\u00f3n.","og_url":"https:\/\/www.projuice-learning.com\/es\/formacion-de-empleados\/","og_site_name":"Projuice learning","article_modified_time":"2021-03-24T10:38:32+00:00","og_image":[{"width":1920,"height":920,"url":"https:\/\/www.projuice-learning.com\/wp-content\/uploads\/2021\/01\/training-employees-hero-background.jpg","type":"image\/jpeg"}],"twitter_card":"summary_large_image","twitter_misc":{"Tiempo de lectura":"3 minutos"},"schema":{"@context":"https:\/\/schema.org","@graph":[{"@type":"WebPage","@id":"https:\/\/www.projuice-learning.com\/es\/formacion-de-empleados\/","url":"https:\/\/www.projuice-learning.com\/es\/formacion-de-empleados\/","name":"Forma profesionalmente a tus empleados - Projuice learning","isPartOf":{"@id":"https:\/\/www.projuice-learning.com\/#website"},"datePublished":"2021-03-14T16:58:08+00:00","dateModified":"2021-03-24T10:38:32+00:00","description":"Formar a tus empleados nunca ha sido tan f\u00e1cil. Descubre las herramientas y conocimiento experto de Projuice y convi\u00e9rtete t\u00fa mismo en un profesional de la formaci\u00f3n.","breadcrumb":{"@id":"https:\/\/www.projuice-learning.com\/es\/formacion-de-empleados\/#breadcrumb"},"inLanguage":"es","potentialAction":[{"@type":"ReadAction","target":["https:\/\/www.projuice-learning.com\/es\/formacion-de-empleados\/"]}]},{"@type":"BreadcrumbList","@id":"https:\/\/www.projuice-learning.com\/es\/formacion-de-empleados\/#breadcrumb","itemListElement":[{"@type":"ListItem","position":1,"name":"Home","item":"https:\/\/www.projuice-learning.com\/es\/inicio\/"},{"@type":"ListItem","position":2,"name":"Formaci\u00f3n de empleados"}]},{"@type":"WebSite","@id":"https:\/\/www.projuice-learning.com\/#website","url":"https:\/\/www.projuice-learning.com\/","name":"Projuice learning","description":"","potentialAction":[{"@type":"SearchAction","target":{"@type":"EntryPoint","urlTemplate":"https:\/\/www.projuice-learning.com\/?s={search_term_string}"},"query-input":"required name=search_term_string"}],"inLanguage":"es"}]}},"_links":{"self":[{"href":"https:\/\/www.projuice-learning.com\/es\/wp-json\/wp\/v2\/pages\/1412"}],"collection":[{"href":"https:\/\/www.projuice-learning.com\/es\/wp-json\/wp\/v2\/pages"}],"about":[{"href":"https:\/\/www.projuice-learning.com\/es\/wp-json\/wp\/v2\/types\/page"}],"author":[{"embeddable":true,"href":"https:\/\/www.projuice-learning.com\/es\/wp-json\/wp\/v2\/users\/1"}],"replies":[{"embeddable":true,"href":"https:\/\/www.projuice-learning.com\/es\/wp-json\/wp\/v2\/comments?post=1412"}],"version-history":[{"count":2,"href":"https:\/\/www.projuice-learning.com\/es\/wp-json\/wp\/v2\/pages\/1412\/revisions"}],"predecessor-version":[{"id":1844,"href":"https:\/\/www.projuice-learning.com\/es\/wp-json\/wp\/v2\/pages\/1412\/revisions\/1844"}],"wp:featuredmedia":[{"embeddable":true,"href":"https:\/\/www.projuice-learning.com\/es\/wp-json\/wp\/v2\/media\/1414"}],"wp:attachment":[{"href":"https:\/\/www.projuice-learning.com\/es\/wp-json\/wp\/v2\/media?parent=1412"}],"curies":[{"name":"wp","href":"https:\/\/api.w.org\/{rel}","templated":true}]}}