{"id":1234,"date":"2021-03-11T10:12:29","date_gmt":"2021-03-11T09:12:29","guid":{"rendered":"https:\/\/www.projuice-learning.com\/uber-uns\/"},"modified":"2021-03-15T09:21:51","modified_gmt":"2021-03-15T08:21:51","slug":"uber-uns","status":"publish","type":"page","link":"https:\/\/www.projuice-learning.com\/de\/uber-uns\/","title":{"rendered":"\u00dcber uns"},"content":{"rendered":"\n<div class=\"wp-block-columns is-layout-flex wp-container-core-columns-layout-1 wp-block-columns-is-layout-flex\">\n<div class=\"wp-block-column is-layout-flow wp-block-column-is-layout-flow\" style=\"flex-basis:50%\">\n<h2 class=\"wp-block-heading\">Die Idee f\u00fcr Projuice stammt aus der Lebensmittelindustrie<\/h2>\n\n\n\n<p>Um genau zu sein, begann es bei einem Fruchtgetr\u00e4nkehersteller &#8211; daher der Name \u201eProjuice&#8220;. Hier entdeckten wir nicht nur, welchen Einfluss die Leistung der Mitarbeiter auf die Sicherheit am Arbeitsplatz und die Qualit\u00e4t sowie den Fortschritt der Produktion hat, sondern auch, wie schwierig es sein kann, dieses Leistungsniveau strukturiert beizubehalten und weiter zu verbessern. <\/p>\n<\/div>\n\n\n\n<div class=\"wp-block-column col-image is-layout-flow wp-block-column-is-layout-flow\" style=\"flex-basis:50%\" id=\"col-image\">\n<figure class=\"wp-block-image size-large\"><img loading=\"lazy\" decoding=\"async\" width=\"1024\" height=\"680\" src=\"https:\/\/www.projuice-learning.com\/wp-content\/uploads\/2021\/01\/about-00.jpg\" alt=\"\" class=\"wp-image-931\" \/><\/figure><\/div>\n<\/div>\n\n<div class=\"wp-block-columns is-layout-flex wp-container-core-columns-layout-2 wp-block-columns-is-layout-flex\">\n<div class=\"wp-block-column is-layout-flow wp-block-column-is-layout-flow\">\n<figure class=\"wp-block-image size-large\"><img loading=\"lazy\" decoding=\"async\" width=\"1280\" height=\"853\" src=\"https:\/\/www.projuice-learning.com\/wp-content\/uploads\/2021\/01\/about-01.jpg\" alt=\"\" class=\"wp-image-884\" \/><\/figure><\/div>\n\n\n\n<div class=\"wp-block-column is-layout-flow wp-block-column-is-layout-flow\">\n<h3 class=\"wp-block-heading\">Die L\u00f6sung: ein intelligentes Schulungssystem<\/h3>\n\n\n\n<p>Aus diesem Grund entwickelten wir in enger Zusammenarbeit mit Partnern aus der Industrie und anderen Branchen das Schulungssystem Projuice. Eine intelligente L\u00f6sung, die automatisch Einblick in die arbeitsplatzabh\u00e4ngigen Anforderungen und aktuellen F\u00e4higkeiten der Mitarbeiter gew\u00e4hrt und zudem direkt bestimmt, was zum F\u00fcllen eventueller L\u00fccken n\u00f6tig ist. Auch die Weiterentwicklung von Projuice ist Teil unserer Arbeit.<\/p>\n<\/div>\n<\/div>\n\n<div class=\"wp-block-columns is-layout-flex wp-container-core-columns-layout-3 wp-block-columns-is-layout-flex\">\n<div class=\"wp-block-column is-layout-flow wp-block-column-is-layout-flow\">\n<h3 class=\"wp-block-heading\">Auch das macht Projuice einzigartig<\/h3>\n\n\n\n<ul><li>Professionelles Lernen und Testen am Arbeitsplatz<\/li><li>Basierend auf internen aktuellen Qualit\u00e4tsstandards<\/li><li>Sichtbarkeit der Ergebnisse in Echtzeit <\/li><li>Kontinuierliche automatische Aktualisierung der F\u00e4higkeiten in allen anwendbaren Arbeitsplatz\u00fcbersichten<\/li><\/ul><\/div>\n\n\n\n<div class=\"wp-block-column col-image is-layout-flow wp-block-column-is-layout-flow\">\n<figure class=\"wp-block-image size-large\"><img loading=\"lazy\" decoding=\"async\" width=\"1280\" height=\"819\" src=\"https:\/\/www.projuice-learning.com\/wp-content\/uploads\/2021\/01\/about-02.jpg\" alt=\"\" class=\"wp-image-886\" \/><\/figure><\/div>\n<\/div>\n\n<div class=\"wp-block-columns is-layout-flex wp-container-core-columns-layout-5 wp-block-columns-is-layout-flex\">\n<div class=\"wp-block-column is-layout-flow wp-block-column-is-layout-flow\">\n<figure class=\"wp-block-image size-large\"><img loading=\"lazy\" decoding=\"async\" width=\"1280\" height=\"960\" src=\"https:\/\/www.projuice-learning.com\/wp-content\/uploads\/2021\/01\/about-03.jpg\" alt=\"\" class=\"wp-image-888\" \/><\/figure><\/div>\n\n\n\n<div class=\"wp-block-column is-layout-flow wp-block-column-is-layout-flow\">\n<h3 class=\"wp-block-heading\">Was es bringt<\/h3>\n\n\n\n<p>Mittlerweile ist Projuice zahlreichen Organisationen und deren Mitarbeitern ein Begriff. Sie haben die Erfahrung gemacht, dass professionelle Schulungen nicht zwingend kompliziert sein m\u00fcssen. Innerhalb von drei Monaten wurde Projuice implementiert und waren die ersten Ergebnisse sichtbar. <\/p>\n\n\n\n<ul><li>Eine Organisation, die professionell auf alle Fragen eingeht<\/li><li>Effizienzsteigerung aller verf\u00fcgbarer Mittel<\/li><li>Hervorragende Punktzahlen bei Audits <\/li><\/ul>\n\n\n<div class=\"wp-block-columns is-layout-flex wp-container-core-columns-layout-4 wp-block-columns-is-layout-flex\">\n<div class=\"wp-block-column is-layout-flow wp-block-column-is-layout-flow\"><\/div>\n<\/div>\n<\/div>\n<\/div>\n\n<div class=\"wp-block-columns is-layout-flex wp-container-core-columns-layout-6 wp-block-columns-is-layout-flex\">\n<div class=\"wp-block-column is-layout-flow wp-block-column-is-layout-flow\">\n<h2 class=\"wp-block-heading\">Unsere Arbeitsweise<\/h2>\n\n\n\n<p>Wir sind kontinuierlich mit der Weiterentwicklung unserer Schulungssoftware und Dienstleistungen besch\u00e4ftigt. Unsere Arbeit basiert auf f\u00fcnf Fachgebieten.<\/p>\n<\/div>\n\n\n\n<div class=\"wp-block-column is-layout-flow wp-block-column-is-layout-flow\"><\/div>\n<\/div>\n\n<div class=\"wp-block-columns is-layout-flex wp-container-core-columns-layout-7 wp-block-columns-is-layout-flex\">\n<div class=\"wp-block-column is-layout-flow wp-block-column-is-layout-flow\">\n<figure class=\"wp-block-image size-large\"><img loading=\"lazy\" decoding=\"async\" width=\"120\" height=\"120\" src=\"https:\/\/www.projuice-learning.com\/wp-content\/uploads\/2021\/01\/about-icon-1.jpg\" alt=\"\" class=\"wp-image-897\" \/><\/figure>\n\n\n<h4 class=\"wp-block-heading\">Ihre Praxis<\/h4>\n\n\n\n<p>Wir k\u00f6nnen uns kurz fassen: Bei der Weiterentwicklung von Projuice erf\u00fcllen wir die Bed\u00fcrfnisse unserer Kunden. Um herauszufinden, worin diese liegen, suchen wir h\u00e4ufig das Gespr\u00e4ch mit Fachreferenten am Arbeitsplatz. <\/p>\n<\/div>\n\n\n\n<div class=\"wp-block-column is-layout-flow wp-block-column-is-layout-flow\">\n<figure class=\"wp-block-image size-large\"><img loading=\"lazy\" decoding=\"async\" width=\"120\" height=\"120\" src=\"https:\/\/www.projuice-learning.com\/wp-content\/uploads\/2021\/01\/about-icon-2.jpg\" alt=\"\" class=\"wp-image-901\" \/><\/figure>\n\n\n<h4 class=\"wp-block-heading\">Schulungsp\u00e4dagogik<\/h4>\n\n\n\n<p>Projuice Learning beruht auf schulungsp\u00e4dagogischen Erfahrungen, was in hochwirksamen, auf den neuesten Erkenntnissen basierenden Schulungswerkzeugen resultiert. Au\u00dferdem bieten wir Ihnen die entsprechende Unterst\u00fctzung und Begleitung zur weiteren Professionalisierung Ihrer Schulungsorganisation und Schulungen.<\/p>\n<\/div>\n\n\n\n<div class=\"wp-block-column is-layout-flow wp-block-column-is-layout-flow\">\n<figure class=\"wp-block-image size-large\"><img loading=\"lazy\" decoding=\"async\" width=\"120\" height=\"120\" src=\"https:\/\/www.projuice-learning.com\/wp-content\/uploads\/2021\/01\/about-icon-3.jpg\" alt=\"\" class=\"wp-image-903\" \/><\/figure>\n\n\n<h4 class=\"wp-block-heading\">Schnittstellendesign<\/h4>\n\n\n\n<p>Optimale Benutzererfahrung ist Teil eines professionellen Schulungssystems. Dank unserer eigenen Interaktionsdesigner k\u00f6nnen Sie sich auf das benutzerfreundlichste System verlassen. <\/p>\n<\/div>\n<\/div>\n\n<div class=\"wp-block-columns is-layout-flex wp-container-core-columns-layout-8 wp-block-columns-is-layout-flex\">\n<div class=\"wp-block-column is-layout-flow wp-block-column-is-layout-flow\">\n<figure class=\"wp-block-image size-large\"><img loading=\"lazy\" decoding=\"async\" width=\"120\" height=\"120\" src=\"https:\/\/www.projuice-learning.com\/wp-content\/uploads\/2021\/01\/about-icon-4.jpg\" alt=\"\" class=\"wp-image-905\" \/><\/figure>\n\n\n<h4 class=\"wp-block-heading\">Softwarearchitektur<\/h4>\n\n\n\n<p>Keine Zugest\u00e4ndnisse: unser Ausgangspunkt ist immer die intelligente Architektur. Diese bildet eine solide Basis f\u00fcr die interne Weiterentwicklung der Software und garantiert Stabilit\u00e4t, Geschwindigkeit und Genauigkeit. &#013;\n<\/p>\n<\/div>\n\n\n\n<div class=\"wp-block-column is-layout-flow wp-block-column-is-layout-flow\">\n<figure class=\"wp-block-image size-large\"><img loading=\"lazy\" decoding=\"async\" width=\"120\" height=\"120\" src=\"https:\/\/www.projuice-learning.com\/wp-content\/uploads\/2021\/01\/about-icon-5.jpg\" alt=\"\" class=\"wp-image-907\" \/><\/figure>\n\n\n<h4 class=\"wp-block-heading\">Sicherheit<\/h4>\n\n\n\n<p>Die Projuice-Software ist sicher. F\u00fcr uns ist die sicherheitsbewusste Softwareentwicklung ein kontinuierlicher Prozess, der ein zuverl\u00e4ssiges und unbestechliches System und eine sichere Datenablage garantiert.<\/p>\n<\/div>\n\n\n\n<div class=\"wp-block-column is-layout-flow wp-block-column-is-layout-flow\"><\/div>\n<\/div>\n\n<div style=\"height:60px\" aria-hidden=\"true\" class=\"wp-block-spacer\"><\/div>\n\n<div class=\"wp-block-columns is-layout-flex wp-container-core-columns-layout-9 wp-block-columns-is-layout-flex\">\n<div class=\"wp-block-column is-layout-flow wp-block-column-is-layout-flow\">\n<h3 class=\"wp-block-heading\">Arbeiten bei<\/h3>\n\n\n\n<p>Sie haben Erfahrung als P\u00e4dagoge oder Softwareentwickler, sind unternehmerisch, kommunikativ und beratungskompetent? Sie interessieren sich f\u00fcr Lernen und Entwicklung und \/ oder benutzerfreundliche Softwareentwicklung und m\u00f6chten die beste L\u00f6sung f\u00fcr unsere Kunden realisieren? Auch wenn wir derzeit keine offenen Stellen haben, w\u00fcrden wir uns trotzdem freuen, Sie kennenzulernen! <\/p>\n<\/div>\n\n\n\n<div class=\"wp-block-column is-layout-flow wp-block-column-is-layout-flow\"><\/div>\n<\/div>\n","protected":false},"excerpt":{"rendered":"<p>Die Idee f\u00fcr Projuice stammt aus der Lebensmittelindustrie Um genau zu sein, begann es bei einem Fruchtgetr\u00e4nkehersteller &#8211; daher der &hellip;<\/p>\n","protected":false},"author":1,"featured_media":1236,"parent":0,"menu_order":0,"comment_status":"closed","ping_status":"closed","template":"","meta":{"footnotes":""},"acf":[],"yoast_head":"<!-- This site is optimized with the Yoast SEO plugin v21.6 - https:\/\/yoast.com\/wordpress\/plugins\/seo\/ -->\n<title>Professionelle Mitarbeiterschulungen - Projuice learning<\/title>\n<meta name=\"description\" content=\"Dank der intelligenten Schulungstools und der Trainingssoftware von Projuice ist die Durchf\u00fchrung interner Schulungen einfacher als je zuvor. Sowohl digital als auch am Arbeitsplatz.\" \/>\n<meta name=\"robots\" content=\"index, follow, max-snippet:-1, max-image-preview:large, max-video-preview:-1\" \/>\n<link rel=\"canonical\" href=\"https:\/\/www.projuice-learning.com\/de\/uber-uns\/\" \/>\n<meta property=\"og:locale\" content=\"de_DE\" \/>\n<meta property=\"og:type\" content=\"article\" \/>\n<meta property=\"og:title\" content=\"Professionelle Mitarbeiterschulungen - Projuice learning\" \/>\n<meta property=\"og:description\" content=\"Dank der intelligenten Schulungstools und der Trainingssoftware von Projuice ist die Durchf\u00fchrung interner Schulungen einfacher als je zuvor. Sowohl digital als auch am Arbeitsplatz.\" \/>\n<meta property=\"og:url\" content=\"https:\/\/www.projuice-learning.com\/de\/uber-uns\/\" \/>\n<meta property=\"og:site_name\" content=\"Projuice learning\" \/>\n<meta property=\"article:modified_time\" content=\"2021-03-15T08:21:51+00:00\" \/>\n<meta property=\"og:image\" content=\"https:\/\/www.projuice-learning.com\/wp-content\/uploads\/2020\/12\/about-hero-background.png\" \/>\n\t<meta property=\"og:image:width\" content=\"1920\" \/>\n\t<meta property=\"og:image:height\" content=\"1282\" \/>\n\t<meta property=\"og:image:type\" content=\"image\/png\" \/>\n<meta name=\"twitter:card\" content=\"summary_large_image\" \/>\n<meta name=\"twitter:label1\" content=\"Gesch\u00e4tzte Lesezeit\" \/>\n\t<meta name=\"twitter:data1\" content=\"2\u00a0Minuten\" \/>\n<script type=\"application\/ld+json\" class=\"yoast-schema-graph\">{\"@context\":\"https:\/\/schema.org\",\"@graph\":[{\"@type\":\"WebPage\",\"@id\":\"https:\/\/www.projuice-learning.com\/de\/uber-uns\/\",\"url\":\"https:\/\/www.projuice-learning.com\/de\/uber-uns\/\",\"name\":\"Professionelle Mitarbeiterschulungen - Projuice learning\",\"isPartOf\":{\"@id\":\"https:\/\/www.projuice-learning.com\/#website\"},\"datePublished\":\"2021-03-11T09:12:29+00:00\",\"dateModified\":\"2021-03-15T08:21:51+00:00\",\"description\":\"Dank der intelligenten Schulungstools und der Trainingssoftware von Projuice ist die Durchf\u00fchrung interner Schulungen einfacher als je zuvor. Sowohl digital als auch am Arbeitsplatz.\",\"breadcrumb\":{\"@id\":\"https:\/\/www.projuice-learning.com\/de\/uber-uns\/#breadcrumb\"},\"inLanguage\":\"de\",\"potentialAction\":[{\"@type\":\"ReadAction\",\"target\":[\"https:\/\/www.projuice-learning.com\/de\/uber-uns\/\"]}]},{\"@type\":\"BreadcrumbList\",\"@id\":\"https:\/\/www.projuice-learning.com\/de\/uber-uns\/#breadcrumb\",\"itemListElement\":[{\"@type\":\"ListItem\",\"position\":1,\"name\":\"Home\",\"item\":\"https:\/\/www.projuice-learning.com\/de\/startseite\/\"},{\"@type\":\"ListItem\",\"position\":2,\"name\":\"\u00dcber uns\"}]},{\"@type\":\"WebSite\",\"@id\":\"https:\/\/www.projuice-learning.com\/#website\",\"url\":\"https:\/\/www.projuice-learning.com\/\",\"name\":\"Projuice learning\",\"description\":\"\",\"potentialAction\":[{\"@type\":\"SearchAction\",\"target\":{\"@type\":\"EntryPoint\",\"urlTemplate\":\"https:\/\/www.projuice-learning.com\/?s={search_term_string}\"},\"query-input\":\"required name=search_term_string\"}],\"inLanguage\":\"de\"}]}<\/script>\n<!-- \/ Yoast SEO plugin. -->","yoast_head_json":{"title":"Professionelle Mitarbeiterschulungen - Projuice learning","description":"Dank der intelligenten Schulungstools und der Trainingssoftware von Projuice ist die Durchf\u00fchrung interner Schulungen einfacher als je zuvor. Sowohl digital als auch am Arbeitsplatz.","robots":{"index":"index","follow":"follow","max-snippet":"max-snippet:-1","max-image-preview":"max-image-preview:large","max-video-preview":"max-video-preview:-1"},"canonical":"https:\/\/www.projuice-learning.com\/de\/uber-uns\/","og_locale":"de_DE","og_type":"article","og_title":"Professionelle Mitarbeiterschulungen - Projuice learning","og_description":"Dank der intelligenten Schulungstools und der Trainingssoftware von Projuice ist die Durchf\u00fchrung interner Schulungen einfacher als je zuvor. Sowohl digital als auch am Arbeitsplatz.","og_url":"https:\/\/www.projuice-learning.com\/de\/uber-uns\/","og_site_name":"Projuice learning","article_modified_time":"2021-03-15T08:21:51+00:00","og_image":[{"width":1920,"height":1282,"url":"https:\/\/www.projuice-learning.com\/wp-content\/uploads\/2020\/12\/about-hero-background.png","type":"image\/png"}],"twitter_card":"summary_large_image","twitter_misc":{"Gesch\u00e4tzte Lesezeit":"2\u00a0Minuten"},"schema":{"@context":"https:\/\/schema.org","@graph":[{"@type":"WebPage","@id":"https:\/\/www.projuice-learning.com\/de\/uber-uns\/","url":"https:\/\/www.projuice-learning.com\/de\/uber-uns\/","name":"Professionelle Mitarbeiterschulungen - Projuice learning","isPartOf":{"@id":"https:\/\/www.projuice-learning.com\/#website"},"datePublished":"2021-03-11T09:12:29+00:00","dateModified":"2021-03-15T08:21:51+00:00","description":"Dank der intelligenten Schulungstools und der Trainingssoftware von Projuice ist die Durchf\u00fchrung interner Schulungen einfacher als je zuvor. Sowohl digital als auch am Arbeitsplatz.","breadcrumb":{"@id":"https:\/\/www.projuice-learning.com\/de\/uber-uns\/#breadcrumb"},"inLanguage":"de","potentialAction":[{"@type":"ReadAction","target":["https:\/\/www.projuice-learning.com\/de\/uber-uns\/"]}]},{"@type":"BreadcrumbList","@id":"https:\/\/www.projuice-learning.com\/de\/uber-uns\/#breadcrumb","itemListElement":[{"@type":"ListItem","position":1,"name":"Home","item":"https:\/\/www.projuice-learning.com\/de\/startseite\/"},{"@type":"ListItem","position":2,"name":"\u00dcber uns"}]},{"@type":"WebSite","@id":"https:\/\/www.projuice-learning.com\/#website","url":"https:\/\/www.projuice-learning.com\/","name":"Projuice learning","description":"","potentialAction":[{"@type":"SearchAction","target":{"@type":"EntryPoint","urlTemplate":"https:\/\/www.projuice-learning.com\/?s={search_term_string}"},"query-input":"required name=search_term_string"}],"inLanguage":"de"}]}},"_links":{"self":[{"href":"https:\/\/www.projuice-learning.com\/de\/wp-json\/wp\/v2\/pages\/1234"}],"collection":[{"href":"https:\/\/www.projuice-learning.com\/de\/wp-json\/wp\/v2\/pages"}],"about":[{"href":"https:\/\/www.projuice-learning.com\/de\/wp-json\/wp\/v2\/types\/page"}],"author":[{"embeddable":true,"href":"https:\/\/www.projuice-learning.com\/de\/wp-json\/wp\/v2\/users\/1"}],"replies":[{"embeddable":true,"href":"https:\/\/www.projuice-learning.com\/de\/wp-json\/wp\/v2\/comments?post=1234"}],"version-history":[{"count":17,"href":"https:\/\/www.projuice-learning.com\/de\/wp-json\/wp\/v2\/pages\/1234\/revisions"}],"predecessor-version":[{"id":1472,"href":"https:\/\/www.projuice-learning.com\/de\/wp-json\/wp\/v2\/pages\/1234\/revisions\/1472"}],"wp:featuredmedia":[{"embeddable":true,"href":"https:\/\/www.projuice-learning.com\/de\/wp-json\/wp\/v2\/media\/1236"}],"wp:attachment":[{"href":"https:\/\/www.projuice-learning.com\/de\/wp-json\/wp\/v2\/media?parent=1234"}],"curies":[{"name":"wp","href":"https:\/\/api.w.org\/{rel}","templated":true}]}}