{"id":1226,"date":"2021-03-11T09:32:02","date_gmt":"2021-03-11T08:32:02","guid":{"rendered":"https:\/\/www.projuice-learning.com\/mitarbeiterschulung\/"},"modified":"2021-03-24T11:20:41","modified_gmt":"2021-03-24T10:20:41","slug":"mitarbeiterschulung","status":"publish","type":"page","link":"https:\/\/www.projuice-learning.com\/de\/mitarbeiterschulung\/","title":{"rendered":"Mitarbeiterschulungen"},"content":{"rendered":"\n<div class=\"wp-block-columns is-layout-flex wp-container-core-columns-layout-1 wp-block-columns-is-layout-flex\">\n<div class=\"wp-block-column is-layout-flow wp-block-column-is-layout-flow\" style=\"flex-basis:50%\">\n<h2 class=\"wp-block-heading\">Mitarbeiterschulungen mit Projuice<\/h2>\n\n\n\n<p>Der erste Schritt ist die Erkenntnis, dass eine Umgestaltung der Schulungsorganisation sinnvoll ist. Aber wo soll man beginnen? Was funktioniert f\u00fcr Ihre Organisation und was nicht? Und wie realisieren Sie das? Projuice zeigt Ihnen den Weg und legt gemeinsam mit Ihnen den Grundstein f\u00fcr eine zukunftssichere Schulungsplattform. <\/p>\n<\/div>\n\n\n\n<div class=\"wp-block-column is-layout-flow wp-block-column-is-layout-flow\" style=\"flex-basis:33.33%\"><\/div>\n<\/div>\n\n\n\n<div class=\"wp-block-columns is-layout-flex wp-container-core-columns-layout-2 wp-block-columns-is-layout-flex\">\n<div class=\"wp-block-column is-layout-flow wp-block-column-is-layout-flow\">\n<figure class=\"wp-block-image size-large\"><img loading=\"lazy\" decoding=\"async\" width=\"1024\" height=\"680\" src=\"https:\/\/www.projuice-learning.com\/wp-content\/uploads\/2021\/01\/training-employees-01.jpg\" alt=\"\" class=\"wp-image-655\"\/><\/figure>\n<\/div>\n\n\n\n<div class=\"wp-block-column is-layout-flow wp-block-column-is-layout-flow\">\n<h3 class=\"wp-block-heading\">Beratung zur Schulung am Arbeitsplatz <\/h3>\n\n\n\n<p>Kontaktieren Sie uns, wenn Sie Ratschl\u00e4ge zur Schulung am Arbeitsplatz und zu allen damit zusammenh\u00e4ngenden Themen ben\u00f6tigen. Denken Sie beispielsweise an: <\/p>\n\n\n\n<ul><li>Einrichtung der Schulungsorganisation inklusiv aller Rollen und Aufgaben<\/li><li>Schulung der Mitarbeiter hinsichtlich der Erf\u00fcllung ihrer neuen Schulungsaufgaben<\/li><li>Eine Skillmatrix<\/li><li>Entwicklung interner Schulungen<\/li><li>Optimierung von Protokollen, Prozeduren und Arbeitsanweisungen (und deren Nutzung)<\/li><\/ul>\n<\/div>\n<\/div>\n\n\n\n<div class=\"wp-block-columns is-layout-flex wp-container-core-columns-layout-3 wp-block-columns-is-layout-flex\">\n<div class=\"wp-block-column is-layout-flow wp-block-column-is-layout-flow\">\n<h3 class=\"wp-block-heading\">Die ersten Ergebnisse zeigen sich innerhalb von drei Monaten<\/h3>\n\n\n\n<p>Arbeitet Ihr Unternehmen zum ersten Mal mit unserem Schulungssystem? Dann begleiten wir die Implementierung von A bis Z. Innerhalb von drei Monaten ist die Einrichtung des Grundsystems abgeschlossen, sind die Mitarbeiter in der Lage ihre Schulungsrollen und &#8211; aufgaben auszuf\u00fchren, finden die ersten Schulungen statt und sehen Sie die ersten Ergebnisse in der Skillmatrix.<\/p>\n<\/div>\n\n\n\n<div class=\"wp-block-column col-image is-layout-flow wp-block-column-is-layout-flow\">\n<figure class=\"wp-block-image size-large\"><img loading=\"lazy\" decoding=\"async\" width=\"1280\" height=\"980\" src=\"https:\/\/www.projuice-learning.com\/wp-content\/uploads\/2021\/01\/training-employees-02.jpg\" alt=\"\" class=\"wp-image-748\"\/><\/figure>\n<\/div>\n<\/div>\n\n\n\n<div class=\"wp-block-columns is-layout-flex wp-container-core-columns-layout-4 wp-block-columns-is-layout-flex\">\n<div class=\"wp-block-column is-layout-flow wp-block-column-is-layout-flow\">\n<figure class=\"wp-block-image size-large\"><img loading=\"lazy\" decoding=\"async\" width=\"1280\" height=\"960\" src=\"https:\/\/www.projuice-learning.com\/wp-content\/uploads\/2021\/01\/training-employees-03.jpg\" alt=\"\" class=\"wp-image-750\"\/><\/figure>\n<\/div>\n\n\n\n<div class=\"wp-block-column is-layout-flow wp-block-column-is-layout-flow\">\n<h3 class=\"wp-block-heading\">Schulung im Umgang mit Lehrgangswerkzeugen<\/h3>\n\n\n\n<p>Wenn Sie unsere <a href=\"https:\/\/www.projuice-learning.com\/de\/schulungssoftware\/\">Lehrgangswerkzeuge<\/a> erwerben, stellen wir sicher, dass Ihre Mitarbeiter den korrekten Umgang mit diesen erlernen. Bei Workshops vor Ort lernen die Koordinatoren mit Hilfe eines kurzen E-Learning-Programms in kurzer Zeit die Grundlagen dieser Tools.<\/p>\n<\/div>\n<\/div>\n\n\n\n<div class=\"wp-block-columns is-layout-flex wp-container-core-columns-layout-5 wp-block-columns-is-layout-flex\">\n<div class=\"wp-block-column is-layout-flow wp-block-column-is-layout-flow\">\n<h3 class=\"wp-block-heading\">Entwicklung von Schulungen am Arbeitsplatz<\/h3>\n\n\n\n<p>Die Software van Projuice erm\u00f6glicht Ihnen die interne Entwicklung aller E-Learning-Programme und Schulungen am Arbeitsplatz. Dank der hohen Nutzerfreundlichkeit ist die Entwicklungszeit der Schulungen gegen\u00fcber anderen Systemen um 80%(!) reduziert. M\u00f6chten Sie Andere mit der Entwicklung beauftragen? Dann \u00fcbernehmen unsere erfahrenen Spezialisten diese Aufgabe gern.<\/p>\n<\/div>\n\n\n\n<div class=\"wp-block-column col-image is-layout-flow wp-block-column-is-layout-flow\">\n<figure class=\"wp-block-image size-large\"><img loading=\"lazy\" decoding=\"async\" width=\"1280\" height=\"980\" src=\"https:\/\/www.projuice-learning.com\/wp-content\/uploads\/2021\/01\/training-employees-04.jpg\" alt=\"\" class=\"wp-image-860\"\/><\/figure>\n<\/div>\n<\/div>\n","protected":false},"excerpt":{"rendered":"<p>Mitarbeiterschulungen mit Projuice Der erste Schritt ist die Erkenntnis, dass eine Umgestaltung der Schulungsorganisation sinnvoll ist. Aber wo soll man &hellip;<\/p>\n","protected":false},"author":1,"featured_media":1228,"parent":0,"menu_order":0,"comment_status":"closed","ping_status":"closed","template":"","meta":{"footnotes":""},"acf":[],"yoast_head":"<!-- This site is optimized with the Yoast SEO plugin v21.6 - https:\/\/yoast.com\/wordpress\/plugins\/seo\/ -->\n<title>Schulen Sie Ihre Mitarbeiter professionell - Projuice learning<\/title>\n<meta name=\"description\" content=\"Die Schulung der Mitarbeiter war noch nie so einfach. Entdecken Sie die Tools von Projuice und werden Sie selbst zum Schulungsexperten.\" \/>\n<meta name=\"robots\" content=\"index, follow, max-snippet:-1, max-image-preview:large, max-video-preview:-1\" \/>\n<link rel=\"canonical\" href=\"https:\/\/www.projuice-learning.com\/de\/mitarbeiterschulung\/\" \/>\n<meta property=\"og:locale\" content=\"de_DE\" \/>\n<meta property=\"og:type\" content=\"article\" \/>\n<meta property=\"og:title\" content=\"Schulen Sie Ihre Mitarbeiter professionell - Projuice learning\" \/>\n<meta property=\"og:description\" content=\"Die Schulung der Mitarbeiter war noch nie so einfach. Entdecken Sie die Tools von Projuice und werden Sie selbst zum Schulungsexperten.\" \/>\n<meta property=\"og:url\" content=\"https:\/\/www.projuice-learning.com\/de\/mitarbeiterschulung\/\" \/>\n<meta property=\"og:site_name\" content=\"Projuice learning\" \/>\n<meta property=\"article:modified_time\" content=\"2021-03-24T10:20:41+00:00\" \/>\n<meta property=\"og:image\" content=\"https:\/\/www.projuice-learning.com\/wp-content\/uploads\/2021\/01\/training-employees-hero-background.jpg\" \/>\n\t<meta property=\"og:image:width\" content=\"1920\" \/>\n\t<meta property=\"og:image:height\" content=\"920\" \/>\n\t<meta property=\"og:image:type\" content=\"image\/jpeg\" \/>\n<meta name=\"twitter:card\" content=\"summary_large_image\" \/>\n<meta name=\"twitter:label1\" content=\"Gesch\u00e4tzte Lesezeit\" \/>\n\t<meta name=\"twitter:data1\" content=\"2\u00a0Minuten\" \/>\n<script type=\"application\/ld+json\" class=\"yoast-schema-graph\">{\"@context\":\"https:\/\/schema.org\",\"@graph\":[{\"@type\":\"WebPage\",\"@id\":\"https:\/\/www.projuice-learning.com\/de\/mitarbeiterschulung\/\",\"url\":\"https:\/\/www.projuice-learning.com\/de\/mitarbeiterschulung\/\",\"name\":\"Schulen Sie Ihre Mitarbeiter professionell - Projuice learning\",\"isPartOf\":{\"@id\":\"https:\/\/www.projuice-learning.com\/#website\"},\"datePublished\":\"2021-03-11T08:32:02+00:00\",\"dateModified\":\"2021-03-24T10:20:41+00:00\",\"description\":\"Die Schulung der Mitarbeiter war noch nie so einfach. Entdecken Sie die Tools von Projuice und werden Sie selbst zum Schulungsexperten.\",\"breadcrumb\":{\"@id\":\"https:\/\/www.projuice-learning.com\/de\/mitarbeiterschulung\/#breadcrumb\"},\"inLanguage\":\"de\",\"potentialAction\":[{\"@type\":\"ReadAction\",\"target\":[\"https:\/\/www.projuice-learning.com\/de\/mitarbeiterschulung\/\"]}]},{\"@type\":\"BreadcrumbList\",\"@id\":\"https:\/\/www.projuice-learning.com\/de\/mitarbeiterschulung\/#breadcrumb\",\"itemListElement\":[{\"@type\":\"ListItem\",\"position\":1,\"name\":\"Home\",\"item\":\"https:\/\/www.projuice-learning.com\/de\/startseite\/\"},{\"@type\":\"ListItem\",\"position\":2,\"name\":\"Mitarbeiterschulungen\"}]},{\"@type\":\"WebSite\",\"@id\":\"https:\/\/www.projuice-learning.com\/#website\",\"url\":\"https:\/\/www.projuice-learning.com\/\",\"name\":\"Projuice learning\",\"description\":\"\",\"potentialAction\":[{\"@type\":\"SearchAction\",\"target\":{\"@type\":\"EntryPoint\",\"urlTemplate\":\"https:\/\/www.projuice-learning.com\/?s={search_term_string}\"},\"query-input\":\"required name=search_term_string\"}],\"inLanguage\":\"de\"}]}<\/script>\n<!-- \/ Yoast SEO plugin. -->","yoast_head_json":{"title":"Schulen Sie Ihre Mitarbeiter professionell - Projuice learning","description":"Die Schulung der Mitarbeiter war noch nie so einfach. Entdecken Sie die Tools von Projuice und werden Sie selbst zum Schulungsexperten.","robots":{"index":"index","follow":"follow","max-snippet":"max-snippet:-1","max-image-preview":"max-image-preview:large","max-video-preview":"max-video-preview:-1"},"canonical":"https:\/\/www.projuice-learning.com\/de\/mitarbeiterschulung\/","og_locale":"de_DE","og_type":"article","og_title":"Schulen Sie Ihre Mitarbeiter professionell - Projuice learning","og_description":"Die Schulung der Mitarbeiter war noch nie so einfach. Entdecken Sie die Tools von Projuice und werden Sie selbst zum Schulungsexperten.","og_url":"https:\/\/www.projuice-learning.com\/de\/mitarbeiterschulung\/","og_site_name":"Projuice learning","article_modified_time":"2021-03-24T10:20:41+00:00","og_image":[{"width":1920,"height":920,"url":"https:\/\/www.projuice-learning.com\/wp-content\/uploads\/2021\/01\/training-employees-hero-background.jpg","type":"image\/jpeg"}],"twitter_card":"summary_large_image","twitter_misc":{"Gesch\u00e4tzte Lesezeit":"2\u00a0Minuten"},"schema":{"@context":"https:\/\/schema.org","@graph":[{"@type":"WebPage","@id":"https:\/\/www.projuice-learning.com\/de\/mitarbeiterschulung\/","url":"https:\/\/www.projuice-learning.com\/de\/mitarbeiterschulung\/","name":"Schulen Sie Ihre Mitarbeiter professionell - Projuice learning","isPartOf":{"@id":"https:\/\/www.projuice-learning.com\/#website"},"datePublished":"2021-03-11T08:32:02+00:00","dateModified":"2021-03-24T10:20:41+00:00","description":"Die Schulung der Mitarbeiter war noch nie so einfach. Entdecken Sie die Tools von Projuice und werden Sie selbst zum Schulungsexperten.","breadcrumb":{"@id":"https:\/\/www.projuice-learning.com\/de\/mitarbeiterschulung\/#breadcrumb"},"inLanguage":"de","potentialAction":[{"@type":"ReadAction","target":["https:\/\/www.projuice-learning.com\/de\/mitarbeiterschulung\/"]}]},{"@type":"BreadcrumbList","@id":"https:\/\/www.projuice-learning.com\/de\/mitarbeiterschulung\/#breadcrumb","itemListElement":[{"@type":"ListItem","position":1,"name":"Home","item":"https:\/\/www.projuice-learning.com\/de\/startseite\/"},{"@type":"ListItem","position":2,"name":"Mitarbeiterschulungen"}]},{"@type":"WebSite","@id":"https:\/\/www.projuice-learning.com\/#website","url":"https:\/\/www.projuice-learning.com\/","name":"Projuice learning","description":"","potentialAction":[{"@type":"SearchAction","target":{"@type":"EntryPoint","urlTemplate":"https:\/\/www.projuice-learning.com\/?s={search_term_string}"},"query-input":"required name=search_term_string"}],"inLanguage":"de"}]}},"_links":{"self":[{"href":"https:\/\/www.projuice-learning.com\/de\/wp-json\/wp\/v2\/pages\/1226"}],"collection":[{"href":"https:\/\/www.projuice-learning.com\/de\/wp-json\/wp\/v2\/pages"}],"about":[{"href":"https:\/\/www.projuice-learning.com\/de\/wp-json\/wp\/v2\/types\/page"}],"author":[{"embeddable":true,"href":"https:\/\/www.projuice-learning.com\/de\/wp-json\/wp\/v2\/users\/1"}],"replies":[{"embeddable":true,"href":"https:\/\/www.projuice-learning.com\/de\/wp-json\/wp\/v2\/comments?post=1226"}],"version-history":[{"count":14,"href":"https:\/\/www.projuice-learning.com\/de\/wp-json\/wp\/v2\/pages\/1226\/revisions"}],"predecessor-version":[{"id":1839,"href":"https:\/\/www.projuice-learning.com\/de\/wp-json\/wp\/v2\/pages\/1226\/revisions\/1839"}],"wp:featuredmedia":[{"embeddable":true,"href":"https:\/\/www.projuice-learning.com\/de\/wp-json\/wp\/v2\/media\/1228"}],"wp:attachment":[{"href":"https:\/\/www.projuice-learning.com\/de\/wp-json\/wp\/v2\/media?parent=1226"}],"curies":[{"name":"wp","href":"https:\/\/api.w.org\/{rel}","templated":true}]}}